{"id":51875,"date":"2023-11-30T11:04:10","date_gmt":"2023-11-30T16:04:10","guid":{"rendered":"http:\/\/wp-pgs-equipements-adrien-phaneuf.elidevapp1aws.elisys-servers.ca\/product\/116-farmall-560-narrow-front-zfn44310\/"},"modified":"2025-09-30T06:07:03","modified_gmt":"2025-09-30T10:07:03","slug":"116-farmall-560-narrow-front-zfn44310","status":"publish","type":"product","link":"http:\/\/wp-pgs-equipements-adrien-phaneuf.elidevapp1aws.elisys-servers.ca\/en\/product\/116-farmall-560-narrow-front-zfn44310\/","title":{"rendered":"1:16 Farmall 560 Narrow Front (ZFN44310)"},"content":{"rendered":"<p>Produit de 1958 \u00e0 1963, le Farmall 560 \u00e9tait \u00e0 l&#8217;\u00e9poque le plus gros tracteur pour cultures en lignes de la gamme Farmall.<br \/>\n* Fait partie de la collection Prestige d&#8217;ERTL<br \/>\n* Attelage \u00e0 barre d&#8217;attelage<br \/>\n* Station ouverte d\u00e9taill\u00e9e<br \/>\n* Masses avant<br \/>\n* Dimensions approximatives\u00a0: 9 po de longueur x 6,25 po de largeur x 6,25 po de hauteur<br \/>\n* \u00c2ge : 14+<\/p>\n","protected":false},"excerpt":{"rendered":"<p>Produit de 1958 \u00e0 1963, le Farmall 560 \u00e9tait \u00e0 l&#8217;\u00e9poque le plus gros tracteur pour cultures en lignes de la gamme Farmall. * Fait partie de la collection Prestige d&#8217;ERTL * Attelage \u00e0 barre d&#8217;attelage * Station ouverte d\u00e9taill\u00e9e * Masses avant * Dimensions approximatives\u00a0: 9 po de longueur x 6,25 po de largeur &hellip; <a href=\"http:\/\/wp-pgs-equipements-adrien-phaneuf.elidevapp1aws.elisys-servers.ca\/en\/product\/116-farmall-560-narrow-front-zfn44310\/\">Continued<\/a><\/p>\n","protected":false},"featured_media":51872,"template":"","meta":[],"product-sub-category":[375],"brand":[],"product-third-category":[],"acf":{"product_stock_stematine":"1"},"_links":{"self":[{"href":"http:\/\/wp-pgs-equipements-adrien-phaneuf.elidevapp1aws.elisys-servers.ca\/en\/wp-json\/wp\/v2\/product\/51875"}],"collection":[{"href":"http:\/\/wp-pgs-equipements-adrien-phaneuf.elidevapp1aws.elisys-servers.ca\/en\/wp-json\/wp\/v2\/product"}],"about":[{"href":"http:\/\/wp-pgs-equipements-adrien-phaneuf.elidevapp1aws.elisys-servers.ca\/en\/wp-json\/wp\/v2\/types\/product"}],"wp:featuredmedia":[{"embeddable":true,"href":"http:\/\/wp-pgs-equipements-adrien-phaneuf.elidevapp1aws.elisys-servers.ca\/en\/wp-json\/wp\/v2\/media\/51872"}],"wp:attachment":[{"href":"http:\/\/wp-pgs-equipements-adrien-phaneuf.elidevapp1aws.elisys-servers.ca\/en\/wp-json\/wp\/v2\/media?parent=51875"}],"wp:term":[{"taxonomy":"product-sub-category","embeddable":true,"href":"http:\/\/wp-pgs-equipements-adrien-phaneuf.elidevapp1aws.elisys-servers.ca\/en\/wp-json\/wp\/v2\/product-sub-category?post=51875"},{"taxonomy":"brand","embeddable":true,"href":"http:\/\/wp-pgs-equipements-adrien-phaneuf.elidevapp1aws.elisys-servers.ca\/en\/wp-json\/wp\/v2\/brand?post=51875"},{"taxonomy":"product-third-category","embeddable":true,"href":"http:\/\/wp-pgs-equipements-adrien-phaneuf.elidevapp1aws.elisys-servers.ca\/en\/wp-json\/wp\/v2\/product-third-category?post=51875"}],"curies":[{"name":"wp","href":"https:\/\/api.w.org\/{rel}","templated":true}]}}