{"id":297,"date":"2017-11-09T15:00:22","date_gmt":"2017-11-09T15:00:22","guid":{"rendered":"http:\/\/wp-master-powergo.eliappwordpress1sto.elisys-servers.ca\/?page_id=297"},"modified":"2023-06-20T14:07:24","modified_gmt":"2023-06-20T18:07:24","slug":"programme-privileges","status":"publish","type":"page","link":"http:\/\/wp-pgs-equipements-adrien-phaneuf.elidevapp1aws.elisys-servers.ca\/fr\/programme-privileges\/","title":{"rendered":"Avantage Rouge"},"content":{"rendered":"<p>Pour vous remercier de votre confiance envers nous, Phaneuf - \u00c9quipements Agricoles  vous offre une nouvelle fa\u00e7on de faire des \u00e9conomies.<\/p>\n<div class=\"hidden\" data-loyalty-loggedin-remove=\"hidden\">\n<div class=\"hidden\" data-loyalty-loggedin-remove=\"hidden\">\n  <div class=\"loyalaction-feat-stats\">\n    <ul>\n      <li class=\"balance\">\n        <div class=\"icon\"><\/div>\n        <p>Vous avez\u00a0: <span data-loyalty-placeholder=\"balanceLabel\" class=\"value counter\">&nbsp;<\/span><\/p>\n      <\/li>\n      <li class=\"money\">\n        <div class=\"icon\"><\/div>\n        <p>Une valeur de\u00a0: <span data-loyalty-placeholder=\"balanceValueLabel\" class=\"value counter\">&nbsp;<\/span><\/p>\n      <\/li>\n      <li class=\"transactions\">\n        <div class=\"icon\"><\/div>\n        <p>Vous avez effectu\u00e9\u00a0: <span class=\"value counter\">0<\/span> transactions<\/p>\n      <\/li>\n    <\/ul>\n  <\/div>\n<\/div>\n<br \/>\n\n<div class=\"hidden\" data-loyalty-loggedin-remove=\"hidden\">\n  <div class=\"loyalaction-feat-actions\">\n    <h2>Faites davantage de points en quelques clics!<\/h2>\n\n    <div data-loyalty-placeholder=\"actionList\" class=\"hidden\"><\/div>\n\n    <ul>\n      <li class=\"facebook hidden\">\n        <a href=\"#\">\n          <span class=\"box\">\n            <span class=\"img\"><img src=\"http:\/\/wp-pgs-equipements-adrien-phaneuf.elidevapp1aws.elisys-servers.ca\/wp-content\/themes\/site\/dist\/images\/global\/loyalaction\/actions\/facebook.svg\" alt=\"Facebook\"\/><\/span>\n\n            <span class=\"content\">\n              Collectez vos              <span class=\"value\">\n                <em class=\"number\"><\/em>\n                <span class=\"label\"> points<\/span>\n              <\/span>\n            <\/span>\n          <\/span>\n\n          <span class=\"note\"><\/span>\n        <\/a>\n      <\/li>\n      <li class=\"googleplus hidden\">\n        <a href=\"#\" target=\"_blank\">\n          <span class=\"box\">\n            <span class=\"img\"><img src=\"http:\/\/wp-pgs-equipements-adrien-phaneuf.elidevapp1aws.elisys-servers.ca\/wp-content\/themes\/site\/dist\/images\/global\/loyalaction\/actions\/googleplus.svg\" alt=\"Google+\"\/><\/span>\n\n            <span class=\"content\">\n              Collectez vos              <span class=\"value\">\n                <em class=\"number\"><\/em>\n                <span class=\"label\"> points<\/span>\n              <\/span>\n            <\/span>\n          <\/span>\n\n          <span class=\"note\"><\/span>\n        <\/a>\n      <\/li>\n      <li class=\"review hidden\">\n        <a href=\"#\">\n          <span class=\"box\">\n            <span class=\"img\"><img src=\"http:\/\/wp-pgs-equipements-adrien-phaneuf.elidevapp1aws.elisys-servers.ca\/wp-content\/themes\/site\/dist\/images\/global\/loyalaction\/actions\/review.svg\" alt=\"Sondage\"\/><\/span>\n\n            <span class=\"content\">\n              Collectez vos              <span class=\"value\">\n                <em class=\"number\"><\/em>\n                <span class=\"label\"> points<\/span>\n              <\/span>\n            <\/span>\n          <\/span>\n\n          <span class=\"note\"><\/span>\n        <\/a>\n      <\/li>\n      <li class=\"referral hidden\">\n        <a href=\"#\">\n          <span class=\"box\">\n            <span class=\"img\"><img src=\"http:\/\/wp-pgs-equipements-adrien-phaneuf.elidevapp1aws.elisys-servers.ca\/wp-content\/themes\/site\/dist\/images\/global\/loyalaction\/actions\/referral.svg\" alt=\"R\u00e9f\u00e9rez un ami\"\/><\/span>\n\n            <span class=\"content\">\n              Collectez vos              <span class=\"value\">\n                <em class=\"number\"><\/em>\n                <span class=\"label\"> points<\/span>\n              <\/span>\n            <\/span>\n          <\/span>\n\n          <span class=\"note\"><\/span>\n        <\/a>\n      <\/li>\n      <li class=\"birthday hidden nolink\">\n        <a href=\"#\">\n          <span class=\"box\">\n            <span class=\"img\"><img src=\"http:\/\/wp-pgs-equipements-adrien-phaneuf.elidevapp1aws.elisys-servers.ca\/wp-content\/themes\/site\/dist\/images\/global\/loyalaction\/actions\/birthday.svg\" alt=\"Anniversaire\"\/><\/span>\n\n            <span class=\"content\">\n              Collectez vos              <span class=\"value\">\n                <em class=\"number\"><\/em>\n                <span class=\"label\"> points<\/span>\n              <\/span>\n            <\/span>\n          <\/span>\n\n          <span class=\"note\"><\/span>\n        <\/a>\n      <\/li>\n      <li class=\"tripadvisor hidden\">\n        <a href=\"#\" target=\"_blank\">\n          <span class=\"box\">\n            <span class=\"img\"><img src=\"http:\/\/wp-pgs-equipements-adrien-phaneuf.elidevapp1aws.elisys-servers.ca\/wp-content\/themes\/site\/dist\/images\/global\/loyalaction\/actions\/tripadvisor.svg\" alt=\"TripAdvisor\"\/><\/span>\n\n            <span class=\"content\">\n              Collectez vos              <span class=\"value\">\n                <em class=\"number\"><\/em>\n                <span class=\"label\"> points<\/span>\n              <\/span>\n            <\/span>\n          <\/span>\n\n          <span class=\"note\"><\/span>\n        <\/a>\n      <\/li>\n      <li class=\"profile hidden\">\n        <a href=\"#\">\n          <span class=\"box\">\n            <span class=\"img\"><img src=\"http:\/\/wp-pgs-equipements-adrien-phaneuf.elidevapp1aws.elisys-servers.ca\/wp-content\/themes\/site\/dist\/images\/global\/loyalaction\/actions\/profile.svg\" alt=\"Profil\"\/><\/span>\n\n            <span class=\"content\">\n              Collectez vos              <span class=\"value\">\n                <em class=\"number\"><\/em>\n                <span class=\"label\"> points<\/span>\n              <\/span>\n            <\/span>\n          <\/span>\n\n          <span class=\"note\"><\/span>\n        <\/a>\n      <\/li>\n      <li class=\"mobile hidden\">\n        <a href=\"#\" target=\"_blank\">\n          <span class=\"box\">\n            <span class=\"img\"><img src=\"http:\/\/wp-pgs-equipements-adrien-phaneuf.elidevapp1aws.elisys-servers.ca\/wp-content\/themes\/site\/dist\/images\/global\/loyalaction\/actions\/mobile.svg\" alt=\"Mobile\"\/><\/span>\n\n            <span class=\"content\">\n              Collectez vos              <span class=\"value\">\n                <em class=\"number\"><\/em>\n                <span class=\"label\"> points<\/span>\n              <\/span>\n            <\/span>\n          <\/span>\n\n          <span class=\"note\"><\/span>\n        <\/a>\n      <\/li>\n    <\/ul>\n  <\/div>\n\n  <div class=\"loyalaction-feat-coupons\">\n    <h2>Vos coupons<\/h2>\n\n    <div data-loyalty-placeholder=\"benefitItemList\" class=\"hidden\"><\/div>\n  <\/div>\n<\/div><br \/>\n\n<div class=\"loyalaction-transactions hidden\" data-loyalty-loggedin-remove=\"hidden\">\n  <h2>Historique des transactions<\/h2>\n\n  <!-- Transaction table -->\n  <div data-loyalty-placeholder=\"transactionsTable\"><\/div>\n<\/div><\/div>\n<h2>Comment \u00e7a fonctionne?<\/h2>\n<p>Recevez 10 points pour chaque dollar d\u00e9pens\u00e9* qui s&rsquo;accumuleront sur votre compte Avantage Rouge.<\/p>\n<h2>De plus, obtenez des points bonis\u00a0:<\/h2>\n<ul>\n<li>200 points pour r\u00e9pondre \u00e0 un sondage de satisfaction.<\/li>\n<li>400 points pour un \u00ab\u00a0Facebook &#8211; J&rsquo;aime!\u00a0\u00bb.<\/li>\n<li>800 points pour avoir fait un avis Google.<\/li>\n<li>200 000 points pour nous recommander une personne qui ach\u00e8te son prochain v\u00e9hicule agricole chez nous.<\/li>\n<\/ul>\n<h2>Comment d\u00e9penser vos points?<\/h2>\n<p>Vous pouvez en tout temps utiliser vos points par tranche de <span class=\"nobr\">50 $<\/span> avant taxes*.<\/p>\n<h2>Comment s&rsquo;abonner?<\/h2>\n<p>\u00c0 votre prochain rendez-vous, demandez \u00e0 l&rsquo;un de nos conseillers de vous abonner au programme ou <a href=\"https:\/\/equipementsadrienphaneuf.loyalaction.com\/fr\/abonnement\/\" target=\"_blank\" rel=\"noopener noreferrer\">faites-le vous-m\u00eame en ligne<\/a>. Le programme est sans frais d&rsquo;abonnement, et nous pourrons le faire pour vous sans co\u00fbt additionnel.<\/p>\n<p>Votre \u00e9quipe Phaneuf - \u00c9quipements Agricoles .<\/p>\n<p class=\"copyr\">*Certaines exclusions peuvent s\u2019appliquer. D\u00e9tails et conditions en succursale, sujets \u00e0 changement sans pr\u00e9avis.<\/p>\n","protected":false},"excerpt":{"rendered":"<p>Pour vous remercier de votre confiance envers nous, vous offre une nouvelle fa\u00e7on de faire des \u00e9conomies. Comment \u00e7a fonctionne? Recevez 10 points pour chaque dollar d\u00e9pens\u00e9* qui s&rsquo;accumuleront sur votre compte . De plus, obtenez des points bonis\u00a0: 200 points pour r\u00e9pondre \u00e0 un sondage de satisfaction. 400 points pour un \u00ab\u00a0Facebook &#8211; J&rsquo;aime!\u00a0\u00bb. &hellip; <a href=\"http:\/\/wp-pgs-equipements-adrien-phaneuf.elidevapp1aws.elisys-servers.ca\/fr\/programme-privileges\/\">Suite<\/a><\/p>\n","protected":false},"author":1,"featured_media":0,"parent":0,"menu_order":0,"comment_status":"closed","ping_status":"closed","template":"","meta":[],"acf":[],"_links":{"self":[{"href":"http:\/\/wp-pgs-equipements-adrien-phaneuf.elidevapp1aws.elisys-servers.ca\/fr\/wp-json\/wp\/v2\/pages\/297"}],"collection":[{"href":"http:\/\/wp-pgs-equipements-adrien-phaneuf.elidevapp1aws.elisys-servers.ca\/fr\/wp-json\/wp\/v2\/pages"}],"about":[{"href":"http:\/\/wp-pgs-equipements-adrien-phaneuf.elidevapp1aws.elisys-servers.ca\/fr\/wp-json\/wp\/v2\/types\/page"}],"author":[{"embeddable":true,"href":"http:\/\/wp-pgs-equipements-adrien-phaneuf.elidevapp1aws.elisys-servers.ca\/fr\/wp-json\/wp\/v2\/users\/1"}],"replies":[{"embeddable":true,"href":"http:\/\/wp-pgs-equipements-adrien-phaneuf.elidevapp1aws.elisys-servers.ca\/fr\/wp-json\/wp\/v2\/comments?post=297"}],"version-history":[{"count":36,"href":"http:\/\/wp-pgs-equipements-adrien-phaneuf.elidevapp1aws.elisys-servers.ca\/fr\/wp-json\/wp\/v2\/pages\/297\/revisions"}],"predecessor-version":[{"id":36155,"href":"http:\/\/wp-pgs-equipements-adrien-phaneuf.elidevapp1aws.elisys-servers.ca\/fr\/wp-json\/wp\/v2\/pages\/297\/revisions\/36155"}],"wp:attachment":[{"href":"http:\/\/wp-pgs-equipements-adrien-phaneuf.elidevapp1aws.elisys-servers.ca\/fr\/wp-json\/wp\/v2\/media?parent=297"}],"curies":[{"name":"wp","href":"https:\/\/api.w.org\/{rel}","templated":true}]}}