{"id":348,"date":"2017-11-09T19:10:12","date_gmt":"2017-11-10T00:10:12","guid":{"rendered":"http:\/\/wp-master-powergo.eliappwordpress1sto.elisys-servers.ca\/?page_id=348"},"modified":"2023-06-22T16:06:28","modified_gmt":"2023-06-22T20:06:28","slug":"pieces","status":"publish","type":"page","link":"http:\/\/wp-pgs-equipements-adrien-phaneuf.elidevapp1aws.elisys-servers.ca\/fr\/pieces\/","title":{"rendered":"Pi\u00e8ces et accessoires"},"content":{"rendered":"<p>Vous recherchez des <strong>pi\u00e8ces et accessoires<\/strong> pour votre <strong>\u00e9quipement agricole<\/strong>? Vous \u00eates \u00e0 la bonne place. Phaneuf vous garantissent que vous trouverez tout ce que vous cherchez et au meilleur prix!<\/p>\n<p>Nous avons un large choix de <a href=\"http:\/\/wp-pgs-equipements-adrien-phaneuf.elidevapp1aws.elisys-servers.ca\/fr\/produits\/pieces-filtres\/\">filtres<\/a>, <a href=\"http:\/\/wp-pgs-equipements-adrien-phaneuf.elidevapp1aws.elisys-servers.ca\/fr\/produits\/pieces-batteries\/\">batteries<\/a>, <a href=\"http:\/\/wp-pgs-equipements-adrien-phaneuf.elidevapp1aws.elisys-servers.ca\/fr\/produits\/pieces-courroies\/\">courroies<\/a> et bien plus. Quelles que soient les pi\u00e8ces que vous recherchez pour am\u00e9liorer l&rsquo;efficacit\u00e9 de votre exploitation, nous les avons s\u00fbrement en inventaire.<\/p>\n<p>En termes d&rsquo;accessoires, vous pouvez compter sur nous pour vous fournir les meilleurs. Que ce soit des outils, ou des protections comme des lunettes ou des gants de travail, par exemple, vous pouvez compter sur nous pour vous les fournir.<\/p>\n<p>Vous avez des questions sur nos pi\u00e8ces et accessoires? <a href=\"http:\/\/wp-pgs-equipements-adrien-phaneuf.elidevapp1aws.elisys-servers.ca\/fr\/contact\/\">Contactez-nous!<\/a>\u00a0L&rsquo;un de nos experts vous aidera \u00e0 trouver ce que vous cherchez. Pour en profiter en personne, nous vous attendons dans l&rsquo;une de nos 8 succursales Phaneuf au Qu\u00e9bec en Mont\u00e9r\u00e9gie, Chaudi\u00e8re-Appalaches, Centre-du-Qu\u00e9bec.<\/p>\n","protected":false},"excerpt":{"rendered":"<p>Vous recherchez des pi\u00e8ces et accessoires pour votre \u00e9quipement agricole? Vous \u00eates \u00e0 la bonne place. Phaneuf vous garantissent que vous trouverez tout ce que vous cherchez et au meilleur prix! Nous avons un large choix de filtres, batteries, courroies et bien plus. Quelles que soient les pi\u00e8ces que vous recherchez pour am\u00e9liorer l&rsquo;efficacit\u00e9 de &hellip; <a href=\"http:\/\/wp-pgs-equipements-adrien-phaneuf.elidevapp1aws.elisys-servers.ca\/fr\/pieces\/\">Suite<\/a><\/p>\n","protected":false},"author":1,"featured_media":0,"parent":0,"menu_order":0,"comment_status":"closed","ping_status":"closed","template":"template-parts.php","meta":[],"acf":{"content_featured_type":"image","content_featured_slider":false,"content_featured_image":{"ID":28763,"id":28763,"title":"pieces","filename":"pieces.jpg","filesize":132141,"url":"http:\/\/wp-pgs-equipements-adrien-phaneuf.elidevapp1aws.elisys-servers.ca\/wp-content\/uploads\/2020\/09\/pieces.jpg","link":"http:\/\/wp-pgs-equipements-adrien-phaneuf.elidevapp1aws.elisys-servers.ca\/fr\/pieces\/pieces\/","alt":"","author":"1","description":"","caption":"","name":"pieces","status":"inherit","uploaded_to":348,"date":"2020-09-24 20:54:07","modified":"2020-09-24 20:54:07","menu_order":0,"mime_type":"image\/jpeg","type":"image","subtype":"jpeg","icon":"http:\/\/wp-pgs-equipements-adrien-phaneuf.elidevapp1aws.elisys-servers.ca\/wp-includes\/images\/media\/default.png","width":750,"height":450,"sizes":{"thumbnail":"http:\/\/wp-pgs-equipements-adrien-phaneuf.elidevapp1aws.elisys-servers.ca\/wp-content\/uploads\/2020\/09\/pieces-150x150.jpg","thumbnail-width":150,"thumbnail-height":150,"medium":"http:\/\/wp-pgs-equipements-adrien-phaneuf.elidevapp1aws.elisys-servers.ca\/wp-content\/uploads\/2020\/09\/pieces-300x180.jpg","medium-width":300,"medium-height":180,"medium_large":"http:\/\/wp-pgs-equipements-adrien-phaneuf.elidevapp1aws.elisys-servers.ca\/wp-content\/uploads\/2020\/09\/pieces.jpg","medium_large-width":750,"medium_large-height":450,"large":"http:\/\/wp-pgs-equipements-adrien-phaneuf.elidevapp1aws.elisys-servers.ca\/wp-content\/uploads\/2020\/09\/pieces.jpg","large-width":750,"large-height":450,"1536x1536":"http:\/\/wp-pgs-equipements-adrien-phaneuf.elidevapp1aws.elisys-servers.ca\/wp-content\/uploads\/2020\/09\/pieces.jpg","1536x1536-width":750,"1536x1536-height":450,"2048x2048":"http:\/\/wp-pgs-equipements-adrien-phaneuf.elidevapp1aws.elisys-servers.ca\/wp-content\/uploads\/2020\/09\/pieces.jpg","2048x2048-width":750,"2048x2048-height":450,"article-details":"http:\/\/wp-pgs-equipements-adrien-phaneuf.elidevapp1aws.elisys-servers.ca\/wp-content\/uploads\/2020\/09\/pieces-745x447.jpg","article-details-width":745,"article-details-height":447,"article-listing":"http:\/\/wp-pgs-equipements-adrien-phaneuf.elidevapp1aws.elisys-servers.ca\/wp-content\/uploads\/2020\/09\/pieces-745x447.jpg","article-listing-width":745,"article-listing-height":447,"event-details":"http:\/\/wp-pgs-equipements-adrien-phaneuf.elidevapp1aws.elisys-servers.ca\/wp-content\/uploads\/2020\/09\/pieces-745x447.jpg","event-details-width":745,"event-details-height":447,"event-listing":"http:\/\/wp-pgs-equipements-adrien-phaneuf.elidevapp1aws.elisys-servers.ca\/wp-content\/uploads\/2020\/09\/pieces-745x447.jpg","event-listing-width":745,"event-listing-height":447,"feat-article":"http:\/\/wp-pgs-equipements-adrien-phaneuf.elidevapp1aws.elisys-servers.ca\/wp-content\/uploads\/2020\/09\/pieces-720x432.jpg","feat-article-width":720,"feat-article-height":432,"feat-cta":"http:\/\/wp-pgs-equipements-adrien-phaneuf.elidevapp1aws.elisys-servers.ca\/wp-content\/uploads\/2020\/09\/pieces-745x447.jpg","feat-cta-width":745,"feat-cta-height":447,"feat-content":"http:\/\/wp-pgs-equipements-adrien-phaneuf.elidevapp1aws.elisys-servers.ca\/wp-content\/uploads\/2020\/09\/pieces-745x447.jpg","feat-content-width":745,"feat-content-height":447,"feat-event":"http:\/\/wp-pgs-equipements-adrien-phaneuf.elidevapp1aws.elisys-servers.ca\/wp-content\/uploads\/2020\/09\/pieces-720x432.jpg","feat-event-width":720,"feat-event-height":432,"feat-makes":"http:\/\/wp-pgs-equipements-adrien-phaneuf.elidevapp1aws.elisys-servers.ca\/wp-content\/uploads\/2020\/09\/pieces-133x80.jpg","feat-makes-width":133,"feat-makes-height":80,"feat-related":"http:\/\/wp-pgs-equipements-adrien-phaneuf.elidevapp1aws.elisys-servers.ca\/wp-content\/uploads\/2020\/09\/pieces-720x432.jpg","feat-related-width":720,"feat-related-height":432,"products-listing-new":"http:\/\/wp-pgs-equipements-adrien-phaneuf.elidevapp1aws.elisys-servers.ca\/wp-content\/uploads\/2020\/09\/pieces-460x276.jpg","products-listing-new-width":460,"products-listing-new-height":276,"products-gallery":"http:\/\/wp-pgs-equipements-adrien-phaneuf.elidevapp1aws.elisys-servers.ca\/wp-content\/uploads\/2020\/09\/pieces-745x447.jpg","products-gallery-width":745,"products-gallery-height":447,"promos-details":"http:\/\/wp-pgs-equipements-adrien-phaneuf.elidevapp1aws.elisys-servers.ca\/wp-content\/uploads\/2020\/09\/pieces-745x447.jpg","promos-details-width":745,"promos-details-height":447,"promos-listing":"http:\/\/wp-pgs-equipements-adrien-phaneuf.elidevapp1aws.elisys-servers.ca\/wp-content\/uploads\/2020\/09\/pieces-745x447.jpg","promos-listing-width":745,"promos-listing-height":447,"relative-product-article":"http:\/\/wp-pgs-equipements-adrien-phaneuf.elidevapp1aws.elisys-servers.ca\/wp-content\/uploads\/2020\/09\/pieces-745x447.jpg","relative-product-article-width":745,"relative-product-article-height":447,"relative-product-event":"http:\/\/wp-pgs-equipements-adrien-phaneuf.elidevapp1aws.elisys-servers.ca\/wp-content\/uploads\/2020\/09\/pieces-745x447.jpg","relative-product-event-width":745,"relative-product-event-height":447,"relative-product-new":"http:\/\/wp-pgs-equipements-adrien-phaneuf.elidevapp1aws.elisys-servers.ca\/wp-content\/uploads\/2020\/09\/pieces-690x414.jpg","relative-product-new-width":690,"relative-product-new-height":414,"relative-product-promo":"http:\/\/wp-pgs-equipements-adrien-phaneuf.elidevapp1aws.elisys-servers.ca\/wp-content\/uploads\/2020\/09\/pieces-745x447.jpg","relative-product-promo-width":745,"relative-product-promo-height":447,"slider-main":"http:\/\/wp-pgs-equipements-adrien-phaneuf.elidevapp1aws.elisys-servers.ca\/wp-content\/uploads\/2020\/09\/pieces.jpg","slider-main-width":750,"slider-main-height":450,"slider-main-mobile":"http:\/\/wp-pgs-equipements-adrien-phaneuf.elidevapp1aws.elisys-servers.ca\/wp-content\/uploads\/2020\/09\/pieces.jpg","slider-main-mobile-width":750,"slider-main-mobile-height":450,"slider-main-fullwidth":"http:\/\/wp-pgs-equipements-adrien-phaneuf.elidevapp1aws.elisys-servers.ca\/wp-content\/uploads\/2020\/09\/pieces.jpg","slider-main-fullwidth-width":750,"slider-main-fullwidth-height":450,"slider-main-fullwidth-narrow":"http:\/\/wp-pgs-equipements-adrien-phaneuf.elidevapp1aws.elisys-servers.ca\/wp-content\/uploads\/2020\/09\/pieces.jpg","slider-main-fullwidth-narrow-width":750,"slider-main-fullwidth-narrow-height":450,"slider-shop-archive":"http:\/\/wp-pgs-equipements-adrien-phaneuf.elidevapp1aws.elisys-servers.ca\/wp-content\/uploads\/2020\/09\/pieces.jpg","slider-shop-archive-width":750,"slider-shop-archive-height":450,"map-footer":"http:\/\/wp-pgs-equipements-adrien-phaneuf.elidevapp1aws.elisys-servers.ca\/wp-content\/uploads\/2020\/09\/pieces-750x400.jpg","map-footer-width":750,"map-footer-height":400,"map-footer-mobile":"http:\/\/wp-pgs-equipements-adrien-phaneuf.elidevapp1aws.elisys-servers.ca\/wp-content\/uploads\/2020\/09\/pieces.jpg","map-footer-mobile-width":750,"map-footer-mobile-height":450,"map-footer-fullwidth":"http:\/\/wp-pgs-equipements-adrien-phaneuf.elidevapp1aws.elisys-servers.ca\/wp-content\/uploads\/2020\/09\/pieces-750x400.jpg","map-footer-fullwidth-width":750,"map-footer-fullwidth-height":400,"map-footer-fullwidth-narrow":"http:\/\/wp-pgs-equipements-adrien-phaneuf.elidevapp1aws.elisys-servers.ca\/wp-content\/uploads\/2020\/09\/pieces-750x400.jpg","map-footer-fullwidth-narrow-width":750,"map-footer-fullwidth-narrow-height":400,"team-listing":"http:\/\/wp-pgs-equipements-adrien-phaneuf.elidevapp1aws.elisys-servers.ca\/wp-content\/uploads\/2020\/09\/pieces-450x270.jpg","team-listing-width":450,"team-listing-height":270,"team-details":"http:\/\/wp-pgs-equipements-adrien-phaneuf.elidevapp1aws.elisys-servers.ca\/wp-content\/uploads\/2020\/09\/pieces.jpg","team-details-width":720,"team-details-height":432,"team-sidebar":"http:\/\/wp-pgs-equipements-adrien-phaneuf.elidevapp1aws.elisys-servers.ca\/wp-content\/uploads\/2020\/09\/pieces-720x432.jpg","team-sidebar-width":720,"team-sidebar-height":432,"history-timeline":"http:\/\/wp-pgs-equipements-adrien-phaneuf.elidevapp1aws.elisys-servers.ca\/wp-content\/uploads\/2020\/09\/pieces-380x228.jpg","history-timeline-width":380,"history-timeline-height":228,"automatic-popup":"http:\/\/wp-pgs-equipements-adrien-phaneuf.elidevapp1aws.elisys-servers.ca\/wp-content\/uploads\/2020\/09\/pieces.jpg","automatic-popup-width":750,"automatic-popup-height":450,"wc-feat-brands":"http:\/\/wp-pgs-equipements-adrien-phaneuf.elidevapp1aws.elisys-servers.ca\/wp-content\/uploads\/2020\/09\/pieces-125x75.jpg","wc-feat-brands-width":125,"wc-feat-brands-height":75,"wc-products-details-brands":"http:\/\/wp-pgs-equipements-adrien-phaneuf.elidevapp1aws.elisys-servers.ca\/wp-content\/uploads\/2020\/09\/pieces-125x75.jpg","wc-products-details-brands-width":125,"wc-products-details-brands-height":75,"product-search-thumbnail-32x32":"http:\/\/wp-pgs-equipements-adrien-phaneuf.elidevapp1aws.elisys-servers.ca\/wp-content\/uploads\/2020\/09\/pieces-32x32.jpg","product-search-thumbnail-32x32-width":32,"product-search-thumbnail-32x32-height":32,"woocommerce_thumbnail":"http:\/\/wp-pgs-equipements-adrien-phaneuf.elidevapp1aws.elisys-servers.ca\/wp-content\/uploads\/2020\/09\/pieces-300x300.jpg","woocommerce_thumbnail-width":300,"woocommerce_thumbnail-height":300,"woocommerce_single":"http:\/\/wp-pgs-equipements-adrien-phaneuf.elidevapp1aws.elisys-servers.ca\/wp-content\/uploads\/2020\/09\/pieces-720x432.jpg","woocommerce_single-width":720,"woocommerce_single-height":432,"woocommerce_gallery_thumbnail":"http:\/\/wp-pgs-equipements-adrien-phaneuf.elidevapp1aws.elisys-servers.ca\/wp-content\/uploads\/2020\/09\/pieces-100x100.jpg","woocommerce_gallery_thumbnail-width":100,"woocommerce_gallery_thumbnail-height":100,"shop_catalog":"http:\/\/wp-pgs-equipements-adrien-phaneuf.elidevapp1aws.elisys-servers.ca\/wp-content\/uploads\/2020\/09\/pieces-300x300.jpg","shop_catalog-width":300,"shop_catalog-height":300,"shop_single":"http:\/\/wp-pgs-equipements-adrien-phaneuf.elidevapp1aws.elisys-servers.ca\/wp-content\/uploads\/2020\/09\/pieces-720x432.jpg","shop_single-width":720,"shop_single-height":432,"shop_thumbnail":"http:\/\/wp-pgs-equipements-adrien-phaneuf.elidevapp1aws.elisys-servers.ca\/wp-content\/uploads\/2020\/09\/pieces-100x100.jpg","shop_thumbnail-width":100,"shop_thumbnail-height":100}}},"_links":{"self":[{"href":"http:\/\/wp-pgs-equipements-adrien-phaneuf.elidevapp1aws.elisys-servers.ca\/fr\/wp-json\/wp\/v2\/pages\/348"}],"collection":[{"href":"http:\/\/wp-pgs-equipements-adrien-phaneuf.elidevapp1aws.elisys-servers.ca\/fr\/wp-json\/wp\/v2\/pages"}],"about":[{"href":"http:\/\/wp-pgs-equipements-adrien-phaneuf.elidevapp1aws.elisys-servers.ca\/fr\/wp-json\/wp\/v2\/types\/page"}],"author":[{"embeddable":true,"href":"http:\/\/wp-pgs-equipements-adrien-phaneuf.elidevapp1aws.elisys-servers.ca\/fr\/wp-json\/wp\/v2\/users\/1"}],"replies":[{"embeddable":true,"href":"http:\/\/wp-pgs-equipements-adrien-phaneuf.elidevapp1aws.elisys-servers.ca\/fr\/wp-json\/wp\/v2\/comments?post=348"}],"version-history":[{"count":11,"href":"http:\/\/wp-pgs-equipements-adrien-phaneuf.elidevapp1aws.elisys-servers.ca\/fr\/wp-json\/wp\/v2\/pages\/348\/revisions"}],"predecessor-version":[{"id":49527,"href":"http:\/\/wp-pgs-equipements-adrien-phaneuf.elidevapp1aws.elisys-servers.ca\/fr\/wp-json\/wp\/v2\/pages\/348\/revisions\/49527"}],"wp:attachment":[{"href":"http:\/\/wp-pgs-equipements-adrien-phaneuf.elidevapp1aws.elisys-servers.ca\/fr\/wp-json\/wp\/v2\/media?parent=348"}],"curies":[{"name":"wp","href":"https:\/\/api.w.org\/{rel}","templated":true}]}}