{"id":5852,"date":"2018-02-08T08:08:19","date_gmt":"2018-02-08T13:08:19","guid":{"rendered":"http:\/\/wp-pgs-master.pgsappwordpress1aws.elisys-servers.ca\/?page_id=5852"},"modified":"2020-04-24T11:59:58","modified_gmt":"2020-04-24T15:59:58","slug":"respect-vie-privee","status":"publish","type":"page","link":"http:\/\/wp-pgs-equipements-adrien-phaneuf.elidevapp1aws.elisys-servers.ca\/fr\/respect-vie-privee\/","title":{"rendered":"Respect de la vie priv\u00e9e"},"content":{"rendered":"<p class=\"last\">Lors de votre visite sur le site de Phaneuf - \u00c9quipements Agricoles , nous faisons en sorte de contr\u00f4ler et prot\u00e9ger l&rsquo;ensemble des informations personnelles que vous nous communiquez. En utilisant ce site, vous acceptez les termes de notre politique de confidentialit\u00e9.<\/p>\n<h2>Collecte des informations<\/h2>\n<p>Lorsque vous achetez un produit dans notre boutique, nous collectons les informations personnelles que vous nous communiquez tels que votre nom, adresse postale et adresse courriel.<\/p>\n<p>Nous recevons automatiquement certaines informations telle que votre adresse IP qui nous informe sur votre navigateur et votre syst\u00e8me d&rsquo;exploitation.<\/p>\n<p class=\"last\">Les informations collect\u00e9es par Phaneuf - \u00c9quipements Agricoles  sont confidentielles et sont uniquement utilis\u00e9es par Phaneuf - \u00c9quipements Agricoles  afin de proc\u00e9der \u00e0 vos commandes et vous fournir un service personnalis\u00e9 et plus efficace. Selon vos pr\u00e9f\u00e9rences, nous pouvons vous envoyer des courriels pour vous informer des nouveaut\u00e9s et des promotions en cours.<\/p>\n<h2>Utilisation des donn\u00e9es personnelles<\/h2>\n<p>Lorsque vous compl\u00e9tez une transaction, passez une commande, choisissez une livraison ou retournez un achat, vous consentez implicitement \u00e0 l&rsquo;utilisation des donn\u00e9es fournies uniquement pour les raisons susmentionn\u00e9es.<\/p>\n<p>Certaines de vos informations sont transmises \u00e0 des tierces parties uniquement dans le but de proc\u00e9der au traitement de votre paiement et \u00e0 l&rsquo;exp\u00e9dition des colis. Ces fournisseurs disposent le plus souvent de leur propre politique de confidentialit\u00e9 et nous vous invitons \u00e0 les lire le cas \u00e9ch\u00e9ant.<\/p>\n<p>Nous utilisons le service d&rsquo;analyse de statistiques Google Analytics fourni par Google Inc. pour analyser la fr\u00e9quentation de notre site Internet et les comportements des visiteurs. Ces informations sont collect\u00e9es par le biais de cookies et de l&rsquo;adresse IP. Aucun renseignement personnel permettant d&rsquo;\u00e9tablir l&rsquo;identit\u00e9 d&rsquo;un visiteur n&rsquo;est enregistr\u00e9 ou fourni \u00e0 Google par Google Analytics.<\/p>\n<p class=\"last\">Nous assurons la s\u00e9curit\u00e9 de vos informations de carte de cr\u00e9dit en utilisant le protocole de s\u00e9curit\u00e9 le plus r\u00e9pandu dans l&rsquo;industrie, le SSL (Secure Socket Layer), qui crypte vos informations de paiement et emp\u00eache ainsi leur lecture en ligne.<\/p>\n<h2>Utilisation du site<\/h2>\n<p class=\"last\">Pour acc\u00e9der et utiliser notre site, vous devez \u00eatre majeur. Si vous \u00eates mineur, l&rsquo;autorisation pr\u00e9alable de vos parents ou repr\u00e9sentants l\u00e9gaux est alors n\u00e9cessaire.<\/p>\n<h2>Mise \u00e0 jour de la politique de confidentialit\u00e9<\/h2>\n<p class=\"last\">Nous nous r\u00e9servons le droit de modifier cette politique de confidentialit\u00e9 \u00e0 tout moment. Nous vous invitons donc \u00e0 consulter cette section r\u00e9guli\u00e8rement. Les changements sont effectifs d\u00e8s leur publication sur notre site Internet.<\/p>\n<h2>Acc\u00e8s et modification de vos donn\u00e9es personnelles<\/h2>\n<p class=\"last\">Si vous souhaitez acc\u00e9der \u00e0 vos informations personnelles, les corriger ou les effacer, ou obtenir plus d&rsquo;informations \u00e0 propos de notre politique de confidentialit\u00e9, vous pouvez nous contacter par courriel \u00e0 l&rsquo;adresse suivante&nbsp;: <a href=\"mailto:info@phaneuf-ag.com\">info@phaneuf-ag.com<\/a><\/p>\n","protected":false},"excerpt":{"rendered":"<p>Lors de votre visite sur le site de , nous faisons en sorte de contr\u00f4ler et prot\u00e9ger l&rsquo;ensemble des informations personnelles que vous nous communiquez. En utilisant ce site, vous acceptez les termes de notre politique de confidentialit\u00e9. Collecte des informations Lorsque vous achetez un produit dans notre boutique, nous collectons les informations personnelles que &hellip; <a href=\"http:\/\/wp-pgs-equipements-adrien-phaneuf.elidevapp1aws.elisys-servers.ca\/fr\/respect-vie-privee\/\">Suite<\/a><\/p>\n","protected":false},"author":1,"featured_media":0,"parent":0,"menu_order":0,"comment_status":"closed","ping_status":"closed","template":"template-no-sidebar.php","meta":[],"acf":[],"_links":{"self":[{"href":"http:\/\/wp-pgs-equipements-adrien-phaneuf.elidevapp1aws.elisys-servers.ca\/fr\/wp-json\/wp\/v2\/pages\/5852"}],"collection":[{"href":"http:\/\/wp-pgs-equipements-adrien-phaneuf.elidevapp1aws.elisys-servers.ca\/fr\/wp-json\/wp\/v2\/pages"}],"about":[{"href":"http:\/\/wp-pgs-equipements-adrien-phaneuf.elidevapp1aws.elisys-servers.ca\/fr\/wp-json\/wp\/v2\/types\/page"}],"author":[{"embeddable":true,"href":"http:\/\/wp-pgs-equipements-adrien-phaneuf.elidevapp1aws.elisys-servers.ca\/fr\/wp-json\/wp\/v2\/users\/1"}],"replies":[{"embeddable":true,"href":"http:\/\/wp-pgs-equipements-adrien-phaneuf.elidevapp1aws.elisys-servers.ca\/fr\/wp-json\/wp\/v2\/comments?post=5852"}],"version-history":[{"count":5,"href":"http:\/\/wp-pgs-equipements-adrien-phaneuf.elidevapp1aws.elisys-servers.ca\/fr\/wp-json\/wp\/v2\/pages\/5852\/revisions"}],"predecessor-version":[{"id":28502,"href":"http:\/\/wp-pgs-equipements-adrien-phaneuf.elidevapp1aws.elisys-servers.ca\/fr\/wp-json\/wp\/v2\/pages\/5852\/revisions\/28502"}],"wp:attachment":[{"href":"http:\/\/wp-pgs-equipements-adrien-phaneuf.elidevapp1aws.elisys-servers.ca\/fr\/wp-json\/wp\/v2\/media?parent=5852"}],"curies":[{"name":"wp","href":"https:\/\/api.w.org\/{rel}","templated":true}]}}