{"id":5860,"date":"2018-02-08T08:10:40","date_gmt":"2018-02-08T13:10:40","guid":{"rendered":"http:\/\/wp-pgs-master.pgsappwordpress1aws.elisys-servers.ca\/?page_id=5860"},"modified":"2025-03-31T10:04:14","modified_gmt":"2025-03-31T14:04:14","slug":"livraison","status":"publish","type":"page","link":"http:\/\/wp-pgs-equipements-adrien-phaneuf.elidevapp1aws.elisys-servers.ca\/fr\/livraison\/","title":{"rendered":"Livraison"},"content":{"rendered":"<p>Nous pouvons livrer \u00e0 pratiquement toutes les adresses au Canada. Notez qu\u2019il y a des restrictions sur certains produits qui ne peuvent \u00eatre envoy\u00e9s \u00e0 certaines destinations.<\/p>\n<p>Nous offrons la livraison gratuite pour toute commande de plus de 200$ au Qu\u00e9bec seulement.<\/p>\n<p>Les items larges et encombrants peuvent occasionner des frais d\u2019envoi suppl\u00e9mentaires.<\/p>\n","protected":false},"excerpt":{"rendered":"<p>Nous pouvons livrer \u00e0 pratiquement toutes les adresses au Canada. Notez qu\u2019il y a des restrictions sur certains produits qui ne peuvent \u00eatre envoy\u00e9s \u00e0 certaines destinations. Nous offrons la livraison gratuite pour toute commande de plus de 200$ au Qu\u00e9bec seulement. Les items larges et encombrants peuvent occasionner des frais d\u2019envoi suppl\u00e9mentaires.<\/p>\n","protected":false},"author":1,"featured_media":0,"parent":0,"menu_order":0,"comment_status":"closed","ping_status":"closed","template":"template-no-sidebar.php","meta":[],"acf":[],"_links":{"self":[{"href":"http:\/\/wp-pgs-equipements-adrien-phaneuf.elidevapp1aws.elisys-servers.ca\/fr\/wp-json\/wp\/v2\/pages\/5860"}],"collection":[{"href":"http:\/\/wp-pgs-equipements-adrien-phaneuf.elidevapp1aws.elisys-servers.ca\/fr\/wp-json\/wp\/v2\/pages"}],"about":[{"href":"http:\/\/wp-pgs-equipements-adrien-phaneuf.elidevapp1aws.elisys-servers.ca\/fr\/wp-json\/wp\/v2\/types\/page"}],"author":[{"embeddable":true,"href":"http:\/\/wp-pgs-equipements-adrien-phaneuf.elidevapp1aws.elisys-servers.ca\/fr\/wp-json\/wp\/v2\/users\/1"}],"replies":[{"embeddable":true,"href":"http:\/\/wp-pgs-equipements-adrien-phaneuf.elidevapp1aws.elisys-servers.ca\/fr\/wp-json\/wp\/v2\/comments?post=5860"}],"version-history":[{"count":6,"href":"http:\/\/wp-pgs-equipements-adrien-phaneuf.elidevapp1aws.elisys-servers.ca\/fr\/wp-json\/wp\/v2\/pages\/5860\/revisions"}],"predecessor-version":[{"id":55497,"href":"http:\/\/wp-pgs-equipements-adrien-phaneuf.elidevapp1aws.elisys-servers.ca\/fr\/wp-json\/wp\/v2\/pages\/5860\/revisions\/55497"}],"wp:attachment":[{"href":"http:\/\/wp-pgs-equipements-adrien-phaneuf.elidevapp1aws.elisys-servers.ca\/fr\/wp-json\/wp\/v2\/media?parent=5860"}],"curies":[{"name":"wp","href":"https:\/\/api.w.org\/{rel}","templated":true}]}}