{"id":29649,"date":"2020-09-30T11:25:13","date_gmt":"2020-09-30T15:25:13","guid":{"rendered":"http:\/\/wp-pgs-equipements-adrien-phaneuf.elidevapp1aws.elisys-servers.ca\/product\/tube-de-semence-caseih-101458a2\/"},"modified":"2025-09-30T06:00:05","modified_gmt":"2025-09-30T10:00:05","slug":"tube-de-semence-caseih-101458a2","status":"publish","type":"product","link":"http:\/\/wp-pgs-equipements-adrien-phaneuf.elidevapp1aws.elisys-servers.ca\/fr\/produit\/tube-de-semence-caseih-101458a2\/","title":{"rendered":"TUBE DE SEMENCE CASEIH (101458A2)"},"content":{"rendered":"<p>Convient pour Case-IH 5400<\/p>\n<p>5500 Semoirs \u00e0 grains mini-til avec d\u00e9capsuleurs<\/p>\n<p>5500 Sp\u00e9cial soja<\/p>\n","protected":false},"excerpt":{"rendered":"<p>Convient pour Case-IH 5400 5500 Semoirs \u00e0 grains mini-til avec d\u00e9capsuleurs 5500 Sp\u00e9cial soja<\/p>\n","protected":false},"featured_media":29650,"template":"","meta":[],"product-sub-category":[230],"brand":[],"product-third-category":[],"acf":{"product_vendor":"CAS","product_stock_upton":"2","product_stock_marieville":"2","product_stock_shefford":"0","product_stock_victoriaville":"0","product_stock_durantaye":"","product_stock_stematine":"2","product_stock_stclet":"3","product_stock_huntingdon":"","child_inventory_variation":""},"_links":{"self":[{"href":"http:\/\/wp-pgs-equipements-adrien-phaneuf.elidevapp1aws.elisys-servers.ca\/fr\/wp-json\/wp\/v2\/product\/29649"}],"collection":[{"href":"http:\/\/wp-pgs-equipements-adrien-phaneuf.elidevapp1aws.elisys-servers.ca\/fr\/wp-json\/wp\/v2\/product"}],"about":[{"href":"http:\/\/wp-pgs-equipements-adrien-phaneuf.elidevapp1aws.elisys-servers.ca\/fr\/wp-json\/wp\/v2\/types\/product"}],"wp:featuredmedia":[{"embeddable":true,"href":"http:\/\/wp-pgs-equipements-adrien-phaneuf.elidevapp1aws.elisys-servers.ca\/fr\/wp-json\/wp\/v2\/media\/29650"}],"wp:attachment":[{"href":"http:\/\/wp-pgs-equipements-adrien-phaneuf.elidevapp1aws.elisys-servers.ca\/fr\/wp-json\/wp\/v2\/media?parent=29649"}],"wp:term":[{"taxonomy":"product-sub-category","embeddable":true,"href":"http:\/\/wp-pgs-equipements-adrien-phaneuf.elidevapp1aws.elisys-servers.ca\/fr\/wp-json\/wp\/v2\/product-sub-category?post=29649"},{"taxonomy":"brand","embeddable":true,"href":"http:\/\/wp-pgs-equipements-adrien-phaneuf.elidevapp1aws.elisys-servers.ca\/fr\/wp-json\/wp\/v2\/brand?post=29649"},{"taxonomy":"product-third-category","embeddable":true,"href":"http:\/\/wp-pgs-equipements-adrien-phaneuf.elidevapp1aws.elisys-servers.ca\/fr\/wp-json\/wp\/v2\/product-third-category?post=29649"}],"curies":[{"name":"wp","href":"https:\/\/api.w.org\/{rel}","templated":true}]}}