{"id":29654,"date":"2020-09-30T11:25:13","date_gmt":"2020-09-30T15:25:13","guid":{"rendered":"http:\/\/wp-pgs-equipements-adrien-phaneuf.elidevapp1aws.elisys-servers.ca\/product\/dispositif-dentrainement-dente-pour-presse-a-balle-et-batteuse-caseih-103244\/"},"modified":"2025-09-30T06:00:06","modified_gmt":"2025-09-30T10:00:06","slug":"dispositif-dentrainement-dente-pour-presse-a-balle-et-batteuse-caseih-103244","status":"publish","type":"product","link":"http:\/\/wp-pgs-equipements-adrien-phaneuf.elidevapp1aws.elisys-servers.ca\/fr\/produit\/dispositif-dentrainement-dente-pour-presse-a-balle-et-batteuse-caseih-103244\/","title":{"rendered":"DISPOSITIF D&rsquo;ENTRAINEMENT DENT\u00c9 pour presse a Balle et Batteuse CASEIH (103244)"},"content":{"rendered":"<p>Dim A (1) 17 dents<\/p>\n<p>Dim B (2) .625&Prime; diam\u00e8tre int\u00e9rieur<\/p>\n<p>Dim C (3) cha\u00eene 50<\/p>\n","protected":false},"excerpt":{"rendered":"<p>Dim A (1) 17 dents Dim B (2) .625&Prime; diam\u00e8tre int\u00e9rieur Dim C (3) cha\u00eene 50<\/p>\n","protected":false},"featured_media":29655,"template":"","meta":[],"product-sub-category":[229],"brand":[111],"product-third-category":[],"acf":{"product_vendor":"CAS","product_stock_upton":"3","product_stock_marieville":"3","product_stock_stclet":"5","product_stock_stematine":"2","product_stock_huntingdon":"0","product_stock_victoriaville":"2"},"_links":{"self":[{"href":"http:\/\/wp-pgs-equipements-adrien-phaneuf.elidevapp1aws.elisys-servers.ca\/fr\/wp-json\/wp\/v2\/product\/29654"}],"collection":[{"href":"http:\/\/wp-pgs-equipements-adrien-phaneuf.elidevapp1aws.elisys-servers.ca\/fr\/wp-json\/wp\/v2\/product"}],"about":[{"href":"http:\/\/wp-pgs-equipements-adrien-phaneuf.elidevapp1aws.elisys-servers.ca\/fr\/wp-json\/wp\/v2\/types\/product"}],"wp:featuredmedia":[{"embeddable":true,"href":"http:\/\/wp-pgs-equipements-adrien-phaneuf.elidevapp1aws.elisys-servers.ca\/fr\/wp-json\/wp\/v2\/media\/29655"}],"wp:attachment":[{"href":"http:\/\/wp-pgs-equipements-adrien-phaneuf.elidevapp1aws.elisys-servers.ca\/fr\/wp-json\/wp\/v2\/media?parent=29654"}],"wp:term":[{"taxonomy":"product-sub-category","embeddable":true,"href":"http:\/\/wp-pgs-equipements-adrien-phaneuf.elidevapp1aws.elisys-servers.ca\/fr\/wp-json\/wp\/v2\/product-sub-category?post=29654"},{"taxonomy":"brand","embeddable":true,"href":"http:\/\/wp-pgs-equipements-adrien-phaneuf.elidevapp1aws.elisys-servers.ca\/fr\/wp-json\/wp\/v2\/brand?post=29654"},{"taxonomy":"product-third-category","embeddable":true,"href":"http:\/\/wp-pgs-equipements-adrien-phaneuf.elidevapp1aws.elisys-servers.ca\/fr\/wp-json\/wp\/v2\/product-third-category?post=29654"}],"curies":[{"name":"wp","href":"https:\/\/api.w.org\/{rel}","templated":true}]}}