{"id":29699,"date":"2020-09-30T11:26:05","date_gmt":"2020-09-30T15:26:05","guid":{"rendered":"http:\/\/wp-pgs-equipements-adrien-phaneuf.elidevapp1aws.elisys-servers.ca\/product\/filtre-a-air-exterieur-caseih-1265510c1\/"},"modified":"2025-09-30T06:00:12","modified_gmt":"2025-09-30T10:00:12","slug":"filtre-a-air-exterieur-caseih-1265510c1","status":"publish","type":"product","link":"http:\/\/wp-pgs-equipements-adrien-phaneuf.elidevapp1aws.elisys-servers.ca\/fr\/produit\/filtre-a-air-exterieur-caseih-1265510c1\/","title":{"rendered":"Filtre \u00e0 air ext\u00e9rieur CASEIH (1265510C1)"},"content":{"rendered":"<p>Longueur ou hauteur: 285.75 mm, 11.25 po<\/p>\n<p>Diam\u00e8tre ext\u00e9rieur: 133,35 mm, 5,25 po<\/p>\n<p>Diam\u00e8tre ext\u00e9rieur: 161.93 mm, 6.375 po<\/p>\n<p>Diam\u00e8tre int\u00e9rieur: 15.88 mm, 0.625 po<\/p>\n<p>Diam\u00e8tre int\u00e9rieur: 69.85 mm, 2.75 po<\/p>\n","protected":false},"excerpt":{"rendered":"<p>Longueur ou hauteur: 285.75 mm, 11.25 po Diam\u00e8tre ext\u00e9rieur: 133,35 mm, 5,25 po Diam\u00e8tre ext\u00e9rieur: 161.93 mm, 6.375 po Diam\u00e8tre int\u00e9rieur: 15.88 mm, 0.625 po Diam\u00e8tre int\u00e9rieur: 69.85 mm, 2.75 po<\/p>\n","protected":false},"featured_media":29700,"template":"","meta":[],"product-sub-category":[238],"brand":[114],"product-third-category":[],"acf":{"product_vendor":"CAS","product_stock_victoriaville":"1","product_stock_upton":"2","product_stock_huntingdon":"0","product_stock_marieville":"0","product_stock_stclet":"0","product_stock_durantaye":"1","product_stock_shefford":"0","product_stock_stematine":"2"},"_links":{"self":[{"href":"http:\/\/wp-pgs-equipements-adrien-phaneuf.elidevapp1aws.elisys-servers.ca\/fr\/wp-json\/wp\/v2\/product\/29699"}],"collection":[{"href":"http:\/\/wp-pgs-equipements-adrien-phaneuf.elidevapp1aws.elisys-servers.ca\/fr\/wp-json\/wp\/v2\/product"}],"about":[{"href":"http:\/\/wp-pgs-equipements-adrien-phaneuf.elidevapp1aws.elisys-servers.ca\/fr\/wp-json\/wp\/v2\/types\/product"}],"wp:featuredmedia":[{"embeddable":true,"href":"http:\/\/wp-pgs-equipements-adrien-phaneuf.elidevapp1aws.elisys-servers.ca\/fr\/wp-json\/wp\/v2\/media\/29700"}],"wp:attachment":[{"href":"http:\/\/wp-pgs-equipements-adrien-phaneuf.elidevapp1aws.elisys-servers.ca\/fr\/wp-json\/wp\/v2\/media?parent=29699"}],"wp:term":[{"taxonomy":"product-sub-category","embeddable":true,"href":"http:\/\/wp-pgs-equipements-adrien-phaneuf.elidevapp1aws.elisys-servers.ca\/fr\/wp-json\/wp\/v2\/product-sub-category?post=29699"},{"taxonomy":"brand","embeddable":true,"href":"http:\/\/wp-pgs-equipements-adrien-phaneuf.elidevapp1aws.elisys-servers.ca\/fr\/wp-json\/wp\/v2\/brand?post=29699"},{"taxonomy":"product-third-category","embeddable":true,"href":"http:\/\/wp-pgs-equipements-adrien-phaneuf.elidevapp1aws.elisys-servers.ca\/fr\/wp-json\/wp\/v2\/product-third-category?post=29699"}],"curies":[{"name":"wp","href":"https:\/\/api.w.org\/{rel}","templated":true}]}}