{"id":29705,"date":"2020-09-30T11:26:05","date_gmt":"2020-09-30T15:26:05","guid":{"rendered":"http:\/\/wp-pgs-equipements-adrien-phaneuf.elidevapp1aws.elisys-servers.ca\/product\/embout-femelle-7-8-iso-caseih-1272400c1\/"},"modified":"2025-09-30T06:00:13","modified_gmt":"2025-09-30T10:00:13","slug":"embout-femelle-7-8-iso-caseih-1272400c1","status":"publish","type":"product","link":"http:\/\/wp-pgs-equipements-adrien-phaneuf.elidevapp1aws.elisys-servers.ca\/fr\/produit\/embout-femelle-7-8-iso-caseih-1272400c1\/","title":{"rendered":"Embout femelle 7\/8 ISO CASEIH (1272400C1)"},"content":{"rendered":"<p>Accouplement de carter sp\u00e9cial utilis\u00e9 sur les tracteurs Maxxum<\/p>\n<p>Lib\u00e9ration facile<\/p>\n","protected":false},"excerpt":{"rendered":"<p>Accouplement de carter sp\u00e9cial utilis\u00e9 sur les tracteurs Maxxum Lib\u00e9ration facile<\/p>\n","protected":false},"featured_media":29706,"template":"","meta":[],"product-sub-category":[236],"brand":[114],"product-third-category":[],"acf":{"product_vendor":"CAS","product_stock_shefford":"2","product_stock_upton":"1","product_stock_durantaye":"2","product_stock_marieville":"2","product_stock_stclet":"0","product_stock_victoriaville":"0","product_stock_stematine":"0","product_stock_huntingdon":"1"},"_links":{"self":[{"href":"http:\/\/wp-pgs-equipements-adrien-phaneuf.elidevapp1aws.elisys-servers.ca\/fr\/wp-json\/wp\/v2\/product\/29705"}],"collection":[{"href":"http:\/\/wp-pgs-equipements-adrien-phaneuf.elidevapp1aws.elisys-servers.ca\/fr\/wp-json\/wp\/v2\/product"}],"about":[{"href":"http:\/\/wp-pgs-equipements-adrien-phaneuf.elidevapp1aws.elisys-servers.ca\/fr\/wp-json\/wp\/v2\/types\/product"}],"wp:featuredmedia":[{"embeddable":true,"href":"http:\/\/wp-pgs-equipements-adrien-phaneuf.elidevapp1aws.elisys-servers.ca\/fr\/wp-json\/wp\/v2\/media\/29706"}],"wp:attachment":[{"href":"http:\/\/wp-pgs-equipements-adrien-phaneuf.elidevapp1aws.elisys-servers.ca\/fr\/wp-json\/wp\/v2\/media?parent=29705"}],"wp:term":[{"taxonomy":"product-sub-category","embeddable":true,"href":"http:\/\/wp-pgs-equipements-adrien-phaneuf.elidevapp1aws.elisys-servers.ca\/fr\/wp-json\/wp\/v2\/product-sub-category?post=29705"},{"taxonomy":"brand","embeddable":true,"href":"http:\/\/wp-pgs-equipements-adrien-phaneuf.elidevapp1aws.elisys-servers.ca\/fr\/wp-json\/wp\/v2\/brand?post=29705"},{"taxonomy":"product-third-category","embeddable":true,"href":"http:\/\/wp-pgs-equipements-adrien-phaneuf.elidevapp1aws.elisys-servers.ca\/fr\/wp-json\/wp\/v2\/product-third-category?post=29705"}],"curies":[{"name":"wp","href":"https:\/\/api.w.org\/{rel}","templated":true}]}}