{"id":29717,"date":"2020-09-30T11:26:05","date_gmt":"2020-09-30T15:26:05","guid":{"rendered":"http:\/\/wp-pgs-equipements-adrien-phaneuf.elidevapp1aws.elisys-servers.ca\/product\/ensemble-detancheite-et-de-palier-daxe-dessieu-planetaire-caseih-1277253c1\/"},"modified":"2025-09-30T06:00:13","modified_gmt":"2025-09-30T10:00:13","slug":"ensemble-detancheite-et-de-palier-daxe-dessieu-planetaire-caseih-1277253c1","status":"publish","type":"product","link":"http:\/\/wp-pgs-equipements-adrien-phaneuf.elidevapp1aws.elisys-servers.ca\/fr\/produit\/ensemble-detancheite-et-de-palier-daxe-dessieu-planetaire-caseih-1277253c1\/","title":{"rendered":"Ensemble d&rsquo;\u00e9tanch\u00e9it\u00e9 et de palier d&rsquo;axe d&rsquo;essieu plan\u00e9taire CASEIH (1277253C1)"},"content":{"rendered":"<p>Ensemble d&rsquo;\u00e9tanch\u00e9it\u00e9 et de palier d&rsquo;axe d&rsquo;essieu plan\u00e9taire<\/p>\n","protected":false},"excerpt":{"rendered":"<p>Ensemble d&rsquo;\u00e9tanch\u00e9it\u00e9 et de palier d&rsquo;axe d&rsquo;essieu plan\u00e9taire<\/p>\n","protected":false},"featured_media":29718,"template":"","meta":[],"product-sub-category":[236,229],"brand":[114],"product-third-category":[],"acf":{"product_vendor":"CAS","product_stock_stclet":"0","product_stock_durantaye":"0","product_stock_marieville":"0","product_stock_stematine":"2","product_stock_victoriaville":"1","product_stock_upton":"","product_stock_shefford":"","product_stock_huntingdon":"","child_inventory_variation":""},"_links":{"self":[{"href":"http:\/\/wp-pgs-equipements-adrien-phaneuf.elidevapp1aws.elisys-servers.ca\/fr\/wp-json\/wp\/v2\/product\/29717"}],"collection":[{"href":"http:\/\/wp-pgs-equipements-adrien-phaneuf.elidevapp1aws.elisys-servers.ca\/fr\/wp-json\/wp\/v2\/product"}],"about":[{"href":"http:\/\/wp-pgs-equipements-adrien-phaneuf.elidevapp1aws.elisys-servers.ca\/fr\/wp-json\/wp\/v2\/types\/product"}],"wp:featuredmedia":[{"embeddable":true,"href":"http:\/\/wp-pgs-equipements-adrien-phaneuf.elidevapp1aws.elisys-servers.ca\/fr\/wp-json\/wp\/v2\/media\/29718"}],"wp:attachment":[{"href":"http:\/\/wp-pgs-equipements-adrien-phaneuf.elidevapp1aws.elisys-servers.ca\/fr\/wp-json\/wp\/v2\/media?parent=29717"}],"wp:term":[{"taxonomy":"product-sub-category","embeddable":true,"href":"http:\/\/wp-pgs-equipements-adrien-phaneuf.elidevapp1aws.elisys-servers.ca\/fr\/wp-json\/wp\/v2\/product-sub-category?post=29717"},{"taxonomy":"brand","embeddable":true,"href":"http:\/\/wp-pgs-equipements-adrien-phaneuf.elidevapp1aws.elisys-servers.ca\/fr\/wp-json\/wp\/v2\/brand?post=29717"},{"taxonomy":"product-third-category","embeddable":true,"href":"http:\/\/wp-pgs-equipements-adrien-phaneuf.elidevapp1aws.elisys-servers.ca\/fr\/wp-json\/wp\/v2\/product-third-category?post=29717"}],"curies":[{"name":"wp","href":"https:\/\/api.w.org\/{rel}","templated":true}]}}