{"id":29732,"date":"2020-09-30T11:26:28","date_gmt":"2020-09-30T15:26:28","guid":{"rendered":"http:\/\/wp-pgs-equipements-adrien-phaneuf.elidevapp1aws.elisys-servers.ca\/product\/chaine-dascenseur-de-retour-caseih-1303114c91\/"},"modified":"2025-09-30T06:00:16","modified_gmt":"2025-09-30T10:00:16","slug":"chaine-dascenseur-de-retour-caseih-1303114c91","status":"publish","type":"product","link":"http:\/\/wp-pgs-equipements-adrien-phaneuf.elidevapp1aws.elisys-servers.ca\/fr\/produit\/chaine-dascenseur-de-retour-caseih-1303114c91\/","title":{"rendered":"CHA\u00ceNE D&rsquo;ASCENSEUR DE RETOUR CASEIH (1303114C91)"},"content":{"rendered":"<p>Cha\u00eene d&rsquo;ascenseur de r\u00e9sidus\u00a0<\/p>\n<p>Convient aux batteuses\u00a0Case-IH<\/p>\n","protected":false},"excerpt":{"rendered":"<p>Cha\u00eene d&rsquo;ascenseur de r\u00e9sidus\u00a0 Convient aux batteuses\u00a0Case-IH<\/p>\n","protected":false},"featured_media":29733,"template":"","meta":[],"product-sub-category":[229,230],"brand":[114],"product-third-category":[],"acf":{"product_vendor":"CAS","product_stock_upton":"1","product_stock_huntingdon":"0","product_stock_marieville":"1","product_stock_stclet":"1","product_stock_stematine":"1"},"_links":{"self":[{"href":"http:\/\/wp-pgs-equipements-adrien-phaneuf.elidevapp1aws.elisys-servers.ca\/fr\/wp-json\/wp\/v2\/product\/29732"}],"collection":[{"href":"http:\/\/wp-pgs-equipements-adrien-phaneuf.elidevapp1aws.elisys-servers.ca\/fr\/wp-json\/wp\/v2\/product"}],"about":[{"href":"http:\/\/wp-pgs-equipements-adrien-phaneuf.elidevapp1aws.elisys-servers.ca\/fr\/wp-json\/wp\/v2\/types\/product"}],"wp:featuredmedia":[{"embeddable":true,"href":"http:\/\/wp-pgs-equipements-adrien-phaneuf.elidevapp1aws.elisys-servers.ca\/fr\/wp-json\/wp\/v2\/media\/29733"}],"wp:attachment":[{"href":"http:\/\/wp-pgs-equipements-adrien-phaneuf.elidevapp1aws.elisys-servers.ca\/fr\/wp-json\/wp\/v2\/media?parent=29732"}],"wp:term":[{"taxonomy":"product-sub-category","embeddable":true,"href":"http:\/\/wp-pgs-equipements-adrien-phaneuf.elidevapp1aws.elisys-servers.ca\/fr\/wp-json\/wp\/v2\/product-sub-category?post=29732"},{"taxonomy":"brand","embeddable":true,"href":"http:\/\/wp-pgs-equipements-adrien-phaneuf.elidevapp1aws.elisys-servers.ca\/fr\/wp-json\/wp\/v2\/brand?post=29732"},{"taxonomy":"product-third-category","embeddable":true,"href":"http:\/\/wp-pgs-equipements-adrien-phaneuf.elidevapp1aws.elisys-servers.ca\/fr\/wp-json\/wp\/v2\/product-third-category?post=29732"}],"curies":[{"name":"wp","href":"https:\/\/api.w.org\/{rel}","templated":true}]}}