{"id":29738,"date":"2020-09-30T11:26:28","date_gmt":"2020-09-30T15:26:28","guid":{"rendered":"http:\/\/wp-pgs-equipements-adrien-phaneuf.elidevapp1aws.elisys-servers.ca\/product\/support-de-rouleau-de-tige-droit-pour-tete-de-mais-caseih-1306172c1\/"},"modified":"2024-10-20T06:00:14","modified_gmt":"2024-10-20T10:00:14","slug":"support-de-rouleau-de-tige-droit-pour-tete-de-mais-caseih-1306172c1","status":"publish","type":"product","link":"http:\/\/wp-pgs-equipements-adrien-phaneuf.elidevapp1aws.elisys-servers.ca\/fr\/produit\/support-de-rouleau-de-tige-droit-pour-tete-de-mais-caseih-1306172c1\/","title":{"rendered":"Support de rouleau de tige droit pour T\u00eate de ma\u00efs CASEIH (1306172C1)"},"content":{"rendered":"<p>Support de rouleau de tige droit pour T\u00eate de ma\u00efs\u00a0Case-IH. S&rsquo;applique \u00e0 la s\u00e9rie 1000.<\/p>\n<p>Enduit durci et chrom\u00e9 pour une longue\u00a0durabilit\u00e9<\/p>\n","protected":false},"excerpt":{"rendered":"<p>Support de rouleau de tige droit pour T\u00eate de ma\u00efs\u00a0Case-IH. S&rsquo;applique \u00e0 la s\u00e9rie 1000. Enduit durci et chrom\u00e9 pour une longue\u00a0durabilit\u00e9<\/p>\n","protected":false},"featured_media":29739,"template":"","meta":[],"product-sub-category":[229,230],"brand":[114],"product-third-category":[],"acf":{"product_vendor":"CAS","product_stock_stematine":"0","product_stock_marieville":"0","product_stock_stclet":"0"},"_links":{"self":[{"href":"http:\/\/wp-pgs-equipements-adrien-phaneuf.elidevapp1aws.elisys-servers.ca\/fr\/wp-json\/wp\/v2\/product\/29738"}],"collection":[{"href":"http:\/\/wp-pgs-equipements-adrien-phaneuf.elidevapp1aws.elisys-servers.ca\/fr\/wp-json\/wp\/v2\/product"}],"about":[{"href":"http:\/\/wp-pgs-equipements-adrien-phaneuf.elidevapp1aws.elisys-servers.ca\/fr\/wp-json\/wp\/v2\/types\/product"}],"wp:featuredmedia":[{"embeddable":true,"href":"http:\/\/wp-pgs-equipements-adrien-phaneuf.elidevapp1aws.elisys-servers.ca\/fr\/wp-json\/wp\/v2\/media\/29739"}],"wp:attachment":[{"href":"http:\/\/wp-pgs-equipements-adrien-phaneuf.elidevapp1aws.elisys-servers.ca\/fr\/wp-json\/wp\/v2\/media?parent=29738"}],"wp:term":[{"taxonomy":"product-sub-category","embeddable":true,"href":"http:\/\/wp-pgs-equipements-adrien-phaneuf.elidevapp1aws.elisys-servers.ca\/fr\/wp-json\/wp\/v2\/product-sub-category?post=29738"},{"taxonomy":"brand","embeddable":true,"href":"http:\/\/wp-pgs-equipements-adrien-phaneuf.elidevapp1aws.elisys-servers.ca\/fr\/wp-json\/wp\/v2\/brand?post=29738"},{"taxonomy":"product-third-category","embeddable":true,"href":"http:\/\/wp-pgs-equipements-adrien-phaneuf.elidevapp1aws.elisys-servers.ca\/fr\/wp-json\/wp\/v2\/product-third-category?post=29738"}],"curies":[{"name":"wp","href":"https:\/\/api.w.org\/{rel}","templated":true}]}}