{"id":29747,"date":"2020-09-30T11:26:28","date_gmt":"2020-09-30T15:26:28","guid":{"rendered":"http:\/\/wp-pgs-equipements-adrien-phaneuf.elidevapp1aws.elisys-servers.ca\/product\/courroie-systemes-de-refroidissement-caseih-131403c1\/"},"modified":"2025-09-30T06:00:18","modified_gmt":"2025-09-30T10:00:18","slug":"courroie-systemes-de-refroidissement-caseih-131403c1","status":"publish","type":"product","link":"http:\/\/wp-pgs-equipements-adrien-phaneuf.elidevapp1aws.elisys-servers.ca\/fr\/produit\/courroie-systemes-de-refroidissement-caseih-131403c1\/","title":{"rendered":"Courroie, syst\u00e8mes de refroidissement CASEIH (131403C1)"},"content":{"rendered":"<p>La courroie de bord brut automobile est flexible et peut \u00eatre utilis\u00e9e sur des poulies de petit diam\u00e8tre pour des applications \u00e0 r\u00e9gime \u00e9lev\u00e9. Les engrenages fournissent un espace suppl\u00e9mentaire pour la dissipation de la chaleur g\u00e9n\u00e9r\u00e9e par le frottement, ce qui entra\u00eene une plus longue vie de la courroie. Ce type de courroie transmet plus de puissance que les courroies\u00a0enroul\u00e9es.<\/p>\n<p>Cat\u00e9gorie: A, 1\/2 \u00ab\u00a0X 38.77\u00a0\u00bb OC<\/p>\n<p>Compresseur POUR TRACTEUR<\/p>\n<p>Courroies: Alt, Ventilateur, Direction, Pompe \u00e0 eau<\/p>\n<p>Ajust\u00e9e et conforme<\/p>\n","protected":false},"excerpt":{"rendered":"<p>La courroie de bord brut automobile est flexible et peut \u00eatre utilis\u00e9e sur des poulies de petit diam\u00e8tre pour des applications \u00e0 r\u00e9gime \u00e9lev\u00e9. Les engrenages fournissent un espace suppl\u00e9mentaire pour la dissipation de la chaleur g\u00e9n\u00e9r\u00e9e par le frottement, ce qui entra\u00eene une plus longue vie de la courroie. Ce type de courroie transmet &hellip; <a href=\"http:\/\/wp-pgs-equipements-adrien-phaneuf.elidevapp1aws.elisys-servers.ca\/fr\/produit\/courroie-systemes-de-refroidissement-caseih-131403c1\/\">Suite<\/a><\/p>\n","protected":false},"featured_media":29748,"template":"","meta":[],"product-sub-category":[241,236,230],"brand":[225],"product-third-category":[],"acf":{"product_vendor":"CAS","product_stock_upton":"1","product_stock_marieville":"2","product_stock_shefford":"","product_stock_victoriaville":"1","product_stock_durantaye":"1","product_stock_stematine":"1","product_stock_stclet":"0","product_stock_huntingdon":"","child_inventory_variation":""},"_links":{"self":[{"href":"http:\/\/wp-pgs-equipements-adrien-phaneuf.elidevapp1aws.elisys-servers.ca\/fr\/wp-json\/wp\/v2\/product\/29747"}],"collection":[{"href":"http:\/\/wp-pgs-equipements-adrien-phaneuf.elidevapp1aws.elisys-servers.ca\/fr\/wp-json\/wp\/v2\/product"}],"about":[{"href":"http:\/\/wp-pgs-equipements-adrien-phaneuf.elidevapp1aws.elisys-servers.ca\/fr\/wp-json\/wp\/v2\/types\/product"}],"wp:featuredmedia":[{"embeddable":true,"href":"http:\/\/wp-pgs-equipements-adrien-phaneuf.elidevapp1aws.elisys-servers.ca\/fr\/wp-json\/wp\/v2\/media\/29748"}],"wp:attachment":[{"href":"http:\/\/wp-pgs-equipements-adrien-phaneuf.elidevapp1aws.elisys-servers.ca\/fr\/wp-json\/wp\/v2\/media?parent=29747"}],"wp:term":[{"taxonomy":"product-sub-category","embeddable":true,"href":"http:\/\/wp-pgs-equipements-adrien-phaneuf.elidevapp1aws.elisys-servers.ca\/fr\/wp-json\/wp\/v2\/product-sub-category?post=29747"},{"taxonomy":"brand","embeddable":true,"href":"http:\/\/wp-pgs-equipements-adrien-phaneuf.elidevapp1aws.elisys-servers.ca\/fr\/wp-json\/wp\/v2\/brand?post=29747"},{"taxonomy":"product-third-category","embeddable":true,"href":"http:\/\/wp-pgs-equipements-adrien-phaneuf.elidevapp1aws.elisys-servers.ca\/fr\/wp-json\/wp\/v2\/product-third-category?post=29747"}],"curies":[{"name":"wp","href":"https:\/\/api.w.org\/{rel}","templated":true}]}}