{"id":29753,"date":"2020-09-30T11:26:50","date_gmt":"2020-09-30T15:26:50","guid":{"rendered":"http:\/\/wp-pgs-equipements-adrien-phaneuf.elidevapp1aws.elisys-servers.ca\/product\/graisse-polyvalente-251h-ep-en-tube-caseih-132096a1\/"},"modified":"2025-09-30T06:00:19","modified_gmt":"2025-09-30T10:00:19","slug":"graisse-polyvalente-251h-ep-en-tube-caseih-132096a1","status":"publish","type":"product","link":"http:\/\/wp-pgs-equipements-adrien-phaneuf.elidevapp1aws.elisys-servers.ca\/fr\/produit\/graisse-polyvalente-251h-ep-en-tube-caseih-132096a1\/","title":{"rendered":"Graisse polyvalente 251H EP en tube CASEIH (132096A1)"},"content":{"rendered":"<p>Graisse \u00e0 haute pression NLGI 2 \u00e0 usage g\u00e9n\u00e9ral pour utilisation dans les \u00e9quipements agricoles, de construction et industriels<\/p>\n<p>Pour utilisation dans les paliers lisses et anti-friction, les joints universels, les arbres cannel\u00e9s, les pompes \u00e0 eau et la lubrification g\u00e9n\u00e9rale du ch\u00e2ssis<\/p>\n<p>14,0 oz.<\/p>\n","protected":false},"excerpt":{"rendered":"<p>Graisse \u00e0 haute pression NLGI 2 \u00e0 usage g\u00e9n\u00e9ral pour utilisation dans les \u00e9quipements agricoles, de construction et industriels Pour utilisation dans les paliers lisses et anti-friction, les joints universels, les arbres cannel\u00e9s, les pompes \u00e0 eau et la lubrification g\u00e9n\u00e9rale du ch\u00e2ssis 14,0 oz.<\/p>\n","protected":false},"featured_media":29754,"template":"","meta":[],"product-sub-category":[243,242],"brand":[114],"product-third-category":[],"acf":{"product_vendor":"CAS","product_stock_stematine":"0","product_stock_victoriaville":"4","product_stock_shefford":"0","product_stock_upton":"0","product_stock_huntingdon":"1","product_stock_durantaye":"0","product_stock_marieville":"0","product_stock_stclet":"0","child_inventory_variation":""},"_links":{"self":[{"href":"http:\/\/wp-pgs-equipements-adrien-phaneuf.elidevapp1aws.elisys-servers.ca\/fr\/wp-json\/wp\/v2\/product\/29753"}],"collection":[{"href":"http:\/\/wp-pgs-equipements-adrien-phaneuf.elidevapp1aws.elisys-servers.ca\/fr\/wp-json\/wp\/v2\/product"}],"about":[{"href":"http:\/\/wp-pgs-equipements-adrien-phaneuf.elidevapp1aws.elisys-servers.ca\/fr\/wp-json\/wp\/v2\/types\/product"}],"wp:featuredmedia":[{"embeddable":true,"href":"http:\/\/wp-pgs-equipements-adrien-phaneuf.elidevapp1aws.elisys-servers.ca\/fr\/wp-json\/wp\/v2\/media\/29754"}],"wp:attachment":[{"href":"http:\/\/wp-pgs-equipements-adrien-phaneuf.elidevapp1aws.elisys-servers.ca\/fr\/wp-json\/wp\/v2\/media?parent=29753"}],"wp:term":[{"taxonomy":"product-sub-category","embeddable":true,"href":"http:\/\/wp-pgs-equipements-adrien-phaneuf.elidevapp1aws.elisys-servers.ca\/fr\/wp-json\/wp\/v2\/product-sub-category?post=29753"},{"taxonomy":"brand","embeddable":true,"href":"http:\/\/wp-pgs-equipements-adrien-phaneuf.elidevapp1aws.elisys-servers.ca\/fr\/wp-json\/wp\/v2\/brand?post=29753"},{"taxonomy":"product-third-category","embeddable":true,"href":"http:\/\/wp-pgs-equipements-adrien-phaneuf.elidevapp1aws.elisys-servers.ca\/fr\/wp-json\/wp\/v2\/product-third-category?post=29753"}],"curies":[{"name":"wp","href":"https:\/\/api.w.org\/{rel}","templated":true}]}}