{"id":29811,"date":"2020-09-30T11:27:16","date_gmt":"2020-09-30T15:27:16","guid":{"rendered":"http:\/\/wp-pgs-equipements-adrien-phaneuf.elidevapp1aws.elisys-servers.ca\/product\/courroie-pour-batteuse-caseih-1541702c1\/"},"modified":"2025-09-30T06:07:19","modified_gmt":"2025-09-30T10:07:19","slug":"courroie-pour-batteuse-caseih-1541702c1","status":"publish","type":"product","link":"http:\/\/wp-pgs-equipements-adrien-phaneuf.elidevapp1aws.elisys-servers.ca\/fr\/produit\/courroie-pour-batteuse-caseih-1541702c1\/","title":{"rendered":"Courroie pour batteuse CASEIH (1541702C1)"},"content":{"rendered":"<p>Cat\u00e9gorie: A, 7\/8 \u00ab\u00a0X 148.3\u00a0\u00bb emballage \u00ab\u00a03BAND\u00a0\u00a0\u00bb<\/p>\n<p>Cat\u00e9gorie: B, Kevlar<\/p>\n<p>Courroie, entra\u00eenement s\u00e9parateur<\/p>\n<p>Ajust\u00e9e et conforme<\/p>\n","protected":false},"excerpt":{"rendered":"<p>Cat\u00e9gorie: A, 7\/8 \u00ab\u00a0X 148.3\u00a0\u00bb emballage \u00ab\u00a03BAND\u00a0\u00a0\u00bb Cat\u00e9gorie: B, Kevlar Courroie, entra\u00eenement s\u00e9parateur Ajust\u00e9e et conforme<\/p>\n","protected":false},"featured_media":49002,"template":"","meta":[],"product-sub-category":[241,236,230],"brand":[],"product-third-category":[],"acf":{"product_vendor":"CAS","product_stock_upton":"","product_stock_marieville":"1","product_stock_shefford":"","product_stock_victoriaville":"","product_stock_durantaye":"0","product_stock_stematine":"0","product_stock_stclet":"2","product_stock_huntingdon":"0","child_inventory_variation":""},"_links":{"self":[{"href":"http:\/\/wp-pgs-equipements-adrien-phaneuf.elidevapp1aws.elisys-servers.ca\/fr\/wp-json\/wp\/v2\/product\/29811"}],"collection":[{"href":"http:\/\/wp-pgs-equipements-adrien-phaneuf.elidevapp1aws.elisys-servers.ca\/fr\/wp-json\/wp\/v2\/product"}],"about":[{"href":"http:\/\/wp-pgs-equipements-adrien-phaneuf.elidevapp1aws.elisys-servers.ca\/fr\/wp-json\/wp\/v2\/types\/product"}],"wp:featuredmedia":[{"embeddable":true,"href":"http:\/\/wp-pgs-equipements-adrien-phaneuf.elidevapp1aws.elisys-servers.ca\/fr\/wp-json\/wp\/v2\/media\/49002"}],"wp:attachment":[{"href":"http:\/\/wp-pgs-equipements-adrien-phaneuf.elidevapp1aws.elisys-servers.ca\/fr\/wp-json\/wp\/v2\/media?parent=29811"}],"wp:term":[{"taxonomy":"product-sub-category","embeddable":true,"href":"http:\/\/wp-pgs-equipements-adrien-phaneuf.elidevapp1aws.elisys-servers.ca\/fr\/wp-json\/wp\/v2\/product-sub-category?post=29811"},{"taxonomy":"brand","embeddable":true,"href":"http:\/\/wp-pgs-equipements-adrien-phaneuf.elidevapp1aws.elisys-servers.ca\/fr\/wp-json\/wp\/v2\/brand?post=29811"},{"taxonomy":"product-third-category","embeddable":true,"href":"http:\/\/wp-pgs-equipements-adrien-phaneuf.elidevapp1aws.elisys-servers.ca\/fr\/wp-json\/wp\/v2\/product-third-category?post=29811"}],"curies":[{"name":"wp","href":"https:\/\/api.w.org\/{rel}","templated":true}]}}