{"id":29900,"date":"2020-09-30T11:28:36","date_gmt":"2020-09-30T15:28:36","guid":{"rendered":"http:\/\/wp-pgs-equipements-adrien-phaneuf.elidevapp1aws.elisys-servers.ca\/product\/courroie-systemes-de-refroidissement-caseih-243373a1\/"},"modified":"2025-09-30T06:00:34","modified_gmt":"2025-09-30T10:00:34","slug":"courroie-systemes-de-refroidissement-caseih-243373a1","status":"publish","type":"product","link":"http:\/\/wp-pgs-equipements-adrien-phaneuf.elidevapp1aws.elisys-servers.ca\/fr\/produit\/courroie-systemes-de-refroidissement-caseih-243373a1\/","title":{"rendered":"Courroie, syst\u00e8mes de refroidissement CASEIH (243373A1)"},"content":{"rendered":"<p>Cat\u00e9gorie: A<\/p>\n<p>POUR TRACTEUR<\/p>\n<p>Courroies: Alternateur, Ventilateur, Direction, Pompe \u00e0 eau<\/p>\n<p>Ajust\u00e9e et conforme<\/p>\n","protected":false},"excerpt":{"rendered":"<p>Cat\u00e9gorie: A POUR TRACTEUR Courroies: Alternateur, Ventilateur, Direction, Pompe \u00e0 eau Ajust\u00e9e et conforme<\/p>\n","protected":false},"featured_media":29901,"template":"","meta":[],"product-sub-category":[241,236,230],"brand":[],"product-third-category":[],"acf":{"product_vendor":"CAS","product_stock_upton":"1","product_stock_marieville":"1","product_stock_shefford":"","product_stock_victoriaville":"","product_stock_durantaye":"0","product_stock_stematine":"","product_stock_stclet":"1","product_stock_huntingdon":"","child_inventory_variation":""},"_links":{"self":[{"href":"http:\/\/wp-pgs-equipements-adrien-phaneuf.elidevapp1aws.elisys-servers.ca\/fr\/wp-json\/wp\/v2\/product\/29900"}],"collection":[{"href":"http:\/\/wp-pgs-equipements-adrien-phaneuf.elidevapp1aws.elisys-servers.ca\/fr\/wp-json\/wp\/v2\/product"}],"about":[{"href":"http:\/\/wp-pgs-equipements-adrien-phaneuf.elidevapp1aws.elisys-servers.ca\/fr\/wp-json\/wp\/v2\/types\/product"}],"wp:featuredmedia":[{"embeddable":true,"href":"http:\/\/wp-pgs-equipements-adrien-phaneuf.elidevapp1aws.elisys-servers.ca\/fr\/wp-json\/wp\/v2\/media\/29901"}],"wp:attachment":[{"href":"http:\/\/wp-pgs-equipements-adrien-phaneuf.elidevapp1aws.elisys-servers.ca\/fr\/wp-json\/wp\/v2\/media?parent=29900"}],"wp:term":[{"taxonomy":"product-sub-category","embeddable":true,"href":"http:\/\/wp-pgs-equipements-adrien-phaneuf.elidevapp1aws.elisys-servers.ca\/fr\/wp-json\/wp\/v2\/product-sub-category?post=29900"},{"taxonomy":"brand","embeddable":true,"href":"http:\/\/wp-pgs-equipements-adrien-phaneuf.elidevapp1aws.elisys-servers.ca\/fr\/wp-json\/wp\/v2\/brand?post=29900"},{"taxonomy":"product-third-category","embeddable":true,"href":"http:\/\/wp-pgs-equipements-adrien-phaneuf.elidevapp1aws.elisys-servers.ca\/fr\/wp-json\/wp\/v2\/product-third-category?post=29900"}],"curies":[{"name":"wp","href":"https:\/\/api.w.org\/{rel}","templated":true}]}}