{"id":29927,"date":"2020-09-30T11:28:59","date_gmt":"2020-09-30T15:28:59","guid":{"rendered":"http:\/\/wp-pgs-equipements-adrien-phaneuf.elidevapp1aws.elisys-servers.ca\/product\/courroie-pour-batteuse-caseih-301146a1\/"},"modified":"2025-09-30T06:00:48","modified_gmt":"2025-09-30T10:00:48","slug":"courroie-pour-batteuse-caseih-301146a1","status":"publish","type":"product","link":"http:\/\/wp-pgs-equipements-adrien-phaneuf.elidevapp1aws.elisys-servers.ca\/fr\/produit\/courroie-pour-batteuse-caseih-301146a1\/","title":{"rendered":"Courroie pour batteuse CASEIH (301146A1)"},"content":{"rendered":"<p>Cat\u00e9gorie: A, 1.22&Prime; X 73&Prime; REC<\/p>\n<p>Cat\u00e9gorie: B, Kevlar<\/p>\n<p>Ventilateur de nettoyage<\/p>\n<p>Ajust\u00e9e et conforme<\/p>\n","protected":false},"excerpt":{"rendered":"<p>Cat\u00e9gorie: A, 1.22&Prime; X 73&Prime; REC Cat\u00e9gorie: B, Kevlar Ventilateur de nettoyage Ajust\u00e9e et conforme<\/p>\n","protected":false},"featured_media":29928,"template":"","meta":[],"product-sub-category":[241,236,230],"brand":[],"product-third-category":[],"acf":{"product_vendor":"cas","product_stock_upton":"2","product_stock_marieville":"2","product_stock_shefford":"","product_stock_victoriaville":"1","product_stock_durantaye":"","product_stock_stematine":"2","product_stock_stclet":"1","product_stock_huntingdon":"1","child_inventory_variation":""},"_links":{"self":[{"href":"http:\/\/wp-pgs-equipements-adrien-phaneuf.elidevapp1aws.elisys-servers.ca\/fr\/wp-json\/wp\/v2\/product\/29927"}],"collection":[{"href":"http:\/\/wp-pgs-equipements-adrien-phaneuf.elidevapp1aws.elisys-servers.ca\/fr\/wp-json\/wp\/v2\/product"}],"about":[{"href":"http:\/\/wp-pgs-equipements-adrien-phaneuf.elidevapp1aws.elisys-servers.ca\/fr\/wp-json\/wp\/v2\/types\/product"}],"wp:featuredmedia":[{"embeddable":true,"href":"http:\/\/wp-pgs-equipements-adrien-phaneuf.elidevapp1aws.elisys-servers.ca\/fr\/wp-json\/wp\/v2\/media\/29928"}],"wp:attachment":[{"href":"http:\/\/wp-pgs-equipements-adrien-phaneuf.elidevapp1aws.elisys-servers.ca\/fr\/wp-json\/wp\/v2\/media?parent=29927"}],"wp:term":[{"taxonomy":"product-sub-category","embeddable":true,"href":"http:\/\/wp-pgs-equipements-adrien-phaneuf.elidevapp1aws.elisys-servers.ca\/fr\/wp-json\/wp\/v2\/product-sub-category?post=29927"},{"taxonomy":"brand","embeddable":true,"href":"http:\/\/wp-pgs-equipements-adrien-phaneuf.elidevapp1aws.elisys-servers.ca\/fr\/wp-json\/wp\/v2\/brand?post=29927"},{"taxonomy":"product-third-category","embeddable":true,"href":"http:\/\/wp-pgs-equipements-adrien-phaneuf.elidevapp1aws.elisys-servers.ca\/fr\/wp-json\/wp\/v2\/product-third-category?post=29927"}],"curies":[{"name":"wp","href":"https:\/\/api.w.org\/{rel}","templated":true}]}}