{"id":29975,"date":"2020-09-30T11:29:56","date_gmt":"2020-09-30T15:29:56","guid":{"rendered":"http:\/\/wp-pgs-equipements-adrien-phaneuf.elidevapp1aws.elisys-servers.ca\/product\/huile-moteur-a-essence-a-faible-teneur-en-cendres-30w-caseih-407340r3\/"},"modified":"2023-08-08T20:00:11","modified_gmt":"2023-08-09T00:00:11","slug":"huile-moteur-a-essence-a-faible-teneur-en-cendres-30w-caseih-407340r3","status":"publish","type":"product","link":"http:\/\/wp-pgs-equipements-adrien-phaneuf.elidevapp1aws.elisys-servers.ca\/fr\/produit\/huile-moteur-a-essence-a-faible-teneur-en-cendres-30w-caseih-407340r3\/","title":{"rendered":"Huile moteur \u00e0 essence \u00e0 faible teneur en cendres 30W CASEIH (407340R3)"},"content":{"rendered":"<p>Un produit de qualit\u00e9 sup\u00e9rieure m\u00e9lang\u00e9 pour une performance et une dur\u00e9e de vie optimales<\/p>\n<p>Sp\u00e9cialement con\u00e7u pour le service lourd dans les moteurs diesel \u00e0 essence, GPL, gaz naturel et \u00e0 cycle 2 temps<\/p>\n<p>Fournit des niveaux \u00e9lev\u00e9s de dispersants (d\u00e9tergents) formul\u00e9s pour minimiser les d\u00e9p\u00f4ts de cendres m\u00e9talliques, l&rsquo;allongement de la dur\u00e9e de vie de la soupape et de la bougie<\/p>\n","protected":false},"excerpt":{"rendered":"<p>Un produit de qualit\u00e9 sup\u00e9rieure m\u00e9lang\u00e9 pour une performance et une dur\u00e9e de vie optimales Sp\u00e9cialement con\u00e7u pour le service lourd dans les moteurs diesel \u00e0 essence, GPL, gaz naturel et \u00e0 cycle 2 temps Fournit des niveaux \u00e9lev\u00e9s de dispersants (d\u00e9tergents) formul\u00e9s pour minimiser les d\u00e9p\u00f4ts de cendres m\u00e9talliques, l&rsquo;allongement de la dur\u00e9e de &hellip; <a href=\"http:\/\/wp-pgs-equipements-adrien-phaneuf.elidevapp1aws.elisys-servers.ca\/fr\/produit\/huile-moteur-a-essence-a-faible-teneur-en-cendres-30w-caseih-407340r3\/\">Suite<\/a><\/p>\n","protected":false},"featured_media":29976,"template":"","meta":[],"product-sub-category":[242],"brand":[114],"product-third-category":[],"acf":{"product_vendor":"CAS","product_stock_victoriaville":"0","product_stock_shefford":"0","product_stock_upton":"0","product_stock_durantaye":"0","product_stock_marieville":"0","product_stock_stematine":"","product_stock_stclet":"0","product_stock_huntingdon":"","child_inventory_variation":""},"_links":{"self":[{"href":"http:\/\/wp-pgs-equipements-adrien-phaneuf.elidevapp1aws.elisys-servers.ca\/fr\/wp-json\/wp\/v2\/product\/29975"}],"collection":[{"href":"http:\/\/wp-pgs-equipements-adrien-phaneuf.elidevapp1aws.elisys-servers.ca\/fr\/wp-json\/wp\/v2\/product"}],"about":[{"href":"http:\/\/wp-pgs-equipements-adrien-phaneuf.elidevapp1aws.elisys-servers.ca\/fr\/wp-json\/wp\/v2\/types\/product"}],"wp:featuredmedia":[{"embeddable":true,"href":"http:\/\/wp-pgs-equipements-adrien-phaneuf.elidevapp1aws.elisys-servers.ca\/fr\/wp-json\/wp\/v2\/media\/29976"}],"wp:attachment":[{"href":"http:\/\/wp-pgs-equipements-adrien-phaneuf.elidevapp1aws.elisys-servers.ca\/fr\/wp-json\/wp\/v2\/media?parent=29975"}],"wp:term":[{"taxonomy":"product-sub-category","embeddable":true,"href":"http:\/\/wp-pgs-equipements-adrien-phaneuf.elidevapp1aws.elisys-servers.ca\/fr\/wp-json\/wp\/v2\/product-sub-category?post=29975"},{"taxonomy":"brand","embeddable":true,"href":"http:\/\/wp-pgs-equipements-adrien-phaneuf.elidevapp1aws.elisys-servers.ca\/fr\/wp-json\/wp\/v2\/brand?post=29975"},{"taxonomy":"product-third-category","embeddable":true,"href":"http:\/\/wp-pgs-equipements-adrien-phaneuf.elidevapp1aws.elisys-servers.ca\/fr\/wp-json\/wp\/v2\/product-third-category?post=29975"}],"curies":[{"name":"wp","href":"https:\/\/api.w.org\/{rel}","templated":true}]}}