{"id":30044,"date":"2020-09-30T11:30:36","date_gmt":"2020-09-30T15:30:36","guid":{"rendered":"http:\/\/wp-pgs-equipements-adrien-phaneuf.elidevapp1aws.elisys-servers.ca\/product\/roulement-avec-pignon-caseih-413712a1\/"},"modified":"2025-09-30T06:00:56","modified_gmt":"2025-09-30T10:00:56","slug":"roulement-avec-pignon-caseih-413712a1","status":"publish","type":"product","link":"http:\/\/wp-pgs-equipements-adrien-phaneuf.elidevapp1aws.elisys-servers.ca\/fr\/produit\/roulement-avec-pignon-caseih-413712a1\/","title":{"rendered":"ROULEMENT AVEC PIGNON CASEIH ( 413712A1)"},"content":{"rendered":"<p>Roulement \u00e0 12 pignons dent\u00e9s.<\/p>\n<p>Pour l&rsquo;unit\u00e9 de rang\u00e9e sur des planteurs\u00a0de s\u00e9rie de Case-IH 1200.<\/p>\n","protected":false},"excerpt":{"rendered":"<p>Roulement \u00e0 12 pignons dent\u00e9s. Pour l&rsquo;unit\u00e9 de rang\u00e9e sur des planteurs\u00a0de s\u00e9rie de Case-IH 1200.<\/p>\n","protected":false},"featured_media":30045,"template":"","meta":[],"product-sub-category":[251],"brand":[114],"product-third-category":[],"acf":{"product_vendor":"CAS","product_stock_shefford":"0","product_stock_upton":"2","product_stock_marieville":"2","product_stock_stclet":"0","product_stock_stematine":"2","product_stock_huntingdon":"0","product_stock_durantaye":"2","product_stock_victoriaville":"","child_inventory_variation":""},"_links":{"self":[{"href":"http:\/\/wp-pgs-equipements-adrien-phaneuf.elidevapp1aws.elisys-servers.ca\/fr\/wp-json\/wp\/v2\/product\/30044"}],"collection":[{"href":"http:\/\/wp-pgs-equipements-adrien-phaneuf.elidevapp1aws.elisys-servers.ca\/fr\/wp-json\/wp\/v2\/product"}],"about":[{"href":"http:\/\/wp-pgs-equipements-adrien-phaneuf.elidevapp1aws.elisys-servers.ca\/fr\/wp-json\/wp\/v2\/types\/product"}],"wp:featuredmedia":[{"embeddable":true,"href":"http:\/\/wp-pgs-equipements-adrien-phaneuf.elidevapp1aws.elisys-servers.ca\/fr\/wp-json\/wp\/v2\/media\/30045"}],"wp:attachment":[{"href":"http:\/\/wp-pgs-equipements-adrien-phaneuf.elidevapp1aws.elisys-servers.ca\/fr\/wp-json\/wp\/v2\/media?parent=30044"}],"wp:term":[{"taxonomy":"product-sub-category","embeddable":true,"href":"http:\/\/wp-pgs-equipements-adrien-phaneuf.elidevapp1aws.elisys-servers.ca\/fr\/wp-json\/wp\/v2\/product-sub-category?post=30044"},{"taxonomy":"brand","embeddable":true,"href":"http:\/\/wp-pgs-equipements-adrien-phaneuf.elidevapp1aws.elisys-servers.ca\/fr\/wp-json\/wp\/v2\/brand?post=30044"},{"taxonomy":"product-third-category","embeddable":true,"href":"http:\/\/wp-pgs-equipements-adrien-phaneuf.elidevapp1aws.elisys-servers.ca\/fr\/wp-json\/wp\/v2\/product-third-category?post=30044"}],"curies":[{"name":"wp","href":"https:\/\/api.w.org\/{rel}","templated":true}]}}