{"id":30058,"date":"2020-09-30T11:31:14","date_gmt":"2020-09-30T15:31:14","guid":{"rendered":"http:\/\/wp-pgs-equipements-adrien-phaneuf.elidevapp1aws.elisys-servers.ca\/product\/coupe-bordure-pliable-de-14po-20v-max-dewalt-dcst922p1\/"},"modified":"2023-12-06T06:04:29","modified_gmt":"2023-12-06T11:04:29","slug":"coupe-bordure-pliable-de-14po-20v-max-dewalt-dcst922p1","status":"publish","type":"product","link":"http:\/\/wp-pgs-equipements-adrien-phaneuf.elidevapp1aws.elisys-servers.ca\/fr\/produit\/coupe-bordure-pliable-de-14po-20v-max-dewalt-dcst922p1\/","title":{"rendered":"COUPE-BORDURE PLIABLE DE 14po,  20V MAX * DEWALT &#8211; DCST922P1"},"content":{"rendered":"<p>Ce coupe-bordures de 20 V MAX * de 14 po est dot\u00e9 d&rsquo;un m\u00e9canisme de charni\u00e8re pliable innovant qui r\u00e9duit la longueur de 40% ** pour un rangement accessible et une portabilit\u00e9 rapide.\u00a0La bobine QuickLoad \u2122 permet un remplacement rapide et facile de la ligne DEWALT 0,080 po.\u00a0L&rsquo;andain de 14 po donne un grand rayon de coupe pour abattre de larges sections de surcroissance en un seul passage.\u00a0Le d\u00e9clencheur \u00e0 vitesse variable offre un contr\u00f4le pr\u00e9cis de la puissance, ainsi qu&rsquo;une gestion des performances et de l&rsquo;ex\u00e9cution avec le commutateur de contr\u00f4le de vitesse Hi \/ Lo.<br \/>\n***Batterie et chargeur inclus***<\/p>\n","protected":false},"excerpt":{"rendered":"<p>Ce coupe-bordures de 20 V MAX * de 14 po est dot\u00e9 d&rsquo;un m\u00e9canisme de charni\u00e8re pliable innovant qui r\u00e9duit la longueur de 40% ** pour un rangement accessible et une portabilit\u00e9 rapide.\u00a0La bobine QuickLoad \u2122 permet un remplacement rapide et facile de la ligne DEWALT 0,080 po.\u00a0L&rsquo;andain de 14 po donne un grand rayon &hellip; <a href=\"http:\/\/wp-pgs-equipements-adrien-phaneuf.elidevapp1aws.elisys-servers.ca\/fr\/produit\/coupe-bordure-pliable-de-14po-20v-max-dewalt-dcst922p1\/\">Suite<\/a><\/p>\n","protected":false},"featured_media":30059,"template":"","meta":[],"product-sub-category":[253],"brand":[254],"product-third-category":[],"acf":{"product_vendor":"dewalt","product_stock_stematine":"1","product_stock_upton":"1","product_stock_durantaye":"1","product_stock_marieville":"1","product_stock_stclet":"1","product_stock_shefford":"2","product_stock_huntingdon":"0","product_stock_victoriaville":"1","child_inventory_variation":""},"_links":{"self":[{"href":"http:\/\/wp-pgs-equipements-adrien-phaneuf.elidevapp1aws.elisys-servers.ca\/fr\/wp-json\/wp\/v2\/product\/30058"}],"collection":[{"href":"http:\/\/wp-pgs-equipements-adrien-phaneuf.elidevapp1aws.elisys-servers.ca\/fr\/wp-json\/wp\/v2\/product"}],"about":[{"href":"http:\/\/wp-pgs-equipements-adrien-phaneuf.elidevapp1aws.elisys-servers.ca\/fr\/wp-json\/wp\/v2\/types\/product"}],"wp:featuredmedia":[{"embeddable":true,"href":"http:\/\/wp-pgs-equipements-adrien-phaneuf.elidevapp1aws.elisys-servers.ca\/fr\/wp-json\/wp\/v2\/media\/30059"}],"wp:attachment":[{"href":"http:\/\/wp-pgs-equipements-adrien-phaneuf.elidevapp1aws.elisys-servers.ca\/fr\/wp-json\/wp\/v2\/media?parent=30058"}],"wp:term":[{"taxonomy":"product-sub-category","embeddable":true,"href":"http:\/\/wp-pgs-equipements-adrien-phaneuf.elidevapp1aws.elisys-servers.ca\/fr\/wp-json\/wp\/v2\/product-sub-category?post=30058"},{"taxonomy":"brand","embeddable":true,"href":"http:\/\/wp-pgs-equipements-adrien-phaneuf.elidevapp1aws.elisys-servers.ca\/fr\/wp-json\/wp\/v2\/brand?post=30058"},{"taxonomy":"product-third-category","embeddable":true,"href":"http:\/\/wp-pgs-equipements-adrien-phaneuf.elidevapp1aws.elisys-servers.ca\/fr\/wp-json\/wp\/v2\/product-third-category?post=30058"}],"curies":[{"name":"wp","href":"https:\/\/api.w.org\/{rel}","templated":true}]}}