{"id":30066,"date":"2020-09-30T11:31:14","date_gmt":"2020-09-30T15:31:14","guid":{"rendered":"http:\/\/wp-pgs-equipements-adrien-phaneuf.elidevapp1aws.elisys-servers.ca\/product\/coupe-bordure-15po-flexvolt-60v-max-dewalt-dcst970x1\/"},"modified":"2024-08-08T21:15:10","modified_gmt":"2024-08-09T01:15:10","slug":"coupe-bordure-15po-flexvolt-60v-max-dewalt-dcst970x1","status":"publish","type":"product","link":"http:\/\/wp-pgs-equipements-adrien-phaneuf.elidevapp1aws.elisys-servers.ca\/fr\/produit\/coupe-bordure-15po-flexvolt-60v-max-dewalt-dcst970x1\/","title":{"rendered":"COUPE-BORDURE 15po FLEXVOLT\u00ae 60V MAX DEWALT &#8211; DCST970X1"},"content":{"rendered":"<p>Le coupe-fil DEWALT 60V MAX * est con\u00e7u pour r\u00e9sister \u00e0 une prolif\u00e9ration difficile et r\u00e9sister \u00e0 un usage intensif quotidien.\u00a0Il dispose d&rsquo;un moteur sans balais \u00e0 haute efficacit\u00e9 qui maximise l&rsquo;autonomie et la dur\u00e9e de vie du moteur, et sa conception l\u00e9g\u00e8re et ergonomique maximise le contr\u00f4le et minimise la pression sur vos bras.\u00a0Ce kit comprend une batterie FLEXVOLT 60V MAX * qui alimente les outils 60V MAX * ou il peut \u00eatre r\u00e9trocompatible pour fonctionner avec les outils 20V MAX *.<br \/>\n***Batterie et chargeur inclus***<\/p>\n","protected":false},"excerpt":{"rendered":"<p>Le coupe-fil DEWALT 60V MAX * est con\u00e7u pour r\u00e9sister \u00e0 une prolif\u00e9ration difficile et r\u00e9sister \u00e0 un usage intensif quotidien.\u00a0Il dispose d&rsquo;un moteur sans balais \u00e0 haute efficacit\u00e9 qui maximise l&rsquo;autonomie et la dur\u00e9e de vie du moteur, et sa conception l\u00e9g\u00e8re et ergonomique maximise le contr\u00f4le et minimise la pression sur vos bras.\u00a0Ce &hellip; <a href=\"http:\/\/wp-pgs-equipements-adrien-phaneuf.elidevapp1aws.elisys-servers.ca\/fr\/produit\/coupe-bordure-15po-flexvolt-60v-max-dewalt-dcst970x1\/\">Suite<\/a><\/p>\n","protected":false},"featured_media":30067,"template":"","meta":[],"product-sub-category":[253,368],"brand":[254],"product-third-category":[],"acf":{"product_vendor":"RVI","product_stock_upton":"","product_stock_marieville":"","product_stock_shefford":"1","product_stock_victoriaville":"0","product_stock_durantaye":"","product_stock_stematine":"","product_stock_stclet":"","product_stock_huntingdon":"","child_inventory_variation":""},"_links":{"self":[{"href":"http:\/\/wp-pgs-equipements-adrien-phaneuf.elidevapp1aws.elisys-servers.ca\/fr\/wp-json\/wp\/v2\/product\/30066"}],"collection":[{"href":"http:\/\/wp-pgs-equipements-adrien-phaneuf.elidevapp1aws.elisys-servers.ca\/fr\/wp-json\/wp\/v2\/product"}],"about":[{"href":"http:\/\/wp-pgs-equipements-adrien-phaneuf.elidevapp1aws.elisys-servers.ca\/fr\/wp-json\/wp\/v2\/types\/product"}],"wp:featuredmedia":[{"embeddable":true,"href":"http:\/\/wp-pgs-equipements-adrien-phaneuf.elidevapp1aws.elisys-servers.ca\/fr\/wp-json\/wp\/v2\/media\/30067"}],"wp:attachment":[{"href":"http:\/\/wp-pgs-equipements-adrien-phaneuf.elidevapp1aws.elisys-servers.ca\/fr\/wp-json\/wp\/v2\/media?parent=30066"}],"wp:term":[{"taxonomy":"product-sub-category","embeddable":true,"href":"http:\/\/wp-pgs-equipements-adrien-phaneuf.elidevapp1aws.elisys-servers.ca\/fr\/wp-json\/wp\/v2\/product-sub-category?post=30066"},{"taxonomy":"brand","embeddable":true,"href":"http:\/\/wp-pgs-equipements-adrien-phaneuf.elidevapp1aws.elisys-servers.ca\/fr\/wp-json\/wp\/v2\/brand?post=30066"},{"taxonomy":"product-third-category","embeddable":true,"href":"http:\/\/wp-pgs-equipements-adrien-phaneuf.elidevapp1aws.elisys-servers.ca\/fr\/wp-json\/wp\/v2\/product-third-category?post=30066"}],"curies":[{"name":"wp","href":"https:\/\/api.w.org\/{rel}","templated":true}]}}