{"id":30090,"date":"2020-09-30T11:32:13","date_gmt":"2020-09-30T15:32:13","guid":{"rendered":"http:\/\/wp-pgs-equipements-adrien-phaneuf.elidevapp1aws.elisys-servers.ca\/product\/scie-alternative-dewalt-20-v-max-outil-uniquement-dewalt-dcs380b\/"},"modified":"2023-08-09T20:00:48","modified_gmt":"2023-08-10T00:00:48","slug":"scie-alternative-dewalt-20-v-max-outil-uniquement-dewalt-dcs380b","status":"publish","type":"product","link":"http:\/\/wp-pgs-equipements-adrien-phaneuf.elidevapp1aws.elisys-servers.ca\/fr\/produit\/scie-alternative-dewalt-20-v-max-outil-uniquement-dewalt-dcs380b\/","title":{"rendered":"SCIE ALTERNATIVE DEWALT 20 V MAX * (OUTIL UNIQUEMENT) DEWALT &#8211; DCS380B"},"content":{"rendered":"<p>La scie alternative 20V MAX * a une g\u00e2chette \u00e0 vitesse variable d\u00e9livrant jusqu&rsquo;\u00e0 3000 coups par minute vous permettant d&rsquo;adapter la vitesse \u00e0 l&rsquo;application et une longueur de course de 1-1\/8&Prime; pour une coupe rapide, permet de changer les lames rapidement et facilement et permet une vari\u00e9t\u00e9 d&rsquo;applications, y compris la coupe \u00e0 ras. Le sabot pivotant fournit un effet de levier pendant la coupe et prolonge la dur\u00e9e de vie de la lame.<br \/>\n***Batterie et chargeur NON-inclus***<\/p>\n","protected":false},"excerpt":{"rendered":"<p>La scie alternative 20V MAX * a une g\u00e2chette \u00e0 vitesse variable d\u00e9livrant jusqu&rsquo;\u00e0 3000 coups par minute vous permettant d&rsquo;adapter la vitesse \u00e0 l&rsquo;application et une longueur de course de 1-1\/8&Prime; pour une coupe rapide, permet de changer les lames rapidement et facilement et permet une vari\u00e9t\u00e9 d&rsquo;applications, y compris la coupe \u00e0 ras. &hellip; <a href=\"http:\/\/wp-pgs-equipements-adrien-phaneuf.elidevapp1aws.elisys-servers.ca\/fr\/produit\/scie-alternative-dewalt-20-v-max-outil-uniquement-dewalt-dcs380b\/\">Suite<\/a><\/p>\n","protected":false},"featured_media":30091,"template":"","meta":[],"product-sub-category":[253,370],"brand":[254],"product-third-category":[],"acf":{"product_vendor":"dewalt","product_stock_stematine":"0","product_stock_victoriaville":"0","product_stock_marieville":"1","product_stock_upton":"1","product_stock_shefford":"0","product_stock_huntingdon":"1","product_stock_durantaye":"","product_stock_stclet":"","child_inventory_variation":""},"_links":{"self":[{"href":"http:\/\/wp-pgs-equipements-adrien-phaneuf.elidevapp1aws.elisys-servers.ca\/fr\/wp-json\/wp\/v2\/product\/30090"}],"collection":[{"href":"http:\/\/wp-pgs-equipements-adrien-phaneuf.elidevapp1aws.elisys-servers.ca\/fr\/wp-json\/wp\/v2\/product"}],"about":[{"href":"http:\/\/wp-pgs-equipements-adrien-phaneuf.elidevapp1aws.elisys-servers.ca\/fr\/wp-json\/wp\/v2\/types\/product"}],"wp:featuredmedia":[{"embeddable":true,"href":"http:\/\/wp-pgs-equipements-adrien-phaneuf.elidevapp1aws.elisys-servers.ca\/fr\/wp-json\/wp\/v2\/media\/30091"}],"wp:attachment":[{"href":"http:\/\/wp-pgs-equipements-adrien-phaneuf.elidevapp1aws.elisys-servers.ca\/fr\/wp-json\/wp\/v2\/media?parent=30090"}],"wp:term":[{"taxonomy":"product-sub-category","embeddable":true,"href":"http:\/\/wp-pgs-equipements-adrien-phaneuf.elidevapp1aws.elisys-servers.ca\/fr\/wp-json\/wp\/v2\/product-sub-category?post=30090"},{"taxonomy":"brand","embeddable":true,"href":"http:\/\/wp-pgs-equipements-adrien-phaneuf.elidevapp1aws.elisys-servers.ca\/fr\/wp-json\/wp\/v2\/brand?post=30090"},{"taxonomy":"product-third-category","embeddable":true,"href":"http:\/\/wp-pgs-equipements-adrien-phaneuf.elidevapp1aws.elisys-servers.ca\/fr\/wp-json\/wp\/v2\/product-third-category?post=30090"}],"curies":[{"name":"wp","href":"https:\/\/api.w.org\/{rel}","templated":true}]}}