{"id":30093,"date":"2020-09-30T11:32:13","date_gmt":"2020-09-30T15:32:13","guid":{"rendered":"http:\/\/wp-pgs-equipements-adrien-phaneuf.elidevapp1aws.elisys-servers.ca\/product\/scie-alternative-dewalt-60v-max-outil-uniquement-dewalt-dcs380b\/"},"modified":"2023-08-09T20:00:49","modified_gmt":"2023-08-10T00:00:49","slug":"scie-alternative-dewalt-60v-max-outil-uniquement-dewalt-dcs380b","status":"publish","type":"product","link":"http:\/\/wp-pgs-equipements-adrien-phaneuf.elidevapp1aws.elisys-servers.ca\/fr\/produit\/scie-alternative-dewalt-60v-max-outil-uniquement-dewalt-dcs380b\/","title":{"rendered":"SCIE ALTERNATIVE DEWALT 60V MAX * (OUTIL UNIQUEMENT) DEWALT &#8211; DCS380B"},"content":{"rendered":"<p>La scie alternative 60V MAX est maximis\u00e9 pour l&rsquo;ex\u00e9cution et la durabilit\u00e9. Il offre la puissance d&rsquo;une scie alternative filaire avec la portabilit\u00e9 et la commodit\u00e9 d&rsquo;une scie sans fil gr\u00e2ce \u00e0 la technologie r\u00e9volutionnaire DEWALT FLEXVOLT.<br \/>\n***Batterie et chargeur NON-inclus***<\/p>\n","protected":false},"excerpt":{"rendered":"<p>La scie alternative 60V MAX est maximis\u00e9 pour l&rsquo;ex\u00e9cution et la durabilit\u00e9. Il offre la puissance d&rsquo;une scie alternative filaire avec la portabilit\u00e9 et la commodit\u00e9 d&rsquo;une scie sans fil gr\u00e2ce \u00e0 la technologie r\u00e9volutionnaire DEWALT FLEXVOLT. ***Batterie et chargeur NON-inclus***<\/p>\n","protected":false},"featured_media":30094,"template":"","meta":[],"product-sub-category":[253,370],"brand":[254],"product-third-category":[],"acf":{"product_vendor":"dewalt","product_stock_stematine":"0","product_stock_victoriaville":"1","product_stock_upton":"1","product_stock_huntingdon":"0","product_stock_marieville":"","product_stock_shefford":"","product_stock_durantaye":"","product_stock_stclet":"","child_inventory_variation":""},"_links":{"self":[{"href":"http:\/\/wp-pgs-equipements-adrien-phaneuf.elidevapp1aws.elisys-servers.ca\/fr\/wp-json\/wp\/v2\/product\/30093"}],"collection":[{"href":"http:\/\/wp-pgs-equipements-adrien-phaneuf.elidevapp1aws.elisys-servers.ca\/fr\/wp-json\/wp\/v2\/product"}],"about":[{"href":"http:\/\/wp-pgs-equipements-adrien-phaneuf.elidevapp1aws.elisys-servers.ca\/fr\/wp-json\/wp\/v2\/types\/product"}],"wp:featuredmedia":[{"embeddable":true,"href":"http:\/\/wp-pgs-equipements-adrien-phaneuf.elidevapp1aws.elisys-servers.ca\/fr\/wp-json\/wp\/v2\/media\/30094"}],"wp:attachment":[{"href":"http:\/\/wp-pgs-equipements-adrien-phaneuf.elidevapp1aws.elisys-servers.ca\/fr\/wp-json\/wp\/v2\/media?parent=30093"}],"wp:term":[{"taxonomy":"product-sub-category","embeddable":true,"href":"http:\/\/wp-pgs-equipements-adrien-phaneuf.elidevapp1aws.elisys-servers.ca\/fr\/wp-json\/wp\/v2\/product-sub-category?post=30093"},{"taxonomy":"brand","embeddable":true,"href":"http:\/\/wp-pgs-equipements-adrien-phaneuf.elidevapp1aws.elisys-servers.ca\/fr\/wp-json\/wp\/v2\/brand?post=30093"},{"taxonomy":"product-third-category","embeddable":true,"href":"http:\/\/wp-pgs-equipements-adrien-phaneuf.elidevapp1aws.elisys-servers.ca\/fr\/wp-json\/wp\/v2\/product-third-category?post=30093"}],"curies":[{"name":"wp","href":"https:\/\/api.w.org\/{rel}","templated":true}]}}