{"id":30105,"date":"2020-09-30T11:32:13","date_gmt":"2020-09-30T15:32:13","guid":{"rendered":"http:\/\/wp-pgs-equipements-adrien-phaneuf.elidevapp1aws.elisys-servers.ca\/product\/scie-circulaire-60v-max-9po-dewalt-dcs690b\/"},"modified":"2024-06-25T15:46:06","modified_gmt":"2024-06-25T19:46:06","slug":"scie-circulaire-60v-max-9po-dewalt-dcs690b","status":"publish","type":"product","link":"http:\/\/wp-pgs-equipements-adrien-phaneuf.elidevapp1aws.elisys-servers.ca\/fr\/produit\/scie-circulaire-60v-max-9po-dewalt-dcs690b\/","title":{"rendered":"SCIE CIRCULAIRE 60V MAX 9po DEWALT &#8211; DCS690B"},"content":{"rendered":"<p>La scie \u00e0 tron\u00e7onner sans fil FLEXVOLT 60 V MAX * est capable de 3-1\/4 po de profondeur de coupe et dispose d&rsquo;un moteur sans balais qui atteint 6500 tr \/ min. Cela permet des coupes et des rainures instantan\u00e9es, rapides et efficaces dans les mat\u00e9riaux de b\u00e9ton et de ma\u00e7onnerie, ainsi que l&rsquo;acier et les barres d&rsquo;armature. \u034d Avec un protecteur rotatif \u00e0 5 positions, l&rsquo;utilisateur peut s\u00e9lectionner l&rsquo;angle d&rsquo;approche qui offre une visibilit\u00e9 et une accessibilit\u00e9 optimales lors de la coupe dans des espaces restreints. Le DCS690 dispose \u00e9galement d&rsquo;une transmission enti\u00e8rement m\u00e9tallique sans courroie. Cela permet une scie \u00e0 tron\u00e7onner durable sur le chantier, efficace et sans courroie \u00e0 changer, \u00e0 tendre et \u00e0 entretenir. Le bo\u00eetier de batterie verrouill\u00e9 et scell\u00e9 prot\u00e8ge \u00e9galement la batterie et les bornes des conditions de chantier difficiles. \u034d De plus, la scie \u00e0 tron\u00e7onner 60 V MAX * est dot\u00e9e d&rsquo;un syst\u00e8me d&rsquo;alimentation en eau \u00e0 double face qui offre une solution de r\u00e9clamation OSHA Tableau 1 pour la coupe du b\u00e9ton et des mat\u00e9riaux de ma\u00e7onnerie. Dot\u00e9 d&rsquo;une poign\u00e9e avant pouvant \u00eatre maintenue dans trois positions, permettant \u00e0 la scie d&rsquo;\u00eatre maintenue en toute s\u00e9curit\u00e9 pour couper dans les positions horizontale et verticale. De plus, un nouveau voyant indicateur de charge \u00e9lev\u00e9e fournit \u00e0 l&rsquo;utilisateur une alimentation en temps r\u00e9el et un retour sur l&rsquo;ex\u00e9cution pendant les applications exigeantes. \u034dEnfin, l&rsquo;outil lui-m\u00eame est Tool Connect \u2122 Tag Ready \u2122 (\u00e9tiquette vendue s\u00e9par\u00e9ment). La meule diamant\u00e9e FLEXVOLT\u00ae et la meule de tron\u00e7onnage FLEXVOLT\u00ae sont optimis\u00e9es pour une utilisation avec la scie \u00e0 tron\u00e7onner 9\u201d60V MAX *. Avec la scie \u00e0 tron\u00e7onner 9 \u201d60V MAX *, l&rsquo;utilisateur de la construction en b\u00e9ton b\u00e9n\u00e9ficie de la puissance du syst\u00e8me FLEXVOLT\u00ae sans les tracas du gaz **. Avec un moteur sans balais efficace et puissant, l&rsquo;outil offre une longue dur\u00e9e de vie dans des applications exigeantes.<br \/>\n*** Batterie et chargeur NON inclus ***<\/p>\n","protected":false},"excerpt":{"rendered":"<p>La scie \u00e0 tron\u00e7onner sans fil FLEXVOLT 60 V MAX * est capable de 3-1\/4 po de profondeur de coupe et dispose d&rsquo;un moteur sans balais qui atteint 6500 tr \/ min. Cela permet des coupes et des rainures instantan\u00e9es, rapides et efficaces dans les mat\u00e9riaux de b\u00e9ton et de ma\u00e7onnerie, ainsi que l&rsquo;acier et &hellip; <a href=\"http:\/\/wp-pgs-equipements-adrien-phaneuf.elidevapp1aws.elisys-servers.ca\/fr\/produit\/scie-circulaire-60v-max-9po-dewalt-dcs690b\/\">Suite<\/a><\/p>\n","protected":false},"featured_media":30106,"template":"","meta":[],"product-sub-category":[253,370],"brand":[254],"product-third-category":[],"acf":{"product_vendor":"dewalt","product_stock_victoriaville":"1","product_stock_upton":"0","product_stock_marieville":"","product_stock_shefford":"","product_stock_durantaye":"","product_stock_stematine":"","product_stock_stclet":"","product_stock_huntingdon":"","child_inventory_variation":""},"_links":{"self":[{"href":"http:\/\/wp-pgs-equipements-adrien-phaneuf.elidevapp1aws.elisys-servers.ca\/fr\/wp-json\/wp\/v2\/product\/30105"}],"collection":[{"href":"http:\/\/wp-pgs-equipements-adrien-phaneuf.elidevapp1aws.elisys-servers.ca\/fr\/wp-json\/wp\/v2\/product"}],"about":[{"href":"http:\/\/wp-pgs-equipements-adrien-phaneuf.elidevapp1aws.elisys-servers.ca\/fr\/wp-json\/wp\/v2\/types\/product"}],"wp:featuredmedia":[{"embeddable":true,"href":"http:\/\/wp-pgs-equipements-adrien-phaneuf.elidevapp1aws.elisys-servers.ca\/fr\/wp-json\/wp\/v2\/media\/30106"}],"wp:attachment":[{"href":"http:\/\/wp-pgs-equipements-adrien-phaneuf.elidevapp1aws.elisys-servers.ca\/fr\/wp-json\/wp\/v2\/media?parent=30105"}],"wp:term":[{"taxonomy":"product-sub-category","embeddable":true,"href":"http:\/\/wp-pgs-equipements-adrien-phaneuf.elidevapp1aws.elisys-servers.ca\/fr\/wp-json\/wp\/v2\/product-sub-category?post=30105"},{"taxonomy":"brand","embeddable":true,"href":"http:\/\/wp-pgs-equipements-adrien-phaneuf.elidevapp1aws.elisys-servers.ca\/fr\/wp-json\/wp\/v2\/brand?post=30105"},{"taxonomy":"product-third-category","embeddable":true,"href":"http:\/\/wp-pgs-equipements-adrien-phaneuf.elidevapp1aws.elisys-servers.ca\/fr\/wp-json\/wp\/v2\/product-third-category?post=30105"}],"curies":[{"name":"wp","href":"https:\/\/api.w.org\/{rel}","templated":true}]}}