{"id":30114,"date":"2020-09-30T11:32:13","date_gmt":"2020-09-30T15:32:13","guid":{"rendered":"http:\/\/wp-pgs-equipements-adrien-phaneuf.elidevapp1aws.elisys-servers.ca\/product\/bague-metallique-divisee-caseih-44008755\/"},"modified":"2025-09-30T06:00:57","modified_gmt":"2025-09-30T10:00:57","slug":"bague-metallique-divisee-caseih-44008755","status":"publish","type":"product","link":"http:\/\/wp-pgs-equipements-adrien-phaneuf.elidevapp1aws.elisys-servers.ca\/fr\/produit\/bague-metallique-divisee-caseih-44008755\/","title":{"rendered":"Bague m\u00e9tallique divis\u00e9e CASEIH (44008755)"},"content":{"rendered":"<p>Bouchon divis\u00e9. 1-1 \/ 8 \u00ab\u00a0O.D., 7\/8\u00a0\u00bb I.D.<\/p>\n<p>S&rsquo;adapte \u00e0 DMI et Case Tigermate II, Tigermate 200<\/p>\n","protected":false},"excerpt":{"rendered":"<p>Bouchon divis\u00e9. 1-1 \/ 8 \u00ab\u00a0O.D., 7\/8\u00a0\u00bb I.D. S&rsquo;adapte \u00e0 DMI et Case Tigermate II, Tigermate 200<\/p>\n","protected":false},"featured_media":30115,"template":"","meta":[],"product-sub-category":[236,229,230],"brand":[114],"product-third-category":[],"acf":{"product_vendor":"CAS","product_stock_stematine":"10","product_stock_marieville":"9","product_stock_stclet":"1","product_stock_upton":"5","product_stock_huntingdon":"7","product_stock_durantaye":"30"},"_links":{"self":[{"href":"http:\/\/wp-pgs-equipements-adrien-phaneuf.elidevapp1aws.elisys-servers.ca\/fr\/wp-json\/wp\/v2\/product\/30114"}],"collection":[{"href":"http:\/\/wp-pgs-equipements-adrien-phaneuf.elidevapp1aws.elisys-servers.ca\/fr\/wp-json\/wp\/v2\/product"}],"about":[{"href":"http:\/\/wp-pgs-equipements-adrien-phaneuf.elidevapp1aws.elisys-servers.ca\/fr\/wp-json\/wp\/v2\/types\/product"}],"wp:featuredmedia":[{"embeddable":true,"href":"http:\/\/wp-pgs-equipements-adrien-phaneuf.elidevapp1aws.elisys-servers.ca\/fr\/wp-json\/wp\/v2\/media\/30115"}],"wp:attachment":[{"href":"http:\/\/wp-pgs-equipements-adrien-phaneuf.elidevapp1aws.elisys-servers.ca\/fr\/wp-json\/wp\/v2\/media?parent=30114"}],"wp:term":[{"taxonomy":"product-sub-category","embeddable":true,"href":"http:\/\/wp-pgs-equipements-adrien-phaneuf.elidevapp1aws.elisys-servers.ca\/fr\/wp-json\/wp\/v2\/product-sub-category?post=30114"},{"taxonomy":"brand","embeddable":true,"href":"http:\/\/wp-pgs-equipements-adrien-phaneuf.elidevapp1aws.elisys-servers.ca\/fr\/wp-json\/wp\/v2\/brand?post=30114"},{"taxonomy":"product-third-category","embeddable":true,"href":"http:\/\/wp-pgs-equipements-adrien-phaneuf.elidevapp1aws.elisys-servers.ca\/fr\/wp-json\/wp\/v2\/product-third-category?post=30114"}],"curies":[{"name":"wp","href":"https:\/\/api.w.org\/{rel}","templated":true}]}}