{"id":30153,"date":"2020-09-30T11:33:30","date_gmt":"2020-09-30T15:33:30","guid":{"rendered":"http:\/\/wp-pgs-equipements-adrien-phaneuf.elidevapp1aws.elisys-servers.ca\/product\/courroie-de-foin-et-fourrage-caseih-486543r3\/"},"modified":"2025-09-30T06:01:05","modified_gmt":"2025-09-30T10:01:05","slug":"courroie-de-foin-et-fourrage-caseih-486543r3","status":"publish","type":"product","link":"http:\/\/wp-pgs-equipements-adrien-phaneuf.elidevapp1aws.elisys-servers.ca\/fr\/produit\/courroie-de-foin-et-fourrage-caseih-486543r3\/","title":{"rendered":"Courroie de foin et fourrage CASEIH (486543R3)"},"content":{"rendered":"<p>Cat\u00e9gorie: A, 7\/8 \u00ab\u00a0x 62 7\/16\u00a0\u00bb Envelopp\u00e9<\/p>\n<p>Cat\u00e9gorie: B,\u00a0Poly<\/p>\n<p>Entra\u00eenement hydraulique, Tondeuse, Presse \u00e0 balles carr\u00e9<\/p>\n<p>Ajust\u00e9e et conforme<\/p>\n","protected":false},"excerpt":{"rendered":"<p>Cat\u00e9gorie: A, 7\/8 \u00ab\u00a0x 62 7\/16\u00a0\u00bb Envelopp\u00e9 Cat\u00e9gorie: B,\u00a0Poly Entra\u00eenement hydraulique, Tondeuse, Presse \u00e0 balles carr\u00e9 Ajust\u00e9e et conforme<\/p>\n","protected":false},"featured_media":30154,"template":"","meta":[],"product-sub-category":[241,236,230],"brand":[],"product-third-category":[],"acf":{"product_vendor":"CAS","product_stock_upton":"2","product_stock_marieville":"2","product_stock_shefford":"0","product_stock_victoriaville":"5","product_stock_durantaye":"0","product_stock_stematine":"1","product_stock_stclet":"3","product_stock_huntingdon":"1","child_inventory_variation":""},"_links":{"self":[{"href":"http:\/\/wp-pgs-equipements-adrien-phaneuf.elidevapp1aws.elisys-servers.ca\/fr\/wp-json\/wp\/v2\/product\/30153"}],"collection":[{"href":"http:\/\/wp-pgs-equipements-adrien-phaneuf.elidevapp1aws.elisys-servers.ca\/fr\/wp-json\/wp\/v2\/product"}],"about":[{"href":"http:\/\/wp-pgs-equipements-adrien-phaneuf.elidevapp1aws.elisys-servers.ca\/fr\/wp-json\/wp\/v2\/types\/product"}],"wp:featuredmedia":[{"embeddable":true,"href":"http:\/\/wp-pgs-equipements-adrien-phaneuf.elidevapp1aws.elisys-servers.ca\/fr\/wp-json\/wp\/v2\/media\/30154"}],"wp:attachment":[{"href":"http:\/\/wp-pgs-equipements-adrien-phaneuf.elidevapp1aws.elisys-servers.ca\/fr\/wp-json\/wp\/v2\/media?parent=30153"}],"wp:term":[{"taxonomy":"product-sub-category","embeddable":true,"href":"http:\/\/wp-pgs-equipements-adrien-phaneuf.elidevapp1aws.elisys-servers.ca\/fr\/wp-json\/wp\/v2\/product-sub-category?post=30153"},{"taxonomy":"brand","embeddable":true,"href":"http:\/\/wp-pgs-equipements-adrien-phaneuf.elidevapp1aws.elisys-servers.ca\/fr\/wp-json\/wp\/v2\/brand?post=30153"},{"taxonomy":"product-third-category","embeddable":true,"href":"http:\/\/wp-pgs-equipements-adrien-phaneuf.elidevapp1aws.elisys-servers.ca\/fr\/wp-json\/wp\/v2\/product-third-category?post=30153"}],"curies":[{"name":"wp","href":"https:\/\/api.w.org\/{rel}","templated":true}]}}