{"id":30359,"date":"2020-09-30T11:35:41","date_gmt":"2020-09-30T15:35:41","guid":{"rendered":"http:\/\/wp-pgs-equipements-adrien-phaneuf.elidevapp1aws.elisys-servers.ca\/product\/ensemble-de-disque-douverture-caseih-603020r92\/"},"modified":"2025-09-30T06:01:19","modified_gmt":"2025-09-30T10:01:19","slug":"ensemble-de-disque-douverture-caseih-603020r92","status":"publish","type":"product","link":"http:\/\/wp-pgs-equipements-adrien-phaneuf.elidevapp1aws.elisys-servers.ca\/fr\/produit\/ensemble-de-disque-douverture-caseih-603020r92\/","title":{"rendered":"Ensemble de disque d&rsquo;ouverture CASEIH (603020R92)"},"content":{"rendered":"<p>L&rsquo;ensemble comprend un disque avec un roulement et une bride int\u00e9gr\u00e9e<\/p>\n<p>Capuchon de roulement # 603012R1\u00a0vendu s\u00e9par\u00e9ment<\/p>\n<p>Diam\u00e8tre: 14 \u00a0\u00bb<\/p>\n<p>\u00c9paisseur: 2 mm<\/p>\n","protected":false},"excerpt":{"rendered":"<p>L&rsquo;ensemble comprend un disque avec un roulement et une bride int\u00e9gr\u00e9e Capuchon de roulement # 603012R1\u00a0vendu s\u00e9par\u00e9ment Diam\u00e8tre: 14 \u00a0\u00bb \u00c9paisseur: 2 mm<\/p>\n","protected":false},"featured_media":30360,"template":"","meta":[],"product-sub-category":[230],"brand":[114],"product-third-category":[],"acf":{"product_vendor":"CAS","product_stock_stematine":"25","product_stock_victoriaville":"6","product_stock_upton":"18","product_stock_huntingdon":"10","product_stock_durantaye":"40","product_stock_marieville":"18","product_stock_stclet":"4","product_stock_shefford":"2"},"_links":{"self":[{"href":"http:\/\/wp-pgs-equipements-adrien-phaneuf.elidevapp1aws.elisys-servers.ca\/fr\/wp-json\/wp\/v2\/product\/30359"}],"collection":[{"href":"http:\/\/wp-pgs-equipements-adrien-phaneuf.elidevapp1aws.elisys-servers.ca\/fr\/wp-json\/wp\/v2\/product"}],"about":[{"href":"http:\/\/wp-pgs-equipements-adrien-phaneuf.elidevapp1aws.elisys-servers.ca\/fr\/wp-json\/wp\/v2\/types\/product"}],"wp:featuredmedia":[{"embeddable":true,"href":"http:\/\/wp-pgs-equipements-adrien-phaneuf.elidevapp1aws.elisys-servers.ca\/fr\/wp-json\/wp\/v2\/media\/30360"}],"wp:attachment":[{"href":"http:\/\/wp-pgs-equipements-adrien-phaneuf.elidevapp1aws.elisys-servers.ca\/fr\/wp-json\/wp\/v2\/media?parent=30359"}],"wp:term":[{"taxonomy":"product-sub-category","embeddable":true,"href":"http:\/\/wp-pgs-equipements-adrien-phaneuf.elidevapp1aws.elisys-servers.ca\/fr\/wp-json\/wp\/v2\/product-sub-category?post=30359"},{"taxonomy":"brand","embeddable":true,"href":"http:\/\/wp-pgs-equipements-adrien-phaneuf.elidevapp1aws.elisys-servers.ca\/fr\/wp-json\/wp\/v2\/brand?post=30359"},{"taxonomy":"product-third-category","embeddable":true,"href":"http:\/\/wp-pgs-equipements-adrien-phaneuf.elidevapp1aws.elisys-servers.ca\/fr\/wp-json\/wp\/v2\/product-third-category?post=30359"}],"curies":[{"name":"wp","href":"https:\/\/api.w.org\/{rel}","templated":true}]}}