{"id":30422,"date":"2020-09-30T11:36:22","date_gmt":"2020-09-30T15:36:22","guid":{"rendered":"http:\/\/wp-pgs-equipements-adrien-phaneuf.elidevapp1aws.elisys-servers.ca\/product\/32oz-de-carburant-premelange-caseih-6325638\/"},"modified":"2024-12-27T06:00:57","modified_gmt":"2024-12-27T11:00:57","slug":"32oz-de-carburant-premelange-caseih-6325638","status":"publish","type":"product","link":"http:\/\/wp-pgs-equipements-adrien-phaneuf.elidevapp1aws.elisys-servers.ca\/fr\/produit\/32oz-de-carburant-premelange-caseih-6325638\/","title":{"rendered":"32oz de carburant pr\u00e9m\u00e9lang\u00e9 (6325638)"},"content":{"rendered":"<p>Combustible \u00e0 cycle complet 50: 1 de pr\u00e9cision<\/p>\n<p>Carburant \u00e0 indice d&rsquo;octane \u00e9lev\u00e9 (94 RON), sans \u00e9thanol<\/p>\n<p>Contient de l&rsquo;huile synth\u00e9tique de premi\u00e8re qualit\u00e9<\/p>\n<p>Contient un stabilisateur de carburant pour assurer un carburant frais (2 ans et plus de dur\u00e9e de vie apr\u00e8s ouverture)<\/p>\n<p>Un carburant frais et puissant offrant une commodit\u00e9, une performance et une protection incomparables<\/p>\n","protected":false},"excerpt":{"rendered":"<p>Combustible \u00e0 cycle complet 50: 1 de pr\u00e9cision Carburant \u00e0 indice d&rsquo;octane \u00e9lev\u00e9 (94 RON), sans \u00e9thanol Contient de l&rsquo;huile synth\u00e9tique de premi\u00e8re qualit\u00e9 Contient un stabilisateur de carburant pour assurer un carburant frais (2 ans et plus de dur\u00e9e de vie apr\u00e8s ouverture) Un carburant frais et puissant offrant une commodit\u00e9, une performance et &hellip; <a href=\"http:\/\/wp-pgs-equipements-adrien-phaneuf.elidevapp1aws.elisys-servers.ca\/fr\/produit\/32oz-de-carburant-premelange-caseih-6325638\/\">Suite<\/a><\/p>\n","protected":false},"featured_media":30423,"template":"","meta":[],"product-sub-category":[242],"brand":[],"product-third-category":[],"acf":{"product_vendor":"RVI","product_stock_upton":"0","product_stock_marieville":"0","product_stock_shefford":"0","product_stock_victoriaville":"0","product_stock_durantaye":"","product_stock_stematine":"","product_stock_stclet":"","product_stock_huntingdon":"","child_inventory_variation":""},"_links":{"self":[{"href":"http:\/\/wp-pgs-equipements-adrien-phaneuf.elidevapp1aws.elisys-servers.ca\/fr\/wp-json\/wp\/v2\/product\/30422"}],"collection":[{"href":"http:\/\/wp-pgs-equipements-adrien-phaneuf.elidevapp1aws.elisys-servers.ca\/fr\/wp-json\/wp\/v2\/product"}],"about":[{"href":"http:\/\/wp-pgs-equipements-adrien-phaneuf.elidevapp1aws.elisys-servers.ca\/fr\/wp-json\/wp\/v2\/types\/product"}],"wp:featuredmedia":[{"embeddable":true,"href":"http:\/\/wp-pgs-equipements-adrien-phaneuf.elidevapp1aws.elisys-servers.ca\/fr\/wp-json\/wp\/v2\/media\/30423"}],"wp:attachment":[{"href":"http:\/\/wp-pgs-equipements-adrien-phaneuf.elidevapp1aws.elisys-servers.ca\/fr\/wp-json\/wp\/v2\/media?parent=30422"}],"wp:term":[{"taxonomy":"product-sub-category","embeddable":true,"href":"http:\/\/wp-pgs-equipements-adrien-phaneuf.elidevapp1aws.elisys-servers.ca\/fr\/wp-json\/wp\/v2\/product-sub-category?post=30422"},{"taxonomy":"brand","embeddable":true,"href":"http:\/\/wp-pgs-equipements-adrien-phaneuf.elidevapp1aws.elisys-servers.ca\/fr\/wp-json\/wp\/v2\/brand?post=30422"},{"taxonomy":"product-third-category","embeddable":true,"href":"http:\/\/wp-pgs-equipements-adrien-phaneuf.elidevapp1aws.elisys-servers.ca\/fr\/wp-json\/wp\/v2\/product-third-category?post=30422"}],"curies":[{"name":"wp","href":"https:\/\/api.w.org\/{rel}","templated":true}]}}