{"id":30436,"date":"2020-09-30T11:36:46","date_gmt":"2020-09-30T15:36:46","guid":{"rendered":"http:\/\/wp-pgs-equipements-adrien-phaneuf.elidevapp1aws.elisys-servers.ca\/product\/tube-graisse-moly-gr-75-14oz-caseih-73340211\/"},"modified":"2025-09-30T06:01:22","modified_gmt":"2025-09-30T10:01:22","slug":"tube-graisse-moly-gr-75-14oz-caseih-73340211","status":"publish","type":"product","link":"http:\/\/wp-pgs-equipements-adrien-phaneuf.elidevapp1aws.elisys-servers.ca\/fr\/produit\/tube-graisse-moly-gr-75-14oz-caseih-73340211\/","title":{"rendered":"Tube Graisse Moly GR- 75 14oz CASEIH (73340211)"},"content":{"rendered":"<p>NLGI 2 savon au lithium graisse extr\u00eame contenant du disulfure de molybd\u00e8ne<\/p>\n<p>Pour une utilisation intensive dans les \u00e9quipements de construction, industriels et agricoles<\/p>\n<p>Pour une utilisation dans des \u00e9quipements\u00a0exigeant une protection contre les charges extr\u00eames, les conditions de charge de choc ou de vitesse lente<\/p>\n","protected":false},"excerpt":{"rendered":"<p>NLGI 2 savon au lithium graisse extr\u00eame contenant du disulfure de molybd\u00e8ne Pour une utilisation intensive dans les \u00e9quipements de construction, industriels et agricoles Pour une utilisation dans des \u00e9quipements\u00a0exigeant une protection contre les charges extr\u00eames, les conditions de charge de choc ou de vitesse lente<\/p>\n","protected":false},"featured_media":30437,"template":"","meta":[],"product-sub-category":[243],"brand":[114],"product-third-category":[],"acf":{"product_vendor":"CAS","product_stock_stematine":"0","product_stock_victoriaville":"5","product_stock_shefford":"0","product_stock_upton":"0","product_stock_huntingdon":"0","product_stock_durantaye":"1","product_stock_marieville":"0","product_stock_stclet":"0","child_inventory_variation":""},"_links":{"self":[{"href":"http:\/\/wp-pgs-equipements-adrien-phaneuf.elidevapp1aws.elisys-servers.ca\/fr\/wp-json\/wp\/v2\/product\/30436"}],"collection":[{"href":"http:\/\/wp-pgs-equipements-adrien-phaneuf.elidevapp1aws.elisys-servers.ca\/fr\/wp-json\/wp\/v2\/product"}],"about":[{"href":"http:\/\/wp-pgs-equipements-adrien-phaneuf.elidevapp1aws.elisys-servers.ca\/fr\/wp-json\/wp\/v2\/types\/product"}],"wp:featuredmedia":[{"embeddable":true,"href":"http:\/\/wp-pgs-equipements-adrien-phaneuf.elidevapp1aws.elisys-servers.ca\/fr\/wp-json\/wp\/v2\/media\/30437"}],"wp:attachment":[{"href":"http:\/\/wp-pgs-equipements-adrien-phaneuf.elidevapp1aws.elisys-servers.ca\/fr\/wp-json\/wp\/v2\/media?parent=30436"}],"wp:term":[{"taxonomy":"product-sub-category","embeddable":true,"href":"http:\/\/wp-pgs-equipements-adrien-phaneuf.elidevapp1aws.elisys-servers.ca\/fr\/wp-json\/wp\/v2\/product-sub-category?post=30436"},{"taxonomy":"brand","embeddable":true,"href":"http:\/\/wp-pgs-equipements-adrien-phaneuf.elidevapp1aws.elisys-servers.ca\/fr\/wp-json\/wp\/v2\/brand?post=30436"},{"taxonomy":"product-third-category","embeddable":true,"href":"http:\/\/wp-pgs-equipements-adrien-phaneuf.elidevapp1aws.elisys-servers.ca\/fr\/wp-json\/wp\/v2\/product-third-category?post=30436"}],"curies":[{"name":"wp","href":"https:\/\/api.w.org\/{rel}","templated":true}]}}