{"id":30439,"date":"2020-09-30T11:36:46","date_gmt":"2020-09-30T15:36:46","guid":{"rendered":"http:\/\/wp-pgs-equipements-adrien-phaneuf.elidevapp1aws.elisys-servers.ca\/product\/testeur-dhumidite-a-foin-caseih-73340410\/"},"modified":"2025-09-30T06:01:22","modified_gmt":"2025-09-30T10:01:22","slug":"testeur-dhumidite-a-foin-caseih-73340410","status":"publish","type":"product","link":"http:\/\/wp-pgs-equipements-adrien-phaneuf.elidevapp1aws.elisys-servers.ca\/fr\/produit\/testeur-dhumidite-a-foin-caseih-73340410\/","title":{"rendered":"Testeur d&rsquo;humidit\u00e9 \u00e0 foin CASEIH (73340410)"},"content":{"rendered":"<p>Utilisation avec petites presses carr\u00e9es ou rondes<\/p>\n<p>Nouvelle technologie multi-capteurs avec une plus grande pr\u00e9cision<\/p>\n<p>Moyennes affich\u00e9es toutes les 3 secondes<\/p>\n<p>\u00c9cran LCD r\u00e9tro\u00e9clair\u00e9 pour utilisation nocturne<\/p>\n<p>+\/- R\u00e9glage de l&rsquo;humidit\u00e9<\/p>\n<p>Au-dessus et en dessous de la limite d&rsquo;humidit\u00e9<\/p>\n<p>Courbes de microprogramme \/ \u00e9talonnage \u00e9volutives via port USB standard<\/p>\n<p>Plage d&rsquo;humidit\u00e9: 8% \u00e0 30 +% selon type de presse usag\u00e9e<\/p>\n<p>Pr\u00e9cision dans toute la gamme normale de foin stock\u00e9<\/p>\n","protected":false},"excerpt":{"rendered":"<p>Utilisation avec petites presses carr\u00e9es ou rondes Nouvelle technologie multi-capteurs avec une plus grande pr\u00e9cision Moyennes affich\u00e9es toutes les 3 secondes \u00c9cran LCD r\u00e9tro\u00e9clair\u00e9 pour utilisation nocturne +\/- R\u00e9glage de l&rsquo;humidit\u00e9 Au-dessus et en dessous de la limite d&rsquo;humidit\u00e9 Courbes de microprogramme \/ \u00e9talonnage \u00e9volutives via port USB standard Plage d&rsquo;humidit\u00e9: 8% \u00e0 30 +% &hellip; <a href=\"http:\/\/wp-pgs-equipements-adrien-phaneuf.elidevapp1aws.elisys-servers.ca\/fr\/produit\/testeur-dhumidite-a-foin-caseih-73340410\/\">Suite<\/a><\/p>\n","protected":false},"featured_media":30440,"template":"","meta":[],"product-sub-category":[384],"brand":[111],"product-third-category":[],"acf":{"product_vendor":"CAS","product_stock_victoriaville":"2","product_stock_upton":"0","product_stock_marieville":"1","product_stock_shefford":"","product_stock_durantaye":"","product_stock_stematine":"","product_stock_stclet":"","product_stock_huntingdon":"","child_inventory_variation":""},"_links":{"self":[{"href":"http:\/\/wp-pgs-equipements-adrien-phaneuf.elidevapp1aws.elisys-servers.ca\/fr\/wp-json\/wp\/v2\/product\/30439"}],"collection":[{"href":"http:\/\/wp-pgs-equipements-adrien-phaneuf.elidevapp1aws.elisys-servers.ca\/fr\/wp-json\/wp\/v2\/product"}],"about":[{"href":"http:\/\/wp-pgs-equipements-adrien-phaneuf.elidevapp1aws.elisys-servers.ca\/fr\/wp-json\/wp\/v2\/types\/product"}],"wp:featuredmedia":[{"embeddable":true,"href":"http:\/\/wp-pgs-equipements-adrien-phaneuf.elidevapp1aws.elisys-servers.ca\/fr\/wp-json\/wp\/v2\/media\/30440"}],"wp:attachment":[{"href":"http:\/\/wp-pgs-equipements-adrien-phaneuf.elidevapp1aws.elisys-servers.ca\/fr\/wp-json\/wp\/v2\/media?parent=30439"}],"wp:term":[{"taxonomy":"product-sub-category","embeddable":true,"href":"http:\/\/wp-pgs-equipements-adrien-phaneuf.elidevapp1aws.elisys-servers.ca\/fr\/wp-json\/wp\/v2\/product-sub-category?post=30439"},{"taxonomy":"brand","embeddable":true,"href":"http:\/\/wp-pgs-equipements-adrien-phaneuf.elidevapp1aws.elisys-servers.ca\/fr\/wp-json\/wp\/v2\/brand?post=30439"},{"taxonomy":"product-third-category","embeddable":true,"href":"http:\/\/wp-pgs-equipements-adrien-phaneuf.elidevapp1aws.elisys-servers.ca\/fr\/wp-json\/wp\/v2\/product-third-category?post=30439"}],"curies":[{"name":"wp","href":"https:\/\/api.w.org\/{rel}","templated":true}]}}