{"id":30511,"date":"2020-09-30T11:37:37","date_gmt":"2020-09-30T15:37:37","guid":{"rendered":"http:\/\/wp-pgs-equipements-adrien-phaneuf.elidevapp1aws.elisys-servers.ca\/product\/douille-crantee-pour-vibra-shank-caseih-811354c3\/"},"modified":"2025-09-30T06:01:25","modified_gmt":"2025-09-30T10:01:25","slug":"douille-crantee-pour-vibra-shank-caseih-811354c3","status":"publish","type":"product","link":"http:\/\/wp-pgs-equipements-adrien-phaneuf.elidevapp1aws.elisys-servers.ca\/fr\/produit\/douille-crantee-pour-vibra-shank-caseih-811354c3\/","title":{"rendered":"Douille crant\u00e9e pour Vibra-Shank CASEIH (811354C3)"},"content":{"rendered":"<p>Douille crant\u00e9e pour la tige du Vibra-Shank. S&rsquo;adapte \u00e0 Vibra-Shank Case-IH 45 1970 et apr\u00e8s<\/p>\n","protected":false},"excerpt":{"rendered":"<p>Douille crant\u00e9e pour la tige du Vibra-Shank. S&rsquo;adapte \u00e0 Vibra-Shank Case-IH 45 1970 et apr\u00e8s<\/p>\n","protected":false},"featured_media":30512,"template":"","meta":[],"product-sub-category":[256,229,230],"brand":[114],"product-third-category":[],"acf":{"product_vendor":"CAS","product_stock_stematine":"24","product_stock_victoriaville":"7","product_stock_shefford":"6","product_stock_upton":"14","product_stock_huntingdon":"8","product_stock_durantaye":"4","product_stock_marieville":"14","product_stock_stclet":"23"},"_links":{"self":[{"href":"http:\/\/wp-pgs-equipements-adrien-phaneuf.elidevapp1aws.elisys-servers.ca\/fr\/wp-json\/wp\/v2\/product\/30511"}],"collection":[{"href":"http:\/\/wp-pgs-equipements-adrien-phaneuf.elidevapp1aws.elisys-servers.ca\/fr\/wp-json\/wp\/v2\/product"}],"about":[{"href":"http:\/\/wp-pgs-equipements-adrien-phaneuf.elidevapp1aws.elisys-servers.ca\/fr\/wp-json\/wp\/v2\/types\/product"}],"wp:featuredmedia":[{"embeddable":true,"href":"http:\/\/wp-pgs-equipements-adrien-phaneuf.elidevapp1aws.elisys-servers.ca\/fr\/wp-json\/wp\/v2\/media\/30512"}],"wp:attachment":[{"href":"http:\/\/wp-pgs-equipements-adrien-phaneuf.elidevapp1aws.elisys-servers.ca\/fr\/wp-json\/wp\/v2\/media?parent=30511"}],"wp:term":[{"taxonomy":"product-sub-category","embeddable":true,"href":"http:\/\/wp-pgs-equipements-adrien-phaneuf.elidevapp1aws.elisys-servers.ca\/fr\/wp-json\/wp\/v2\/product-sub-category?post=30511"},{"taxonomy":"brand","embeddable":true,"href":"http:\/\/wp-pgs-equipements-adrien-phaneuf.elidevapp1aws.elisys-servers.ca\/fr\/wp-json\/wp\/v2\/brand?post=30511"},{"taxonomy":"product-third-category","embeddable":true,"href":"http:\/\/wp-pgs-equipements-adrien-phaneuf.elidevapp1aws.elisys-servers.ca\/fr\/wp-json\/wp\/v2\/product-third-category?post=30511"}],"curies":[{"name":"wp","href":"https:\/\/api.w.org\/{rel}","templated":true}]}}