{"id":30598,"date":"2020-09-30T11:39:02","date_gmt":"2020-09-30T15:39:02","guid":{"rendered":"http:\/\/wp-pgs-equipements-adrien-phaneuf.elidevapp1aws.elisys-servers.ca\/product\/pulverisateur-hardi-knapsack-caseih-846258\/"},"modified":"2025-09-30T06:01:50","modified_gmt":"2025-09-30T10:01:50","slug":"pulverisateur-hardi-knapsack-caseih-846258","status":"publish","type":"product","link":"http:\/\/wp-pgs-equipements-adrien-phaneuf.elidevapp1aws.elisys-servers.ca\/fr\/produit\/pulverisateur-hardi-knapsack-caseih-846258\/","title":{"rendered":"Pulv\u00e9risateur Hardi Knapsack CASEIH (846258)"},"content":{"rendered":"<p>Pulv\u00e9risateur Hardi Knapsack<\/p>\n<p>Capacit\u00e9 du r\u00e9servoir 15lt<\/p>\n<p>Poids 5,3 kg<\/p>\n<p>Dimensions 62 x 40 x 16 cm<\/p>\n","protected":false},"excerpt":{"rendered":"<p>Pulv\u00e9risateur Hardi Knapsack Capacit\u00e9 du r\u00e9servoir 15lt Poids 5,3 kg Dimensions 62 x 40 x 16 cm<\/p>\n","protected":false},"featured_media":30599,"template":"","meta":[],"product-sub-category":[257],"brand":[258],"product-third-category":[],"acf":{"product_vendor":"HAR","product_stock_victoriaville":"1","product_stock_upton":"0"},"_links":{"self":[{"href":"http:\/\/wp-pgs-equipements-adrien-phaneuf.elidevapp1aws.elisys-servers.ca\/fr\/wp-json\/wp\/v2\/product\/30598"}],"collection":[{"href":"http:\/\/wp-pgs-equipements-adrien-phaneuf.elidevapp1aws.elisys-servers.ca\/fr\/wp-json\/wp\/v2\/product"}],"about":[{"href":"http:\/\/wp-pgs-equipements-adrien-phaneuf.elidevapp1aws.elisys-servers.ca\/fr\/wp-json\/wp\/v2\/types\/product"}],"wp:featuredmedia":[{"embeddable":true,"href":"http:\/\/wp-pgs-equipements-adrien-phaneuf.elidevapp1aws.elisys-servers.ca\/fr\/wp-json\/wp\/v2\/media\/30599"}],"wp:attachment":[{"href":"http:\/\/wp-pgs-equipements-adrien-phaneuf.elidevapp1aws.elisys-servers.ca\/fr\/wp-json\/wp\/v2\/media?parent=30598"}],"wp:term":[{"taxonomy":"product-sub-category","embeddable":true,"href":"http:\/\/wp-pgs-equipements-adrien-phaneuf.elidevapp1aws.elisys-servers.ca\/fr\/wp-json\/wp\/v2\/product-sub-category?post=30598"},{"taxonomy":"brand","embeddable":true,"href":"http:\/\/wp-pgs-equipements-adrien-phaneuf.elidevapp1aws.elisys-servers.ca\/fr\/wp-json\/wp\/v2\/brand?post=30598"},{"taxonomy":"product-third-category","embeddable":true,"href":"http:\/\/wp-pgs-equipements-adrien-phaneuf.elidevapp1aws.elisys-servers.ca\/fr\/wp-json\/wp\/v2\/product-third-category?post=30598"}],"curies":[{"name":"wp","href":"https:\/\/api.w.org\/{rel}","templated":true}]}}