{"id":30601,"date":"2020-09-30T11:39:02","date_gmt":"2020-09-30T15:39:02","guid":{"rendered":"http:\/\/wp-pgs-equipements-adrien-phaneuf.elidevapp1aws.elisys-servers.ca\/product\/pulverisateur-de-compression-hardi-p-6-caseih-84640100\/"},"modified":"2025-09-30T06:01:50","modified_gmt":"2025-09-30T10:01:50","slug":"pulverisateur-de-compression-hardi-p-6-caseih-84640100","status":"publish","type":"product","link":"http:\/\/wp-pgs-equipements-adrien-phaneuf.elidevapp1aws.elisys-servers.ca\/fr\/produit\/pulverisateur-de-compression-hardi-p-6-caseih-84640100\/","title":{"rendered":"PULV\u00c9RISATEUR DE COMPRESSION HARDI P-6 CASEIH (84640100)"},"content":{"rendered":"<p>Le pulv\u00e9risateur de compression HARDI P6 (remplace C-5) est compact, facile \u00e0 utiliser et construit pour une application professionnelle de pesticides.<\/p>\n<p>La capacit\u00e9 est de 5 litres (1,3 US GAL).<\/p>\n<p>L&rsquo;ensemble de pompe est enlev\u00e9 pour remplir le r\u00e9servoir. Pour pulv\u00e9riser, la pompe est utilis\u00e9e pour pressuriser le r\u00e9servoir.<\/p>\n<p>La pulv\u00e9risation est command\u00e9e \u00e0 partir de la vanne de d\u00e9clenchement.<\/p>\n<p>Une coupe gradu\u00e9e de 250 ml est incluse.<\/p>\n","protected":false},"excerpt":{"rendered":"<p>Le pulv\u00e9risateur de compression HARDI P6 (remplace C-5) est compact, facile \u00e0 utiliser et construit pour une application professionnelle de pesticides. La capacit\u00e9 est de 5 litres (1,3 US GAL). L&rsquo;ensemble de pompe est enlev\u00e9 pour remplir le r\u00e9servoir. Pour pulv\u00e9riser, la pompe est utilis\u00e9e pour pressuriser le r\u00e9servoir. La pulv\u00e9risation est command\u00e9e \u00e0 partir &hellip; <a href=\"http:\/\/wp-pgs-equipements-adrien-phaneuf.elidevapp1aws.elisys-servers.ca\/fr\/produit\/pulverisateur-de-compression-hardi-p-6-caseih-84640100\/\">Suite<\/a><\/p>\n","protected":false},"featured_media":30602,"template":"","meta":[],"product-sub-category":[257],"brand":[258],"product-third-category":[],"acf":{"product_vendor":"HAR","product_stock_victoriaville":"3","product_stock_upton":"1"},"_links":{"self":[{"href":"http:\/\/wp-pgs-equipements-adrien-phaneuf.elidevapp1aws.elisys-servers.ca\/fr\/wp-json\/wp\/v2\/product\/30601"}],"collection":[{"href":"http:\/\/wp-pgs-equipements-adrien-phaneuf.elidevapp1aws.elisys-servers.ca\/fr\/wp-json\/wp\/v2\/product"}],"about":[{"href":"http:\/\/wp-pgs-equipements-adrien-phaneuf.elidevapp1aws.elisys-servers.ca\/fr\/wp-json\/wp\/v2\/types\/product"}],"wp:featuredmedia":[{"embeddable":true,"href":"http:\/\/wp-pgs-equipements-adrien-phaneuf.elidevapp1aws.elisys-servers.ca\/fr\/wp-json\/wp\/v2\/media\/30602"}],"wp:attachment":[{"href":"http:\/\/wp-pgs-equipements-adrien-phaneuf.elidevapp1aws.elisys-servers.ca\/fr\/wp-json\/wp\/v2\/media?parent=30601"}],"wp:term":[{"taxonomy":"product-sub-category","embeddable":true,"href":"http:\/\/wp-pgs-equipements-adrien-phaneuf.elidevapp1aws.elisys-servers.ca\/fr\/wp-json\/wp\/v2\/product-sub-category?post=30601"},{"taxonomy":"brand","embeddable":true,"href":"http:\/\/wp-pgs-equipements-adrien-phaneuf.elidevapp1aws.elisys-servers.ca\/fr\/wp-json\/wp\/v2\/brand?post=30601"},{"taxonomy":"product-third-category","embeddable":true,"href":"http:\/\/wp-pgs-equipements-adrien-phaneuf.elidevapp1aws.elisys-servers.ca\/fr\/wp-json\/wp\/v2\/product-third-category?post=30601"}],"curies":[{"name":"wp","href":"https:\/\/api.w.org\/{rel}","templated":true}]}}