{"id":30607,"date":"2020-09-30T11:39:02","date_gmt":"2020-09-30T15:39:02","guid":{"rendered":"http:\/\/wp-pgs-equipements-adrien-phaneuf.elidevapp1aws.elisys-servers.ca\/product\/pulverisateur-de-compression-hardi-p-1-5-caseih-84640300\/"},"modified":"2023-08-08T20:00:19","modified_gmt":"2023-08-09T00:00:19","slug":"pulverisateur-de-compression-hardi-p-1-5-caseih-84640300","status":"publish","type":"product","link":"http:\/\/wp-pgs-equipements-adrien-phaneuf.elidevapp1aws.elisys-servers.ca\/fr\/produit\/pulverisateur-de-compression-hardi-p-1-5-caseih-84640300\/","title":{"rendered":"PULV\u00c9RISATEUR DE COMPRESSION HARDI P-1.5 CASEIH (84640300)"},"content":{"rendered":"<p>Le pulv\u00e9risateur de compression HARDI P-1.5 est un pulv\u00e9risateur \u00e0 usage g\u00e9n\u00e9ral de 1,5 litre (0,04 US Gal) pratique.<\/p>\n<p>Pour remplir, l&rsquo;ensemble de pompe est d\u00e9viss\u00e9 du r\u00e9servoir.<\/p>\n<p>Pour pulv\u00e9riser, la pompe est utilis\u00e9e pour pressuriser le r\u00e9servoir.<\/p>\n<p>La surpression du r\u00e9servoir n&rsquo;est pas possible.<\/p>\n<p>La pulv\u00e9risation est command\u00e9e \u00e0 partir de la vanne \u00e0 action rapide.<\/p>\n<p>Le mod\u00e8le de pulv\u00e9risation peut \u00eatre ajust\u00e9 de 45\u00b0 C\u00f4ne \u00e0 jet solide.<\/p>\n<p>La port\u00e9e maximale de pulv\u00e9risation est de 5 m (16,5 pi).<\/p>\n<p>La qualit\u00e9 de pulv\u00e9risation est d&rsquo;un brouillard fin \u00e0 grosses gouttes.<\/p>\n","protected":false},"excerpt":{"rendered":"<p>Le pulv\u00e9risateur de compression HARDI P-1.5 est un pulv\u00e9risateur \u00e0 usage g\u00e9n\u00e9ral de 1,5 litre (0,04 US Gal) pratique. Pour remplir, l&rsquo;ensemble de pompe est d\u00e9viss\u00e9 du r\u00e9servoir. Pour pulv\u00e9riser, la pompe est utilis\u00e9e pour pressuriser le r\u00e9servoir. La surpression du r\u00e9servoir n&rsquo;est pas possible. La pulv\u00e9risation est command\u00e9e \u00e0 partir de la vanne \u00e0 &hellip; <a href=\"http:\/\/wp-pgs-equipements-adrien-phaneuf.elidevapp1aws.elisys-servers.ca\/fr\/produit\/pulverisateur-de-compression-hardi-p-1-5-caseih-84640300\/\">Suite<\/a><\/p>\n","protected":false},"featured_media":30608,"template":"","meta":[],"product-sub-category":[257],"brand":[258],"product-third-category":[],"acf":{"product_vendor":"HAR","product_stock_victoriaville":"0"},"_links":{"self":[{"href":"http:\/\/wp-pgs-equipements-adrien-phaneuf.elidevapp1aws.elisys-servers.ca\/fr\/wp-json\/wp\/v2\/product\/30607"}],"collection":[{"href":"http:\/\/wp-pgs-equipements-adrien-phaneuf.elidevapp1aws.elisys-servers.ca\/fr\/wp-json\/wp\/v2\/product"}],"about":[{"href":"http:\/\/wp-pgs-equipements-adrien-phaneuf.elidevapp1aws.elisys-servers.ca\/fr\/wp-json\/wp\/v2\/types\/product"}],"wp:featuredmedia":[{"embeddable":true,"href":"http:\/\/wp-pgs-equipements-adrien-phaneuf.elidevapp1aws.elisys-servers.ca\/fr\/wp-json\/wp\/v2\/media\/30608"}],"wp:attachment":[{"href":"http:\/\/wp-pgs-equipements-adrien-phaneuf.elidevapp1aws.elisys-servers.ca\/fr\/wp-json\/wp\/v2\/media?parent=30607"}],"wp:term":[{"taxonomy":"product-sub-category","embeddable":true,"href":"http:\/\/wp-pgs-equipements-adrien-phaneuf.elidevapp1aws.elisys-servers.ca\/fr\/wp-json\/wp\/v2\/product-sub-category?post=30607"},{"taxonomy":"brand","embeddable":true,"href":"http:\/\/wp-pgs-equipements-adrien-phaneuf.elidevapp1aws.elisys-servers.ca\/fr\/wp-json\/wp\/v2\/brand?post=30607"},{"taxonomy":"product-third-category","embeddable":true,"href":"http:\/\/wp-pgs-equipements-adrien-phaneuf.elidevapp1aws.elisys-servers.ca\/fr\/wp-json\/wp\/v2\/product-third-category?post=30607"}],"curies":[{"name":"wp","href":"https:\/\/api.w.org\/{rel}","templated":true}]}}