{"id":30610,"date":"2020-09-30T11:39:02","date_gmt":"2020-09-30T15:39:02","guid":{"rendered":"http:\/\/wp-pgs-equipements-adrien-phaneuf.elidevapp1aws.elisys-servers.ca\/product\/86541699ds-fluide-lhm-pour-freins-hydraulique-case-ih\/"},"modified":"2025-09-30T06:07:20","modified_gmt":"2025-09-30T10:07:20","slug":"fluide-lhm-pour-freins-hydraulique-case-ih-73344413","status":"publish","type":"product","link":"http:\/\/wp-pgs-equipements-adrien-phaneuf.elidevapp1aws.elisys-servers.ca\/fr\/produit\/fluide-lhm-pour-freins-hydraulique-case-ih-73344413\/","title":{"rendered":"Fluide LHM pour freins hydraulique Case IH (73344413)"},"content":{"rendered":"<p>Le fluide LHM MAT 3630 respecte la norme ISO 7308. Il n&rsquo;est pas compatible avec les \u00e9l\u00e9ments de caoutchouc du circuit de freinage. \u00a0Con\u00e7u pour \u00eatre utilis\u00e9 avec les fluides pour freins de type DOT.<\/p>\n","protected":false},"excerpt":{"rendered":"<p>Le fluide LHM MAT 3630 respecte la norme ISO 7308. Il n&rsquo;est pas compatible avec les \u00e9l\u00e9ments de caoutchouc du circuit de freinage. \u00a0Con\u00e7u pour \u00eatre utilis\u00e9 avec les fluides pour freins de type DOT.<\/p>\n","protected":false},"featured_media":49120,"template":"","meta":[],"product-sub-category":[242],"brand":[111],"product-third-category":[],"acf":{"product_vendor":"CAS","product_stock_stematine":"9","product_stock_victoriaville":"6","product_stock_shefford":"17","product_stock_upton":"17","product_stock_huntingdon":"3","product_stock_durantaye":"22","product_stock_marieville":"8","product_stock_stclet":"4","child_inventory_variation":""},"_links":{"self":[{"href":"http:\/\/wp-pgs-equipements-adrien-phaneuf.elidevapp1aws.elisys-servers.ca\/fr\/wp-json\/wp\/v2\/product\/30610"}],"collection":[{"href":"http:\/\/wp-pgs-equipements-adrien-phaneuf.elidevapp1aws.elisys-servers.ca\/fr\/wp-json\/wp\/v2\/product"}],"about":[{"href":"http:\/\/wp-pgs-equipements-adrien-phaneuf.elidevapp1aws.elisys-servers.ca\/fr\/wp-json\/wp\/v2\/types\/product"}],"wp:featuredmedia":[{"embeddable":true,"href":"http:\/\/wp-pgs-equipements-adrien-phaneuf.elidevapp1aws.elisys-servers.ca\/fr\/wp-json\/wp\/v2\/media\/49120"}],"wp:attachment":[{"href":"http:\/\/wp-pgs-equipements-adrien-phaneuf.elidevapp1aws.elisys-servers.ca\/fr\/wp-json\/wp\/v2\/media?parent=30610"}],"wp:term":[{"taxonomy":"product-sub-category","embeddable":true,"href":"http:\/\/wp-pgs-equipements-adrien-phaneuf.elidevapp1aws.elisys-servers.ca\/fr\/wp-json\/wp\/v2\/product-sub-category?post=30610"},{"taxonomy":"brand","embeddable":true,"href":"http:\/\/wp-pgs-equipements-adrien-phaneuf.elidevapp1aws.elisys-servers.ca\/fr\/wp-json\/wp\/v2\/brand?post=30610"},{"taxonomy":"product-third-category","embeddable":true,"href":"http:\/\/wp-pgs-equipements-adrien-phaneuf.elidevapp1aws.elisys-servers.ca\/fr\/wp-json\/wp\/v2\/product-third-category?post=30610"}],"curies":[{"name":"wp","href":"https:\/\/api.w.org\/{rel}","templated":true}]}}