{"id":30634,"date":"2020-09-30T11:39:32","date_gmt":"2020-09-30T15:39:32","guid":{"rendered":"http:\/\/wp-pgs-equipements-adrien-phaneuf.elidevapp1aws.elisys-servers.ca\/product\/courroie-pour-faucille-caseih-87041732\/"},"modified":"2023-08-08T20:00:20","modified_gmt":"2023-08-09T00:00:20","slug":"courroie-pour-faucille-caseih-87041732","status":"publish","type":"product","link":"http:\/\/wp-pgs-equipements-adrien-phaneuf.elidevapp1aws.elisys-servers.ca\/fr\/produit\/courroie-pour-faucille-caseih-87041732\/","title":{"rendered":"Courroie pour faucille CASEIH (87041732)"},"content":{"rendered":"<p>Cat\u00e9gorie: A<\/p>\n<p>POUR TRACTEUR<\/p>\n<p>Courroies: Pi\u00e8ces de t\u00eate de grain, Bloc d&rsquo;alimentation,\u00a0En-t\u00eates et plates-formes<\/p>\n<p>Ajust\u00e9e et conforme<\/p>\n","protected":false},"excerpt":{"rendered":"<p>Cat\u00e9gorie: A POUR TRACTEUR Courroies: Pi\u00e8ces de t\u00eate de grain, Bloc d&rsquo;alimentation,\u00a0En-t\u00eates et plates-formes Ajust\u00e9e et conforme<\/p>\n","protected":false},"featured_media":30635,"template":"","meta":[],"product-sub-category":[241,236,230],"brand":[225],"product-third-category":[],"acf":{"product_vendor":"A&amp;I","product_stock_upton":"","product_stock_marieville":"","product_stock_shefford":"","product_stock_victoriaville":"","product_stock_durantaye":"","product_stock_stematine":"","product_stock_stclet":"","product_stock_huntingdon":"","child_inventory_variation":""},"_links":{"self":[{"href":"http:\/\/wp-pgs-equipements-adrien-phaneuf.elidevapp1aws.elisys-servers.ca\/fr\/wp-json\/wp\/v2\/product\/30634"}],"collection":[{"href":"http:\/\/wp-pgs-equipements-adrien-phaneuf.elidevapp1aws.elisys-servers.ca\/fr\/wp-json\/wp\/v2\/product"}],"about":[{"href":"http:\/\/wp-pgs-equipements-adrien-phaneuf.elidevapp1aws.elisys-servers.ca\/fr\/wp-json\/wp\/v2\/types\/product"}],"wp:featuredmedia":[{"embeddable":true,"href":"http:\/\/wp-pgs-equipements-adrien-phaneuf.elidevapp1aws.elisys-servers.ca\/fr\/wp-json\/wp\/v2\/media\/30635"}],"wp:attachment":[{"href":"http:\/\/wp-pgs-equipements-adrien-phaneuf.elidevapp1aws.elisys-servers.ca\/fr\/wp-json\/wp\/v2\/media?parent=30634"}],"wp:term":[{"taxonomy":"product-sub-category","embeddable":true,"href":"http:\/\/wp-pgs-equipements-adrien-phaneuf.elidevapp1aws.elisys-servers.ca\/fr\/wp-json\/wp\/v2\/product-sub-category?post=30634"},{"taxonomy":"brand","embeddable":true,"href":"http:\/\/wp-pgs-equipements-adrien-phaneuf.elidevapp1aws.elisys-servers.ca\/fr\/wp-json\/wp\/v2\/brand?post=30634"},{"taxonomy":"product-third-category","embeddable":true,"href":"http:\/\/wp-pgs-equipements-adrien-phaneuf.elidevapp1aws.elisys-servers.ca\/fr\/wp-json\/wp\/v2\/product-third-category?post=30634"}],"curies":[{"name":"wp","href":"https:\/\/api.w.org\/{rel}","templated":true}]}}