{"id":30664,"date":"2020-09-30T11:39:52","date_gmt":"2020-09-30T15:39:52","guid":{"rendered":"http:\/\/wp-pgs-equipements-adrien-phaneuf.elidevapp1aws.elisys-servers.ca\/product\/testeur-portable-de-foin-ht-pro-caseih-87298950\/"},"modified":"2025-09-30T06:01:58","modified_gmt":"2025-09-30T10:01:58","slug":"testeur-portable-de-foin-ht-pro-caseih-87298950","status":"publish","type":"product","link":"http:\/\/wp-pgs-equipements-adrien-phaneuf.elidevapp1aws.elisys-servers.ca\/fr\/produit\/testeur-portable-de-foin-ht-pro-caseih-87298950\/","title":{"rendered":"Testeur portable de foin HT Pro CASEIH (87298950)"},"content":{"rendered":"<p>Le seul testeur de foin portatif pour inclure un clip d&rsquo;\u00e9talonnage facile \u00e0 utiliser pour un \u00e9talonnage rapide et facile sur place!<\/p>\n","protected":false},"excerpt":{"rendered":"<p>Le seul testeur de foin portatif pour inclure un clip d&rsquo;\u00e9talonnage facile \u00e0 utiliser pour un \u00e9talonnage rapide et facile sur place!<\/p>\n","protected":false},"featured_media":30665,"template":"","meta":[],"product-sub-category":[384],"brand":[111],"product-third-category":[],"acf":{"product_vendor":"CAS","product_stock_upton":"1","product_stock_victoriaville":"2","product_stock_durantaye":"0","product_stock_stematine":"0","product_stock_marieville":"1","product_stock_shefford":"1","product_stock_stclet":"","product_stock_huntingdon":"0","child_inventory_variation":""},"_links":{"self":[{"href":"http:\/\/wp-pgs-equipements-adrien-phaneuf.elidevapp1aws.elisys-servers.ca\/fr\/wp-json\/wp\/v2\/product\/30664"}],"collection":[{"href":"http:\/\/wp-pgs-equipements-adrien-phaneuf.elidevapp1aws.elisys-servers.ca\/fr\/wp-json\/wp\/v2\/product"}],"about":[{"href":"http:\/\/wp-pgs-equipements-adrien-phaneuf.elidevapp1aws.elisys-servers.ca\/fr\/wp-json\/wp\/v2\/types\/product"}],"wp:featuredmedia":[{"embeddable":true,"href":"http:\/\/wp-pgs-equipements-adrien-phaneuf.elidevapp1aws.elisys-servers.ca\/fr\/wp-json\/wp\/v2\/media\/30665"}],"wp:attachment":[{"href":"http:\/\/wp-pgs-equipements-adrien-phaneuf.elidevapp1aws.elisys-servers.ca\/fr\/wp-json\/wp\/v2\/media?parent=30664"}],"wp:term":[{"taxonomy":"product-sub-category","embeddable":true,"href":"http:\/\/wp-pgs-equipements-adrien-phaneuf.elidevapp1aws.elisys-servers.ca\/fr\/wp-json\/wp\/v2\/product-sub-category?post=30664"},{"taxonomy":"brand","embeddable":true,"href":"http:\/\/wp-pgs-equipements-adrien-phaneuf.elidevapp1aws.elisys-servers.ca\/fr\/wp-json\/wp\/v2\/brand?post=30664"},{"taxonomy":"product-third-category","embeddable":true,"href":"http:\/\/wp-pgs-equipements-adrien-phaneuf.elidevapp1aws.elisys-servers.ca\/fr\/wp-json\/wp\/v2\/product-third-category?post=30664"}],"curies":[{"name":"wp","href":"https:\/\/api.w.org\/{rel}","templated":true}]}}