{"id":30673,"date":"2020-09-30T11:39:52","date_gmt":"2020-09-30T15:39:52","guid":{"rendered":"http:\/\/wp-pgs-equipements-adrien-phaneuf.elidevapp1aws.elisys-servers.ca\/product\/lien-superieur-forge-categorie-0-caseih-87299165\/"},"modified":"2025-09-30T06:01:59","modified_gmt":"2025-09-30T10:01:59","slug":"lien-superieur-forge-categorie-0-caseih-87299165","status":"publish","type":"product","link":"http:\/\/wp-pgs-equipements-adrien-phaneuf.elidevapp1aws.elisys-servers.ca\/fr\/produit\/lien-superieur-forge-categorie-0-caseih-87299165\/","title":{"rendered":"Lien sup\u00e9rieur forg\u00e9 Cat\u00e9gorie 0 CASEIH (87299165)"},"content":{"rendered":"<p>Acier zingu\u00e9 bichromat\u00e9<\/p>\n<p>Cat\u00e9gorie : 0<\/p>\n<p>Diam\u00e8tre trou de goupille : 5\/8&Prime;<\/p>\n<p>Diam\u00e8tre d&rsquo;enfilage\u00a0: 3\/4&Prime;<\/p>\n<p>Longueur\u00a0: 7-8&Prime;<\/p>\n<p>Longueur ferm\u00e9 : 11&Prime;<\/p>\n<p>Longueur ouvert\u00a0: 16&Prime;<\/p>\n","protected":false},"excerpt":{"rendered":"<p>Acier zingu\u00e9 bichromat\u00e9 Cat\u00e9gorie : 0 Diam\u00e8tre trou de goupille : 5\/8&Prime; Diam\u00e8tre d&rsquo;enfilage\u00a0: 3\/4&Prime; Longueur\u00a0: 7-8&Prime; Longueur ferm\u00e9 : 11&Prime; Longueur ouvert\u00a0: 16&Prime;<\/p>\n","protected":false},"featured_media":30674,"template":"","meta":[],"product-sub-category":[229,230],"brand":[114],"product-third-category":[],"acf":{"product_vendor":"CAS","product_stock_victoriaville":"1","product_stock_upton":"1","product_stock_shefford":"0"},"_links":{"self":[{"href":"http:\/\/wp-pgs-equipements-adrien-phaneuf.elidevapp1aws.elisys-servers.ca\/fr\/wp-json\/wp\/v2\/product\/30673"}],"collection":[{"href":"http:\/\/wp-pgs-equipements-adrien-phaneuf.elidevapp1aws.elisys-servers.ca\/fr\/wp-json\/wp\/v2\/product"}],"about":[{"href":"http:\/\/wp-pgs-equipements-adrien-phaneuf.elidevapp1aws.elisys-servers.ca\/fr\/wp-json\/wp\/v2\/types\/product"}],"wp:featuredmedia":[{"embeddable":true,"href":"http:\/\/wp-pgs-equipements-adrien-phaneuf.elidevapp1aws.elisys-servers.ca\/fr\/wp-json\/wp\/v2\/media\/30674"}],"wp:attachment":[{"href":"http:\/\/wp-pgs-equipements-adrien-phaneuf.elidevapp1aws.elisys-servers.ca\/fr\/wp-json\/wp\/v2\/media?parent=30673"}],"wp:term":[{"taxonomy":"product-sub-category","embeddable":true,"href":"http:\/\/wp-pgs-equipements-adrien-phaneuf.elidevapp1aws.elisys-servers.ca\/fr\/wp-json\/wp\/v2\/product-sub-category?post=30673"},{"taxonomy":"brand","embeddable":true,"href":"http:\/\/wp-pgs-equipements-adrien-phaneuf.elidevapp1aws.elisys-servers.ca\/fr\/wp-json\/wp\/v2\/brand?post=30673"},{"taxonomy":"product-third-category","embeddable":true,"href":"http:\/\/wp-pgs-equipements-adrien-phaneuf.elidevapp1aws.elisys-servers.ca\/fr\/wp-json\/wp\/v2\/product-third-category?post=30673"}],"curies":[{"name":"wp","href":"https:\/\/api.w.org\/{rel}","templated":true}]}}