{"id":30691,"date":"2020-09-30T11:40:15","date_gmt":"2020-09-30T15:40:15","guid":{"rendered":"http:\/\/wp-pgs-equipements-adrien-phaneuf.elidevapp1aws.elisys-servers.ca\/product\/lien-superieur-forge-categorie-12-caseih-87299174\/"},"modified":"2025-09-30T06:02:00","modified_gmt":"2025-09-30T10:02:00","slug":"lien-superieur-forge-categorie-12-caseih-87299174","status":"publish","type":"product","link":"http:\/\/wp-pgs-equipements-adrien-phaneuf.elidevapp1aws.elisys-servers.ca\/fr\/produit\/lien-superieur-forge-categorie-12-caseih-87299174\/","title":{"rendered":"Lien sup\u00e9rieur forg\u00e9 Cat\u00e9gorie 1&#038;2 CASEIH (87299174)"},"content":{"rendered":"<p>Jaune Acier zingu\u00e9 bichromat\u00e9\u00a0<\/p>\n<p>Cat\u00e9gorie :\u00a01 &#038; 2\u00a0<\/p>\n<p>Diam\u00e8tre trou de goupille : 3\/4&Prime; &#038; 1&Prime;<\/p>\n<p>Diam\u00e8tre d&rsquo;enfilage\u00a0: 1-1\/8&Prime;<\/p>\n<p>Longueur\u00a0: 16&Prime;<\/p>\n<p>Longueur ferm\u00e9 : 21&Prime;<\/p>\n<p>Longueur ouvert\u00a0: 32&Prime;<\/p>\n","protected":false},"excerpt":{"rendered":"<p>Jaune Acier zingu\u00e9 bichromat\u00e9\u00a0 Cat\u00e9gorie :\u00a01 &#038; 2\u00a0 Diam\u00e8tre trou de goupille : 3\/4&Prime; &#038; 1&Prime; Diam\u00e8tre d&rsquo;enfilage\u00a0: 1-1\/8&Prime; Longueur\u00a0: 16&Prime; Longueur ferm\u00e9 : 21&Prime; Longueur ouvert\u00a0: 32&Prime;<\/p>\n","protected":false},"featured_media":30692,"template":"","meta":[],"product-sub-category":[229,230],"brand":[114],"product-third-category":[],"acf":{"product_vendor":"CAS","product_stock_victoriaville":"2","product_stock_shefford":"1","product_stock_durantaye":"0"},"_links":{"self":[{"href":"http:\/\/wp-pgs-equipements-adrien-phaneuf.elidevapp1aws.elisys-servers.ca\/fr\/wp-json\/wp\/v2\/product\/30691"}],"collection":[{"href":"http:\/\/wp-pgs-equipements-adrien-phaneuf.elidevapp1aws.elisys-servers.ca\/fr\/wp-json\/wp\/v2\/product"}],"about":[{"href":"http:\/\/wp-pgs-equipements-adrien-phaneuf.elidevapp1aws.elisys-servers.ca\/fr\/wp-json\/wp\/v2\/types\/product"}],"wp:featuredmedia":[{"embeddable":true,"href":"http:\/\/wp-pgs-equipements-adrien-phaneuf.elidevapp1aws.elisys-servers.ca\/fr\/wp-json\/wp\/v2\/media\/30692"}],"wp:attachment":[{"href":"http:\/\/wp-pgs-equipements-adrien-phaneuf.elidevapp1aws.elisys-servers.ca\/fr\/wp-json\/wp\/v2\/media?parent=30691"}],"wp:term":[{"taxonomy":"product-sub-category","embeddable":true,"href":"http:\/\/wp-pgs-equipements-adrien-phaneuf.elidevapp1aws.elisys-servers.ca\/fr\/wp-json\/wp\/v2\/product-sub-category?post=30691"},{"taxonomy":"brand","embeddable":true,"href":"http:\/\/wp-pgs-equipements-adrien-phaneuf.elidevapp1aws.elisys-servers.ca\/fr\/wp-json\/wp\/v2\/brand?post=30691"},{"taxonomy":"product-third-category","embeddable":true,"href":"http:\/\/wp-pgs-equipements-adrien-phaneuf.elidevapp1aws.elisys-servers.ca\/fr\/wp-json\/wp\/v2\/product-third-category?post=30691"}],"curies":[{"name":"wp","href":"https:\/\/api.w.org\/{rel}","templated":true}]}}