{"id":30694,"date":"2020-09-30T11:40:15","date_gmt":"2020-09-30T15:40:15","guid":{"rendered":"http:\/\/wp-pgs-equipements-adrien-phaneuf.elidevapp1aws.elisys-servers.ca\/product\/lien-superieur-forge-caseih-87299176\/"},"modified":"2025-09-30T06:02:01","modified_gmt":"2025-09-30T10:02:01","slug":"lien-superieur-forge-caseih-87299176","status":"publish","type":"product","link":"http:\/\/wp-pgs-equipements-adrien-phaneuf.elidevapp1aws.elisys-servers.ca\/fr\/produit\/lien-superieur-forge-caseih-87299176\/","title":{"rendered":"Lien sup\u00e9rieur forg\u00e9 CASEIH (87299176)"},"content":{"rendered":"<p>Bichromate de zinc jaune plaqu\u00e9<\/p>\n<p>Cat\u00e9gorie: 2<\/p>\n<p>Diam\u00e8tre du trou: 1 \u00a0\u00bb<\/p>\n<p>Diam\u00e8tre du filetage: 1 1\/8 \u00a0\u00bb<\/p>\n<p>R\u00e9glage 2: 1 \u00ab\u00a0\u00e0 33\u00a0\u00bb<\/p>\n","protected":false},"excerpt":{"rendered":"<p>Bichromate de zinc jaune plaqu\u00e9 Cat\u00e9gorie: 2 Diam\u00e8tre du trou: 1 \u00a0\u00bb Diam\u00e8tre du filetage: 1 1\/8 \u00a0\u00bb R\u00e9glage 2: 1 \u00ab\u00a0\u00e0 33\u00a0\u00bb<\/p>\n","protected":false},"featured_media":30695,"template":"","meta":[],"product-sub-category":[229],"brand":[114],"product-third-category":[],"acf":{"product_vendor":"CAS","product_stock_victoriaville":"1","product_stock_shefford":"0","product_stock_upton":"3"},"_links":{"self":[{"href":"http:\/\/wp-pgs-equipements-adrien-phaneuf.elidevapp1aws.elisys-servers.ca\/fr\/wp-json\/wp\/v2\/product\/30694"}],"collection":[{"href":"http:\/\/wp-pgs-equipements-adrien-phaneuf.elidevapp1aws.elisys-servers.ca\/fr\/wp-json\/wp\/v2\/product"}],"about":[{"href":"http:\/\/wp-pgs-equipements-adrien-phaneuf.elidevapp1aws.elisys-servers.ca\/fr\/wp-json\/wp\/v2\/types\/product"}],"wp:featuredmedia":[{"embeddable":true,"href":"http:\/\/wp-pgs-equipements-adrien-phaneuf.elidevapp1aws.elisys-servers.ca\/fr\/wp-json\/wp\/v2\/media\/30695"}],"wp:attachment":[{"href":"http:\/\/wp-pgs-equipements-adrien-phaneuf.elidevapp1aws.elisys-servers.ca\/fr\/wp-json\/wp\/v2\/media?parent=30694"}],"wp:term":[{"taxonomy":"product-sub-category","embeddable":true,"href":"http:\/\/wp-pgs-equipements-adrien-phaneuf.elidevapp1aws.elisys-servers.ca\/fr\/wp-json\/wp\/v2\/product-sub-category?post=30694"},{"taxonomy":"brand","embeddable":true,"href":"http:\/\/wp-pgs-equipements-adrien-phaneuf.elidevapp1aws.elisys-servers.ca\/fr\/wp-json\/wp\/v2\/brand?post=30694"},{"taxonomy":"product-third-category","embeddable":true,"href":"http:\/\/wp-pgs-equipements-adrien-phaneuf.elidevapp1aws.elisys-servers.ca\/fr\/wp-json\/wp\/v2\/product-third-category?post=30694"}],"curies":[{"name":"wp","href":"https:\/\/api.w.org\/{rel}","templated":true}]}}