{"id":30700,"date":"2020-09-30T11:40:15","date_gmt":"2020-09-30T15:40:15","guid":{"rendered":"http:\/\/wp-pgs-equipements-adrien-phaneuf.elidevapp1aws.elisys-servers.ca\/product\/lien-superieur-forge-categorie-2-caseih-87299179\/"},"modified":"2025-09-30T06:02:02","modified_gmt":"2025-09-30T10:02:02","slug":"lien-superieur-forge-categorie-2-caseih-87299179","status":"publish","type":"product","link":"http:\/\/wp-pgs-equipements-adrien-phaneuf.elidevapp1aws.elisys-servers.ca\/fr\/produit\/lien-superieur-forge-categorie-2-caseih-87299179\/","title":{"rendered":"Lien sup\u00e9rieur forg\u00e9 Cat\u00e9gorie 2 CASEIH (87299179)"},"content":{"rendered":"<p>Jaune Acier zingu\u00e9 bichromat\u00e9\u00a0<\/p>\n<p>Cat\u00e9gorie : 2\u00a0<\/p>\n<p>Diam\u00e8tre trou de goupille : 1&Prime;<\/p>\n<p>Diam\u00e8tre d&rsquo;enfilage\u00a0: 1-1\/4&Prime;<\/p>\n<p>Longueur\u00a0: 15-3\/4&Prime;<\/p>\n<p>Longueur ferm\u00e9 : 20&Prime;<\/p>\n<p>Longueur ouvert\u00a0: 30&Prime;<\/p>\n","protected":false},"excerpt":{"rendered":"<p>Jaune Acier zingu\u00e9 bichromat\u00e9\u00a0 Cat\u00e9gorie : 2\u00a0 Diam\u00e8tre trou de goupille : 1&Prime; Diam\u00e8tre d&rsquo;enfilage\u00a0: 1-1\/4&Prime; Longueur\u00a0: 15-3\/4&Prime; Longueur ferm\u00e9 : 20&Prime; Longueur ouvert\u00a0: 30&Prime;<\/p>\n","protected":false},"featured_media":30701,"template":"","meta":[],"product-sub-category":[229,230],"brand":[114],"product-third-category":[],"acf":{"product_vendor":"CAS","product_stock_shefford":"1","product_stock_upton":"2","product_stock_marieville":"1"},"_links":{"self":[{"href":"http:\/\/wp-pgs-equipements-adrien-phaneuf.elidevapp1aws.elisys-servers.ca\/fr\/wp-json\/wp\/v2\/product\/30700"}],"collection":[{"href":"http:\/\/wp-pgs-equipements-adrien-phaneuf.elidevapp1aws.elisys-servers.ca\/fr\/wp-json\/wp\/v2\/product"}],"about":[{"href":"http:\/\/wp-pgs-equipements-adrien-phaneuf.elidevapp1aws.elisys-servers.ca\/fr\/wp-json\/wp\/v2\/types\/product"}],"wp:featuredmedia":[{"embeddable":true,"href":"http:\/\/wp-pgs-equipements-adrien-phaneuf.elidevapp1aws.elisys-servers.ca\/fr\/wp-json\/wp\/v2\/media\/30701"}],"wp:attachment":[{"href":"http:\/\/wp-pgs-equipements-adrien-phaneuf.elidevapp1aws.elisys-servers.ca\/fr\/wp-json\/wp\/v2\/media?parent=30700"}],"wp:term":[{"taxonomy":"product-sub-category","embeddable":true,"href":"http:\/\/wp-pgs-equipements-adrien-phaneuf.elidevapp1aws.elisys-servers.ca\/fr\/wp-json\/wp\/v2\/product-sub-category?post=30700"},{"taxonomy":"brand","embeddable":true,"href":"http:\/\/wp-pgs-equipements-adrien-phaneuf.elidevapp1aws.elisys-servers.ca\/fr\/wp-json\/wp\/v2\/brand?post=30700"},{"taxonomy":"product-third-category","embeddable":true,"href":"http:\/\/wp-pgs-equipements-adrien-phaneuf.elidevapp1aws.elisys-servers.ca\/fr\/wp-json\/wp\/v2\/product-third-category?post=30700"}],"curies":[{"name":"wp","href":"https:\/\/api.w.org\/{rel}","templated":true}]}}