{"id":30703,"date":"2020-09-30T11:40:15","date_gmt":"2020-09-30T15:40:15","guid":{"rendered":"http:\/\/wp-pgs-equipements-adrien-phaneuf.elidevapp1aws.elisys-servers.ca\/product\/lien-superieur-forge-caseih-87299183\/"},"modified":"2025-09-30T06:02:02","modified_gmt":"2025-09-30T10:02:02","slug":"lien-superieur-forge-caseih-87299183","status":"publish","type":"product","link":"http:\/\/wp-pgs-equipements-adrien-phaneuf.elidevapp1aws.elisys-servers.ca\/fr\/produit\/lien-superieur-forge-caseih-87299183\/","title":{"rendered":"Lien sup\u00e9rieur forg\u00e9 CASEIH (87299183)"},"content":{"rendered":"<p>Bichromate de zinc jaune plaqu\u00e9<\/p>\n<p>Cat\u00e9gorie 3<\/p>\n<p>Diam\u00e8tre du trou: 1 1\/4&Prime;<\/p>\n<p>Diam\u00e8tre du filetage: 1 3\/8 \u00a0\u00bb<\/p>\n<p>R\u00e9glage : 25 1\/2&Prime; \u00e0 36 1\/2&Prime;<\/p>\n","protected":false},"excerpt":{"rendered":"<p>Bichromate de zinc jaune plaqu\u00e9 Cat\u00e9gorie 3 Diam\u00e8tre du trou: 1 1\/4&Prime; Diam\u00e8tre du filetage: 1 3\/8 \u00a0\u00bb R\u00e9glage : 25 1\/2&Prime; \u00e0 36 1\/2&Prime;<\/p>\n","protected":false},"featured_media":30704,"template":"","meta":[],"product-sub-category":[229,230],"brand":[114],"product-third-category":[],"acf":{"product_vendor":"CAS","product_stock_upton":"2","product_stock_stclet":"0"},"_links":{"self":[{"href":"http:\/\/wp-pgs-equipements-adrien-phaneuf.elidevapp1aws.elisys-servers.ca\/fr\/wp-json\/wp\/v2\/product\/30703"}],"collection":[{"href":"http:\/\/wp-pgs-equipements-adrien-phaneuf.elidevapp1aws.elisys-servers.ca\/fr\/wp-json\/wp\/v2\/product"}],"about":[{"href":"http:\/\/wp-pgs-equipements-adrien-phaneuf.elidevapp1aws.elisys-servers.ca\/fr\/wp-json\/wp\/v2\/types\/product"}],"wp:featuredmedia":[{"embeddable":true,"href":"http:\/\/wp-pgs-equipements-adrien-phaneuf.elidevapp1aws.elisys-servers.ca\/fr\/wp-json\/wp\/v2\/media\/30704"}],"wp:attachment":[{"href":"http:\/\/wp-pgs-equipements-adrien-phaneuf.elidevapp1aws.elisys-servers.ca\/fr\/wp-json\/wp\/v2\/media?parent=30703"}],"wp:term":[{"taxonomy":"product-sub-category","embeddable":true,"href":"http:\/\/wp-pgs-equipements-adrien-phaneuf.elidevapp1aws.elisys-servers.ca\/fr\/wp-json\/wp\/v2\/product-sub-category?post=30703"},{"taxonomy":"brand","embeddable":true,"href":"http:\/\/wp-pgs-equipements-adrien-phaneuf.elidevapp1aws.elisys-servers.ca\/fr\/wp-json\/wp\/v2\/brand?post=30703"},{"taxonomy":"product-third-category","embeddable":true,"href":"http:\/\/wp-pgs-equipements-adrien-phaneuf.elidevapp1aws.elisys-servers.ca\/fr\/wp-json\/wp\/v2\/product-third-category?post=30703"}],"curies":[{"name":"wp","href":"https:\/\/api.w.org\/{rel}","templated":true}]}}