{"id":30715,"date":"2020-09-30T11:40:38","date_gmt":"2020-09-30T15:40:38","guid":{"rendered":"http:\/\/wp-pgs-equipements-adrien-phaneuf.elidevapp1aws.elisys-servers.ca\/product\/extremite-superieur-du-lien-categorie-2-caseih-87299199\/"},"modified":"2025-09-30T06:02:03","modified_gmt":"2025-09-30T10:02:03","slug":"extremite-superieur-du-lien-categorie-2-caseih-87299199","status":"publish","type":"product","link":"http:\/\/wp-pgs-equipements-adrien-phaneuf.elidevapp1aws.elisys-servers.ca\/fr\/produit\/extremite-superieur-du-lien-categorie-2-caseih-87299199\/","title":{"rendered":"Extr\u00e9mit\u00e9 sup\u00e9rieur du lien Cat\u00e9gorie 2 CASEIH (87299199)"},"content":{"rendered":"<p>Cat\u00e9gorie :\u00a02<\/p>\n<p>Longueur du trou au cou\u00a0: 2-3\/8&Prime;<\/p>\n<p>Diam\u00e8tre trou de goupille : 1&Prime;<\/p>\n<p>Largeur du cou\u00a0: 1-1\/8&Prime;<\/p>\n<p>Largeur de la t\u00eate\u00a0: 2-5\/8&Prime;<\/p>\n<p>\u00c9paisseur : 1\/2&Prime; \u00e0 2&Prime;<\/p>\n","protected":false},"excerpt":{"rendered":"<p>Cat\u00e9gorie :\u00a02 Longueur du trou au cou\u00a0: 2-3\/8&Prime; Diam\u00e8tre trou de goupille : 1&Prime; Largeur du cou\u00a0: 1-1\/8&Prime; Largeur de la t\u00eate\u00a0: 2-5\/8&Prime; \u00c9paisseur : 1\/2&Prime; \u00e0 2&Prime;<\/p>\n","protected":false},"featured_media":30716,"template":"","meta":[],"product-sub-category":[229],"brand":[114],"product-third-category":[],"acf":{"product_vendor":"CAS","product_stock_shefford":"0","product_stock_upton":"1","product_stock_durantaye":"0"},"_links":{"self":[{"href":"http:\/\/wp-pgs-equipements-adrien-phaneuf.elidevapp1aws.elisys-servers.ca\/fr\/wp-json\/wp\/v2\/product\/30715"}],"collection":[{"href":"http:\/\/wp-pgs-equipements-adrien-phaneuf.elidevapp1aws.elisys-servers.ca\/fr\/wp-json\/wp\/v2\/product"}],"about":[{"href":"http:\/\/wp-pgs-equipements-adrien-phaneuf.elidevapp1aws.elisys-servers.ca\/fr\/wp-json\/wp\/v2\/types\/product"}],"wp:featuredmedia":[{"embeddable":true,"href":"http:\/\/wp-pgs-equipements-adrien-phaneuf.elidevapp1aws.elisys-servers.ca\/fr\/wp-json\/wp\/v2\/media\/30716"}],"wp:attachment":[{"href":"http:\/\/wp-pgs-equipements-adrien-phaneuf.elidevapp1aws.elisys-servers.ca\/fr\/wp-json\/wp\/v2\/media?parent=30715"}],"wp:term":[{"taxonomy":"product-sub-category","embeddable":true,"href":"http:\/\/wp-pgs-equipements-adrien-phaneuf.elidevapp1aws.elisys-servers.ca\/fr\/wp-json\/wp\/v2\/product-sub-category?post=30715"},{"taxonomy":"brand","embeddable":true,"href":"http:\/\/wp-pgs-equipements-adrien-phaneuf.elidevapp1aws.elisys-servers.ca\/fr\/wp-json\/wp\/v2\/brand?post=30715"},{"taxonomy":"product-third-category","embeddable":true,"href":"http:\/\/wp-pgs-equipements-adrien-phaneuf.elidevapp1aws.elisys-servers.ca\/fr\/wp-json\/wp\/v2\/product-third-category?post=30715"}],"curies":[{"name":"wp","href":"https:\/\/api.w.org\/{rel}","templated":true}]}}