{"id":30751,"date":"2020-09-30T11:40:58","date_gmt":"2020-09-30T15:40:58","guid":{"rendered":"http:\/\/wp-pgs-equipements-adrien-phaneuf.elidevapp1aws.elisys-servers.ca\/product\/barre-dattelage-a-3-points-pour-remorquer-categorie-1-caseih-87299226\/"},"modified":"2025-09-30T06:02:09","modified_gmt":"2025-09-30T10:02:09","slug":"barre-dattelage-a-3-points-pour-remorquer-categorie-1-caseih-87299226","status":"publish","type":"product","link":"http:\/\/wp-pgs-equipements-adrien-phaneuf.elidevapp1aws.elisys-servers.ca\/fr\/produit\/barre-dattelage-a-3-points-pour-remorquer-categorie-1-caseih-87299226\/","title":{"rendered":"Barre d&rsquo;attelage \u00e0 3 points pour remorquer Cat\u00e9gorie 1 CASEIH (87299226)"},"content":{"rendered":"<p>Cat\u00e9gorie :\u00a01<\/p>\n<p>Nbre de trous : 7<\/p>\n<p>Espacement du bras d&rsquo;\u00e9l\u00e9vation: 20&Prime;<\/p>\n<p>Diam\u00e8tre du trou: 3\/4&Prime;<\/p>\n<p>Diam\u00e8tre de la goupille : 7\/8&Prime;<\/p>\n<p>\u00c9paisseur : 1&Prime;<\/p>\n<p>Largeur : 2-1\/2&Prime;<\/p>\n","protected":false},"excerpt":{"rendered":"<p>Cat\u00e9gorie :\u00a01 Nbre de trous : 7 Espacement du bras d&rsquo;\u00e9l\u00e9vation: 20&Prime; Diam\u00e8tre du trou: 3\/4&Prime; Diam\u00e8tre de la goupille : 7\/8&Prime; \u00c9paisseur : 1&Prime; Largeur : 2-1\/2&Prime;<\/p>\n","protected":false},"featured_media":30752,"template":"","meta":[],"product-sub-category":[236,260],"brand":[114],"product-third-category":[],"acf":{"product_vendor":"CAS","product_stock_victoriaville":"1","product_stock_upton":"1","product_stock_stclet":"1","product_stock_shefford":"2","product_stock_marieville":"0"},"_links":{"self":[{"href":"http:\/\/wp-pgs-equipements-adrien-phaneuf.elidevapp1aws.elisys-servers.ca\/fr\/wp-json\/wp\/v2\/product\/30751"}],"collection":[{"href":"http:\/\/wp-pgs-equipements-adrien-phaneuf.elidevapp1aws.elisys-servers.ca\/fr\/wp-json\/wp\/v2\/product"}],"about":[{"href":"http:\/\/wp-pgs-equipements-adrien-phaneuf.elidevapp1aws.elisys-servers.ca\/fr\/wp-json\/wp\/v2\/types\/product"}],"wp:featuredmedia":[{"embeddable":true,"href":"http:\/\/wp-pgs-equipements-adrien-phaneuf.elidevapp1aws.elisys-servers.ca\/fr\/wp-json\/wp\/v2\/media\/30752"}],"wp:attachment":[{"href":"http:\/\/wp-pgs-equipements-adrien-phaneuf.elidevapp1aws.elisys-servers.ca\/fr\/wp-json\/wp\/v2\/media?parent=30751"}],"wp:term":[{"taxonomy":"product-sub-category","embeddable":true,"href":"http:\/\/wp-pgs-equipements-adrien-phaneuf.elidevapp1aws.elisys-servers.ca\/fr\/wp-json\/wp\/v2\/product-sub-category?post=30751"},{"taxonomy":"brand","embeddable":true,"href":"http:\/\/wp-pgs-equipements-adrien-phaneuf.elidevapp1aws.elisys-servers.ca\/fr\/wp-json\/wp\/v2\/brand?post=30751"},{"taxonomy":"product-third-category","embeddable":true,"href":"http:\/\/wp-pgs-equipements-adrien-phaneuf.elidevapp1aws.elisys-servers.ca\/fr\/wp-json\/wp\/v2\/product-third-category?post=30751"}],"curies":[{"name":"wp","href":"https:\/\/api.w.org\/{rel}","templated":true}]}}