{"id":30754,"date":"2020-09-30T11:40:58","date_gmt":"2020-09-30T15:40:58","guid":{"rendered":"http:\/\/wp-pgs-equipements-adrien-phaneuf.elidevapp1aws.elisys-servers.ca\/product\/barre-dattelage-a-3-points-pour-remorquer-categorie-1-caseih-87299228\/"},"modified":"2025-09-30T06:02:10","modified_gmt":"2025-09-30T10:02:10","slug":"barre-dattelage-a-3-points-pour-remorquer-categorie-1-caseih-87299228","status":"publish","type":"product","link":"http:\/\/wp-pgs-equipements-adrien-phaneuf.elidevapp1aws.elisys-servers.ca\/fr\/produit\/barre-dattelage-a-3-points-pour-remorquer-categorie-1-caseih-87299228\/","title":{"rendered":"Barre d&rsquo;attelage \u00e0 3 points pour remorquer Cat\u00e9gorie 1 CASEIH (87299228)"},"content":{"rendered":"<p>Cat\u00e9gorie :\u00a01<\/p>\n<p>Nbre de trous :\u00a011<\/p>\n<p>Espacement du bras d&rsquo;\u00e9l\u00e9vation: 26&Prime;<\/p>\n<p>Diam\u00e8tre du trou: 3\/4&Prime;<\/p>\n<p>Diam\u00e8tre de la goupille : 7\/8&Prime;<\/p>\n<p>\u00c9paisseur : 1&Prime;<\/p>\n<p>Largeur : 2-1\/2&Prime;<\/p>\n","protected":false},"excerpt":{"rendered":"<p>Cat\u00e9gorie :\u00a01 Nbre de trous :\u00a011 Espacement du bras d&rsquo;\u00e9l\u00e9vation: 26&Prime; Diam\u00e8tre du trou: 3\/4&Prime; Diam\u00e8tre de la goupille : 7\/8&Prime; \u00c9paisseur : 1&Prime; Largeur : 2-1\/2&Prime;<\/p>\n","protected":false},"featured_media":30755,"template":"","meta":[],"product-sub-category":[236,260],"brand":[114],"product-third-category":[],"acf":{"product_vendor":"CAS","product_stock_victoriaville":"1","product_stock_upton":"1","product_stock_durantaye":"0","product_stock_marieville":"0","product_stock_stclet":"2","product_stock_shefford":"1"},"_links":{"self":[{"href":"http:\/\/wp-pgs-equipements-adrien-phaneuf.elidevapp1aws.elisys-servers.ca\/fr\/wp-json\/wp\/v2\/product\/30754"}],"collection":[{"href":"http:\/\/wp-pgs-equipements-adrien-phaneuf.elidevapp1aws.elisys-servers.ca\/fr\/wp-json\/wp\/v2\/product"}],"about":[{"href":"http:\/\/wp-pgs-equipements-adrien-phaneuf.elidevapp1aws.elisys-servers.ca\/fr\/wp-json\/wp\/v2\/types\/product"}],"wp:featuredmedia":[{"embeddable":true,"href":"http:\/\/wp-pgs-equipements-adrien-phaneuf.elidevapp1aws.elisys-servers.ca\/fr\/wp-json\/wp\/v2\/media\/30755"}],"wp:attachment":[{"href":"http:\/\/wp-pgs-equipements-adrien-phaneuf.elidevapp1aws.elisys-servers.ca\/fr\/wp-json\/wp\/v2\/media?parent=30754"}],"wp:term":[{"taxonomy":"product-sub-category","embeddable":true,"href":"http:\/\/wp-pgs-equipements-adrien-phaneuf.elidevapp1aws.elisys-servers.ca\/fr\/wp-json\/wp\/v2\/product-sub-category?post=30754"},{"taxonomy":"brand","embeddable":true,"href":"http:\/\/wp-pgs-equipements-adrien-phaneuf.elidevapp1aws.elisys-servers.ca\/fr\/wp-json\/wp\/v2\/brand?post=30754"},{"taxonomy":"product-third-category","embeddable":true,"href":"http:\/\/wp-pgs-equipements-adrien-phaneuf.elidevapp1aws.elisys-servers.ca\/fr\/wp-json\/wp\/v2\/product-third-category?post=30754"}],"curies":[{"name":"wp","href":"https:\/\/api.w.org\/{rel}","templated":true}]}}