{"id":30760,"date":"2020-09-30T11:40:58","date_gmt":"2020-09-30T15:40:58","guid":{"rendered":"http:\/\/wp-pgs-equipements-adrien-phaneuf.elidevapp1aws.elisys-servers.ca\/product\/barre-dattelage-a-3-points-pour-remorquer-categorie-2-caseih-87299237\/"},"modified":"2025-09-30T06:02:10","modified_gmt":"2025-09-30T10:02:10","slug":"barre-dattelage-a-3-points-pour-remorquer-categorie-2-caseih-87299237","status":"publish","type":"product","link":"http:\/\/wp-pgs-equipements-adrien-phaneuf.elidevapp1aws.elisys-servers.ca\/fr\/produit\/barre-dattelage-a-3-points-pour-remorquer-categorie-2-caseih-87299237\/","title":{"rendered":"Barre d&rsquo;attelage \u00e0 3 points pour remorquer Cat\u00e9gorie 2 CASEIH (87299237)"},"content":{"rendered":"<p>Cat\u00e9gorie :\u00a02<\/p>\n<p>Nbre de trous :\u00a013<\/p>\n<p>Espacement du bras d&rsquo;\u00e9l\u00e9vation: 32&Prime;<\/p>\n<p>Diam\u00e8tre du trou: 3\/4&Prime;<\/p>\n<p>Diam\u00e8tre de la goupille : 1-1\/8&Prime;<\/p>\n<p>\u00c9paisseur : 1-1\/4&Prime;<\/p>\n<p>Largeur : 3&Prime;<\/p>\n","protected":false},"excerpt":{"rendered":"<p>Cat\u00e9gorie :\u00a02 Nbre de trous :\u00a013 Espacement du bras d&rsquo;\u00e9l\u00e9vation: 32&Prime; Diam\u00e8tre du trou: 3\/4&Prime; Diam\u00e8tre de la goupille : 1-1\/8&Prime; \u00c9paisseur : 1-1\/4&Prime; Largeur : 3&Prime;<\/p>\n","protected":false},"featured_media":30761,"template":"","meta":[],"product-sub-category":[236,260],"brand":[114],"product-third-category":[],"acf":{"product_vendor":"CAS","product_stock_victoriaville":"1","product_stock_shefford":"1","product_stock_upton":"1","product_stock_stclet":"0"},"_links":{"self":[{"href":"http:\/\/wp-pgs-equipements-adrien-phaneuf.elidevapp1aws.elisys-servers.ca\/fr\/wp-json\/wp\/v2\/product\/30760"}],"collection":[{"href":"http:\/\/wp-pgs-equipements-adrien-phaneuf.elidevapp1aws.elisys-servers.ca\/fr\/wp-json\/wp\/v2\/product"}],"about":[{"href":"http:\/\/wp-pgs-equipements-adrien-phaneuf.elidevapp1aws.elisys-servers.ca\/fr\/wp-json\/wp\/v2\/types\/product"}],"wp:featuredmedia":[{"embeddable":true,"href":"http:\/\/wp-pgs-equipements-adrien-phaneuf.elidevapp1aws.elisys-servers.ca\/fr\/wp-json\/wp\/v2\/media\/30761"}],"wp:attachment":[{"href":"http:\/\/wp-pgs-equipements-adrien-phaneuf.elidevapp1aws.elisys-servers.ca\/fr\/wp-json\/wp\/v2\/media?parent=30760"}],"wp:term":[{"taxonomy":"product-sub-category","embeddable":true,"href":"http:\/\/wp-pgs-equipements-adrien-phaneuf.elidevapp1aws.elisys-servers.ca\/fr\/wp-json\/wp\/v2\/product-sub-category?post=30760"},{"taxonomy":"brand","embeddable":true,"href":"http:\/\/wp-pgs-equipements-adrien-phaneuf.elidevapp1aws.elisys-servers.ca\/fr\/wp-json\/wp\/v2\/brand?post=30760"},{"taxonomy":"product-third-category","embeddable":true,"href":"http:\/\/wp-pgs-equipements-adrien-phaneuf.elidevapp1aws.elisys-servers.ca\/fr\/wp-json\/wp\/v2\/product-third-category?post=30760"}],"curies":[{"name":"wp","href":"https:\/\/api.w.org\/{rel}","templated":true}]}}