{"id":30763,"date":"2020-09-30T11:40:58","date_gmt":"2020-09-30T15:40:58","guid":{"rendered":"http:\/\/wp-pgs-equipements-adrien-phaneuf.elidevapp1aws.elisys-servers.ca\/product\/barre-dattelage-a-3-points-pour-remorquer-categorie-3-caseih-87299239\/"},"modified":"2025-01-22T06:01:42","modified_gmt":"2025-01-22T11:01:42","slug":"barre-dattelage-a-3-points-pour-remorquer-categorie-3-caseih-87299239","status":"publish","type":"product","link":"http:\/\/wp-pgs-equipements-adrien-phaneuf.elidevapp1aws.elisys-servers.ca\/fr\/produit\/barre-dattelage-a-3-points-pour-remorquer-categorie-3-caseih-87299239\/","title":{"rendered":"Barre d&rsquo;attelage \u00e0 3 points pour remorquer Cat\u00e9gorie 3 CASEIH (87299239)"},"content":{"rendered":"<p>Cat\u00e9gorie :\u00a03<\/p>\n<p>Nbre de trous :\u00a05<\/p>\n<p>Espacement du bras d&rsquo;\u00e9l\u00e9vation: 38&Prime;<\/p>\n<p>Diam\u00e8tre du trou: 1-1\/4&Prime;<\/p>\n<p>Diam\u00e8tre de la goupille : 1-7\/16&Prime;<\/p>\n<p>\u00c9paisseur : 1-3\/4&Prime;<\/p>\n<p>Largeur : 3-1\/2&Prime;<\/p>\n","protected":false},"excerpt":{"rendered":"<p>Cat\u00e9gorie :\u00a03 Nbre de trous :\u00a05 Espacement du bras d&rsquo;\u00e9l\u00e9vation: 38&Prime; Diam\u00e8tre du trou: 1-1\/4&Prime; Diam\u00e8tre de la goupille : 1-7\/16&Prime; \u00c9paisseur : 1-3\/4&Prime; Largeur : 3-1\/2&Prime;<\/p>\n","protected":false},"featured_media":30764,"template":"","meta":[],"product-sub-category":[236,260],"brand":[114],"product-third-category":[],"acf":{"product_vendor":"CAS","product_stock_victoriaville":"0","product_stock_upton":"1","product_stock_marieville":"","product_stock_shefford":"","product_stock_durantaye":"","product_stock_stematine":"","product_stock_stclet":"","product_stock_huntingdon":"","child_inventory_variation":""},"_links":{"self":[{"href":"http:\/\/wp-pgs-equipements-adrien-phaneuf.elidevapp1aws.elisys-servers.ca\/fr\/wp-json\/wp\/v2\/product\/30763"}],"collection":[{"href":"http:\/\/wp-pgs-equipements-adrien-phaneuf.elidevapp1aws.elisys-servers.ca\/fr\/wp-json\/wp\/v2\/product"}],"about":[{"href":"http:\/\/wp-pgs-equipements-adrien-phaneuf.elidevapp1aws.elisys-servers.ca\/fr\/wp-json\/wp\/v2\/types\/product"}],"wp:featuredmedia":[{"embeddable":true,"href":"http:\/\/wp-pgs-equipements-adrien-phaneuf.elidevapp1aws.elisys-servers.ca\/fr\/wp-json\/wp\/v2\/media\/30764"}],"wp:attachment":[{"href":"http:\/\/wp-pgs-equipements-adrien-phaneuf.elidevapp1aws.elisys-servers.ca\/fr\/wp-json\/wp\/v2\/media?parent=30763"}],"wp:term":[{"taxonomy":"product-sub-category","embeddable":true,"href":"http:\/\/wp-pgs-equipements-adrien-phaneuf.elidevapp1aws.elisys-servers.ca\/fr\/wp-json\/wp\/v2\/product-sub-category?post=30763"},{"taxonomy":"brand","embeddable":true,"href":"http:\/\/wp-pgs-equipements-adrien-phaneuf.elidevapp1aws.elisys-servers.ca\/fr\/wp-json\/wp\/v2\/brand?post=30763"},{"taxonomy":"product-third-category","embeddable":true,"href":"http:\/\/wp-pgs-equipements-adrien-phaneuf.elidevapp1aws.elisys-servers.ca\/fr\/wp-json\/wp\/v2\/product-third-category?post=30763"}],"curies":[{"name":"wp","href":"https:\/\/api.w.org\/{rel}","templated":true}]}}