{"id":30811,"date":"2020-09-30T11:42:08","date_gmt":"2020-09-30T15:42:08","guid":{"rendered":"http:\/\/wp-pgs-equipements-adrien-phaneuf.elidevapp1aws.elisys-servers.ca\/product\/goupille-dattelage-avec-chaine-categorie-1-caseih-87299309\/"},"modified":"2025-09-30T06:02:17","modified_gmt":"2025-09-30T10:02:17","slug":"goupille-dattelage-avec-chaine-categorie-1-caseih-87299309","status":"publish","type":"product","link":"http:\/\/wp-pgs-equipements-adrien-phaneuf.elidevapp1aws.elisys-servers.ca\/fr\/produit\/goupille-dattelage-avec-chaine-categorie-1-caseih-87299309\/","title":{"rendered":"Goupille d&rsquo;attelage avec cha\u00eene Cat\u00e9gorie 1 CASEIH (87299309)"},"content":{"rendered":"<p>Tailles et styles pour les tracteurs de cat\u00e9gories 0 \u00e0 3\u00a0<\/p>\n<p>Bichromate de zinc jaune plaqu\u00e9.<\/p>\n<p>Cat\u00e9gorie: 1<\/p>\n<p>Goupille\u00a0sup\u00e9rieure<\/p>\n<p>Diam\u00e8tre de la tige: 3\/4\u00a0\u00a0\u00bb<\/p>\n<p>Longueur hors tout: 3\u00a0\u00a0\u00bb<\/p>\n<p>Diam\u00e8tre du filetage: 5-1\/4\u00a0\u00ab\u00a0<\/p>\n","protected":false},"excerpt":{"rendered":"<p>Tailles et styles pour les tracteurs de cat\u00e9gories 0 \u00e0 3\u00a0 Bichromate de zinc jaune plaqu\u00e9. Cat\u00e9gorie: 1 Goupille\u00a0sup\u00e9rieure Diam\u00e8tre de la tige: 3\/4\u00a0\u00a0\u00bb Longueur hors tout: 3\u00a0\u00a0\u00bb Diam\u00e8tre du filetage: 5-1\/4\u00a0\u00ab\u00a0<\/p>\n","protected":false},"featured_media":30812,"template":"","meta":[],"product-sub-category":[256,261],"brand":[114],"product-third-category":[],"acf":{"product_vendor":"CAS","product_stock_victoriaville":"2","product_stock_shefford":"0","product_stock_upton":"2","product_stock_durantaye":"2","product_stock_marieville":"1"},"_links":{"self":[{"href":"http:\/\/wp-pgs-equipements-adrien-phaneuf.elidevapp1aws.elisys-servers.ca\/fr\/wp-json\/wp\/v2\/product\/30811"}],"collection":[{"href":"http:\/\/wp-pgs-equipements-adrien-phaneuf.elidevapp1aws.elisys-servers.ca\/fr\/wp-json\/wp\/v2\/product"}],"about":[{"href":"http:\/\/wp-pgs-equipements-adrien-phaneuf.elidevapp1aws.elisys-servers.ca\/fr\/wp-json\/wp\/v2\/types\/product"}],"wp:featuredmedia":[{"embeddable":true,"href":"http:\/\/wp-pgs-equipements-adrien-phaneuf.elidevapp1aws.elisys-servers.ca\/fr\/wp-json\/wp\/v2\/media\/30812"}],"wp:attachment":[{"href":"http:\/\/wp-pgs-equipements-adrien-phaneuf.elidevapp1aws.elisys-servers.ca\/fr\/wp-json\/wp\/v2\/media?parent=30811"}],"wp:term":[{"taxonomy":"product-sub-category","embeddable":true,"href":"http:\/\/wp-pgs-equipements-adrien-phaneuf.elidevapp1aws.elisys-servers.ca\/fr\/wp-json\/wp\/v2\/product-sub-category?post=30811"},{"taxonomy":"brand","embeddable":true,"href":"http:\/\/wp-pgs-equipements-adrien-phaneuf.elidevapp1aws.elisys-servers.ca\/fr\/wp-json\/wp\/v2\/brand?post=30811"},{"taxonomy":"product-third-category","embeddable":true,"href":"http:\/\/wp-pgs-equipements-adrien-phaneuf.elidevapp1aws.elisys-servers.ca\/fr\/wp-json\/wp\/v2\/product-third-category?post=30811"}],"curies":[{"name":"wp","href":"https:\/\/api.w.org\/{rel}","templated":true}]}}