{"id":30838,"date":"2020-09-30T11:42:40","date_gmt":"2020-09-30T15:42:40","guid":{"rendered":"http:\/\/wp-pgs-equipements-adrien-phaneuf.elidevapp1aws.elisys-servers.ca\/product\/goupille-de-verrouillage-pour-remorque-5-8-x-5-1-2-87299352\/"},"modified":"2025-09-30T06:02:22","modified_gmt":"2025-09-30T10:02:22","slug":"goupille-de-verrouillage-pour-remorque-5-8-x-5-1-2-87299352","status":"publish","type":"product","link":"http:\/\/wp-pgs-equipements-adrien-phaneuf.elidevapp1aws.elisys-servers.ca\/fr\/produit\/goupille-de-verrouillage-pour-remorque-5-8-x-5-1-2-87299352\/","title":{"rendered":"Goupille de verrouillage pour remorque 5\/8 x 5 1\/2 (87299352)"},"content":{"rendered":"<p>Comprend clip-pince zingu\u00e9<\/p>\n<p>Diam\u00e8tre:5\/8 \u00a0\u00bb<\/p>\n<p>Longueur:5 1\/2 \u00a0\u00bb<\/p>\n<p>Mat\u00e9riel:Acier trait\u00e9 thermiquement<\/p>\n<p>Type de poign\u00e9e:Couches de plastique rouge<\/p>\n","protected":false},"excerpt":{"rendered":"<p>Comprend clip-pince zingu\u00e9 Diam\u00e8tre:5\/8 \u00a0\u00bb Longueur:5 1\/2 \u00a0\u00bb Mat\u00e9riel:Acier trait\u00e9 thermiquement Type de poign\u00e9e:Couches de plastique rouge<\/p>\n","protected":false},"featured_media":30839,"template":"","meta":[],"product-sub-category":[256],"brand":[111],"product-third-category":[],"acf":{"product_vendor":"CAS","product_stock_victoriaville":"2","product_stock_shefford":"3","product_stock_upton":"2","product_stock_durantaye":"2"},"_links":{"self":[{"href":"http:\/\/wp-pgs-equipements-adrien-phaneuf.elidevapp1aws.elisys-servers.ca\/fr\/wp-json\/wp\/v2\/product\/30838"}],"collection":[{"href":"http:\/\/wp-pgs-equipements-adrien-phaneuf.elidevapp1aws.elisys-servers.ca\/fr\/wp-json\/wp\/v2\/product"}],"about":[{"href":"http:\/\/wp-pgs-equipements-adrien-phaneuf.elidevapp1aws.elisys-servers.ca\/fr\/wp-json\/wp\/v2\/types\/product"}],"wp:featuredmedia":[{"embeddable":true,"href":"http:\/\/wp-pgs-equipements-adrien-phaneuf.elidevapp1aws.elisys-servers.ca\/fr\/wp-json\/wp\/v2\/media\/30839"}],"wp:attachment":[{"href":"http:\/\/wp-pgs-equipements-adrien-phaneuf.elidevapp1aws.elisys-servers.ca\/fr\/wp-json\/wp\/v2\/media?parent=30838"}],"wp:term":[{"taxonomy":"product-sub-category","embeddable":true,"href":"http:\/\/wp-pgs-equipements-adrien-phaneuf.elidevapp1aws.elisys-servers.ca\/fr\/wp-json\/wp\/v2\/product-sub-category?post=30838"},{"taxonomy":"brand","embeddable":true,"href":"http:\/\/wp-pgs-equipements-adrien-phaneuf.elidevapp1aws.elisys-servers.ca\/fr\/wp-json\/wp\/v2\/brand?post=30838"},{"taxonomy":"product-third-category","embeddable":true,"href":"http:\/\/wp-pgs-equipements-adrien-phaneuf.elidevapp1aws.elisys-servers.ca\/fr\/wp-json\/wp\/v2\/product-third-category?post=30838"}],"curies":[{"name":"wp","href":"https:\/\/api.w.org\/{rel}","templated":true}]}}