{"id":30856,"date":"2020-09-30T11:43:05","date_gmt":"2020-09-30T15:43:05","guid":{"rendered":"http:\/\/wp-pgs-equipements-adrien-phaneuf.elidevapp1aws.elisys-servers.ca\/product\/goupille-de-verrouillage-pour-remorque-1-1-2-x-8-1-2-87299367\/"},"modified":"2025-09-30T06:02:25","modified_gmt":"2025-09-30T10:02:25","slug":"goupille-de-verrouillage-pour-remorque-1-1-2-x-8-1-2-87299367","status":"publish","type":"product","link":"http:\/\/wp-pgs-equipements-adrien-phaneuf.elidevapp1aws.elisys-servers.ca\/fr\/produit\/goupille-de-verrouillage-pour-remorque-1-1-2-x-8-1-2-87299367\/","title":{"rendered":"Goupille de verrouillage pour remorque 1 1\/2 x 8 1\/2 (87299367)"},"content":{"rendered":"<p>Comprend clip-pince zingu\u00e9<\/p>\n<p>Diam\u00e8tre:\u00a01 1\/2 \u00a0\u00bb<\/p>\n<p>Longueur: 8 1\/2 \u00a0\u00bb<\/p>\n<p>Mat\u00e9riel:Acier trait\u00e9 thermiquement<\/p>\n<p>Type de poign\u00e9e:Couches de plastique rouge<\/p>\n","protected":false},"excerpt":{"rendered":"<p>Comprend clip-pince zingu\u00e9 Diam\u00e8tre:\u00a01 1\/2 \u00a0\u00bb Longueur: 8 1\/2 \u00a0\u00bb Mat\u00e9riel:Acier trait\u00e9 thermiquement Type de poign\u00e9e:Couches de plastique rouge<\/p>\n","protected":false},"featured_media":30857,"template":"","meta":[],"product-sub-category":[256],"brand":[111],"product-third-category":[],"acf":{"product_vendor":"CAS","product_stock_victoriaville":"1","product_stock_shefford":"3","product_stock_upton":"2","product_stock_durantaye":"1"},"_links":{"self":[{"href":"http:\/\/wp-pgs-equipements-adrien-phaneuf.elidevapp1aws.elisys-servers.ca\/fr\/wp-json\/wp\/v2\/product\/30856"}],"collection":[{"href":"http:\/\/wp-pgs-equipements-adrien-phaneuf.elidevapp1aws.elisys-servers.ca\/fr\/wp-json\/wp\/v2\/product"}],"about":[{"href":"http:\/\/wp-pgs-equipements-adrien-phaneuf.elidevapp1aws.elisys-servers.ca\/fr\/wp-json\/wp\/v2\/types\/product"}],"wp:featuredmedia":[{"embeddable":true,"href":"http:\/\/wp-pgs-equipements-adrien-phaneuf.elidevapp1aws.elisys-servers.ca\/fr\/wp-json\/wp\/v2\/media\/30857"}],"wp:attachment":[{"href":"http:\/\/wp-pgs-equipements-adrien-phaneuf.elidevapp1aws.elisys-servers.ca\/fr\/wp-json\/wp\/v2\/media?parent=30856"}],"wp:term":[{"taxonomy":"product-sub-category","embeddable":true,"href":"http:\/\/wp-pgs-equipements-adrien-phaneuf.elidevapp1aws.elisys-servers.ca\/fr\/wp-json\/wp\/v2\/product-sub-category?post=30856"},{"taxonomy":"brand","embeddable":true,"href":"http:\/\/wp-pgs-equipements-adrien-phaneuf.elidevapp1aws.elisys-servers.ca\/fr\/wp-json\/wp\/v2\/brand?post=30856"},{"taxonomy":"product-third-category","embeddable":true,"href":"http:\/\/wp-pgs-equipements-adrien-phaneuf.elidevapp1aws.elisys-servers.ca\/fr\/wp-json\/wp\/v2\/product-third-category?post=30856"}],"curies":[{"name":"wp","href":"https:\/\/api.w.org\/{rel}","templated":true}]}}